{"id":1884,"date":"2019-10-21T17:00:47","date_gmt":"2019-10-21T17:00:47","guid":{"rendered":"https:\/\/www.freebetsinfo.co.uk\/ca-cuoc-greyhound\/"},"modified":"2021-07-01T15:00:22","modified_gmt":"2021-07-01T15:00:22","slug":"ca-cuoc-cho-san","status":"publish","type":"page","link":"https:\/\/www.freebetsinfo.co.uk\/vi\/ca-cuoc-cho-san\/","title":{"rendered":"C\u01b0\u1ee3c Greyhound"},"content":{"rendered":"<h2><span style=\"color: #999999;\"><a style=\"color: #999999;\" href=\"https:\/\/www.freebetsinfo.co.uk\/vi\/ca-cuoc-cho-san\/\">C\u01b0\u1ee3c Greyhound<\/a> &#8211; Ch\u00fang ho\u1ea1t \u0111\u1ed9ng nh\u01b0 th\u1ebf n\u00e0o?<\/span><\/h2>\n<p><span style=\"color: #999999;\">Kh\u00f4ng gi\u1ed1ng nh\u01b0 \u0111ua ng\u1ef1a, m\u1ed7i v\u00e0 m\u1ecdi cu\u1ed9c \u0111ua ch\u00f3 s\u0103n \u0111\u1ec1u c\u00f3 s\u1ed1 l\u01b0\u1ee3ng c\u1ea1nh tranh nh\u1ea5t \u0111\u1ecbnh. L\u00fd do l\u00e0 thi\u1ebft b\u1ecb theo d\u00f5i ch\u00f3 c\u01b0ng nh\u1ecf h\u01a1n nhi\u1ec1u so v\u1edbi \u0111\u01b0\u1eddng \u0111ua, v\u00e0 m\u1ed7i<a style=\"color: #999999;\" href=\"https:\/\/www.freebetsinfo.co.uk\/vi\/ca-cuoc-cho-san\/\"> C\u01b0\u1ee3c Greyhound<\/a> cu\u1ed9c \u0111ua v\u00e0o m\u1ed9t trong s\u00e1u &#8216;b\u1eaby&#8217; &#8211; s\u1ea3n ph\u1ea9m m\u00f9a xu\u00e2n m\u1edf ra v\u00ec &#8216;<a style=\"color: #999999;\" href=\"https:\/\/www.freebetsinfo.co.uk\/vi\/ca-cuoc-cho-san\/\"> C\u01b0\u1ee3c Greyhound<\/a> &#8216;(th\u01b0\u1eddng l\u00e0 \u0111\u01b0\u1eddng ch\u1ea1y n\u1ed9i b\u1ed9 d\u00e0nh cho ch\u00f3) \u0111\u01b0\u1ee3c th\u1ea3 v\u00e0 t\u0103ng t\u1ed1c sau \u0111\u00f3.<\/span><\/p>\n<h3><span style=\"color: #999999;\">Ngo\u00e0i ra, tr\u00e1i ng\u01b0\u1ee3c v\u1edbi \u0111ua ng\u1ef1a \u00f4 t\u00f4, m\u1ed7i lo\u00e0i ch\u00f3 kh\u00f4ng c\u00f3 danh s\u00e1ch c\u00e1c s\u1eafc th\u00e1i c\u1ee5 th\u1ec3 c\u1ee7a ri\u00eang n\u00f3. <\/span><\/h3>\n<p><span style=\"color: #999999;\">Thay v\u00e0o \u0111\u00f3, con ch\u00f3 trong b\u1eaby c\u1ee7a b\u1ea1n s\u1ebd m\u1eb7c m\u1ed9t chi\u1ebfc \u00e1o kho\u00e1c m\u00e0u \u0111\u1ecf, v\u00e0 con v\u1eadt c\u01b0ng trong b\u1eaby hai s\u1ebd m\u1eb7c m\u1ed9t chi\u1ebfc \u00e1o kho\u00e1c m\u00e0u xanh nh\u1ea1t, v.v.<strong> T\u1ed5ng s\u1ed1 m\u00e0u b\u1eaby nh\u01b0 sau:<\/strong><\/span><\/p>\n<ul>\n<li><span style=\"color: #999999;\">TRAP 1 &#8211; \u0110\u1ece<\/span><\/li>\n<li><span style=\"color: #999999;\">TRAP 2 &#8211; M\u00e0u xanh lam nh\u1ea1t<\/span><\/li>\n<li><span style=\"color: #999999;\">Snare 3 &#8211; M\u00e0u tr\u1eafng<\/span><\/li>\n<li><span style=\"color: #999999;\">TRAP 4 &#8211; \u0110EN<\/span><\/li>\n<li><span style=\"color: #999999;\">Snare 5 &#8211; ORANGE<\/span><\/li>\n<li><span style=\"color: #999999;\">TRAP 6 &#8211; D\u00c2Y \u0110EN \/ TR\u1eaeNG<\/span><\/li>\n<\/ul>\n<p><span style=\"color: #999999;\">\u0110\u00f4i khi c\u00f3 th\u1ec3 c\u00f3 b\u1eaby b\u1ea3y c\u0169ng nh\u01b0 b\u1eaby t\u00e1m. Trong nh\u1eefng tr\u01b0\u1eddng h\u1ee3p n\u00e0y, ch\u00f3 s\u0103n x\u00e1m \u1edf b\u1eaby s\u1ed1 b\u1ea3y s\u1ebd s\u1eed d\u1ee5ng m\u1ed9t b\u1ed9 l\u00f4ng th\u00e2n thi\u1ec7n v\u1edbi m\u00f4i tr\u01b0\u1eddng, trong khi ch\u00f3 s\u0103n b\u1eaby s\u1ed1 t\u00e1m s\u1ebd s\u1eed d\u1ee5ng b\u1ed9 l\u00f4ng m\u00e0u v\u00e0ng v\u00e0 \u0111en.<\/span><\/p>\n<p><span style=\"color: #999999;\"><a style=\"color: #999999;\" href=\"https:\/\/www.freebetsinfo.co.uk\/vi\/ca-cuoc-cho-san\/\">C\u01b0\u1ee3c Greyhound<\/a> C\u00e1c cu\u1ed9c \u0111ua th\u01b0\u1eddng k\u00e9o d\u00e0i tr\u00ean b\u1ed1n tr\u0103m m\u00e9t. Nh\u1eefng ch\u00fa ch\u00f3 con t\u1ed1t nh\u1ea5t s\u1ebd c\u00f3 th\u1ec3 v\u01b0\u1ee3t qua kho\u1ea3ng c\u00e1ch n\u00e0y trong v\u00f2ng ch\u01b0a \u0111\u1ea7y 25 gi\u00e2y. Trong th\u1eddi gian d\u00e0i h\u01a1n, c\u00e1c cu\u1ed9c \u0111ua s\u1ebd bao g\u1ed3m n\u0103m tr\u0103m b\u1ea3y m\u01b0\u01a1i l\u0103m m\u00e9t, trong \u0111\u00f3 nh\u1eefng con ch\u00f3 t\u1ed1t nh\u1ea5t n\u00ean ch\u1ea1y trong v\u00f2ng ch\u01b0a \u0111\u1ea7y ba m\u01b0\u01a1i s\u00e1u gi\u00e2y.<\/span><\/p>\n<h3><span style=\"color: #999999;\"><a style=\"color: #999999;\" href=\"https:\/\/www.freebetsinfo.co.uk\/vi\/ca-cuoc-cho-san\/\">C\u01b0\u1ee3c Greyhound<\/a> C\u00e1c lo\u1ea1i c\u01b0\u1ee3c Greyhound ph\u1ed5 bi\u1ebfn nh\u1ea5t l\u00e0 g\u00ec?<\/span><\/h3>\n<p><span style=\"color: #999999;\">Gi\u1ed1ng nh\u01b0 \u0111ua ng\u1ef1a, c\u00f3 m\u1ed9t s\u1ed1 lo\u1ea1i \u0111\u1eb7t c\u01b0\u1ee3c m\u00e0 b\u1ea1n c\u00f3 th\u1ec3 \u0111\u1eb7t, nh\u01b0 sau:<\/span><\/p>\n<p><span style=\"color: #999999;\"><strong>Victor<\/strong><\/span><\/p>\n<p><span style=\"color: #999999;\">T\u00f9y ch\u1ecdn d\u1ec5 nh\u1ea5t trong to\u00e0n b\u1ed9 l\u00f4. B\u1ea1n \u0111\u1eb7t ti\u1ec1n c\u01b0\u1ee3c c\u1ee7a m\u00ecnh v\u00e0o con ch\u00f3 \u0111\u00e3 ch\u1ecdn \u0111\u1ec3 th\u00e0nh c\u00f4ng cu\u1ed9c \u0111ua, theo t\u1ef7 l\u1ec7 c\u01b0\u1ee3c \u0111\u01b0\u1ee3c cung c\u1ea5p cho con ch\u00f3 th\u00e0nh c\u00f4ng.<\/span><\/p>\n<p><span style=\"color: #999999;\"><strong>\u0110\u1ecba \u0111i\u1ec3m<\/strong><\/span><\/p>\n<p><span style=\"color: #999999;\">\u0110\u00f3 l\u00e0 m\u1ed9t cu\u1ed9c c\u00e1 c\u01b0\u1ee3c m\u00e0 b\u1ea1n \u0111\u1eb7t v\u1edbi k\u1ef3 v\u1ecdng r\u1eb1ng ch\u00f3 s\u1ebd ho\u00e0n th\u00e0nh \u0111\u1ea7u ti\u00ean ho\u1eb7c th\u1ee9 hai. B\u1ea1n s\u1ebd nh\u1eadn \u0111\u01b0\u1ee3c t\u1ef7 l\u1ec7 c\u01b0\u1ee3c gi\u1ea3m h\u01a1n so v\u1edbi n\u1ebfu b\u1ea1n t\u1ef1 ch\u1ecdn con ch\u00f3 c\u1ee7a m\u00ecnh \u0111\u1ec3 th\u00e0nh c\u00f4ng. V\u00ed d\u1ee5, m\u1ed9t con ch\u00f3 c\u01b0ng l\u00e0 5\/1 (6,00) \u0111\u1ec3 th\u00e0nh c\u00f4ng c\u00f3 th\u1ec3 l\u00e0 9\/4 (3,25) \u0111\u1ec3 \u0111\u1eb7t. H\u1ea7u h\u1ebft c\u00e1c nh\u00e0 c\u00e1i th\u1eadm ch\u00ed s\u1ebd \u0111\u01b0a ra kh\u1ea3 n\u0103ng \u0111\u1eb7t c\u01b0\u1ee3c r\u1eb1ng con ch\u00f3 s\u1ebd ho\u00e0n th\u00e0nh \u1edf v\u1ecb tr\u00ed d\u1eabn \u0111\u1ea7u trong m\u1ed9t s\u1ed1 l\u0129nh v\u1ef1c, nh\u01b0ng t\u1ef7 l\u1ec7 c\u01b0\u1ee3c th\u1eadm ch\u00ed c\u00f2n t\u1ec7 h\u01a1n &#8211; trong h\u00ecnh minh h\u1ecda \u1edf tr\u00ean, c\u00f9ng m\u1ed9t con ch\u00f3 c\u00f3 th\u1ec3 s\u1ebd c\u00f3 t\u1ef7 l\u1ec7 c\u01b0\u1ee3c th\u1eadm ch\u00ed c\u00f2n k\u00e9m h\u1ea5p d\u1eabn h\u01a1n.<\/span><\/p>\n<p><span style=\"color: #999999;\"><strong>M\u1ecdi c\u00e1ch<\/strong><\/span><\/p>\n<p><span style=\"color: #999999;\">C\u01b0\u1ee3c n\u00e0y l\u00e0 hai c\u01b0\u1ee3c trong m\u1ed9t &#8211; c\u01b0\u1ee3c ki\u1ebfm ti\u1ec1n c\u00f9ng v\u1edbi c\u01b0\u1ee3c \u0111\u1ecba \u0111i\u1ec3m. Cu\u1ed1i c\u00f9ng, b\u1ea1n \u0111ang \u0111\u00e1nh c\u01b0\u1ee3c r\u1eb1ng con v\u1eadt c\u01b0ng s\u1ebd k\u1ebft th\u00fac \u1edf \u00edt nh\u1ea5t m\u1ed9t \u0111\u1ecba \u0111i\u1ec3m, tuy nhi\u00ean, b\u1ea1n s\u1ebd nh\u1eadn \u0111\u01b0\u1ee3c nhi\u1ec1u l\u1ee3i nhu\u1eadn h\u01a1n l\u00e0 t\u00f9y ch\u1ecdn t\u1ea1i ch\u1ed7 n\u1ebfu con ch\u00f3 c\u1ee7a b\u1ea1n th\u1eafng. N\u1ebfu ch\u00f3 c\u1ee7a b\u1ea1n kh\u00f4ng th\u00e0nh c\u00f4ng nh\u01b0ng ho\u00e0n th\u00e0nh b\u00ean trong c\u00e1c khu v\u1ef1c, th\u00ec b\u1ea1n s\u1ebd v\u1eabn th\u1ea5y m\u1ed9t s\u1ed1 con quay tr\u1edf l\u1ea1i. R\u00f5 r\u00e0ng, n\u1ebfu ch\u00fa ch\u00f3 s\u0103n m\u00e0 b\u1ea1n \u0111\u00e3 ch\u1ecdn ki\u1ebfm \u0111\u01b0\u1ee3c ti\u1ec1n th\u00ec c\u1ea3 hai c\u01b0\u1ee3c \u0111\u1ec1u th\u1eafng. T\u00f9y ch\u1ecdn m\u1ed7i c\u00e1ch c\u00f3 gi\u00e1 cao g\u1ea5p \u0111\u00f4i so v\u1edbi t\u00f9y ch\u1ecdn th\u00e0nh c\u00f4ng ho\u1eb7c t\u00f9y ch\u1ecdn v\u1ecb tr\u00ed.<\/span><\/p>\n<p><span style=\"color: #999999;\"><strong>Trio ho\u1eb7c Trifecta<\/strong><\/span><\/p>\n<p><span style=\"color: #999999;\">M\u1ed9t b\u1ed9 ba &#8211; nh\u01b0 b\u1ea1n c\u00f3 th\u1ec3 suy \u0111o\u00e1n &#8211; d\u1ef1 \u0111o\u00e1n nh\u1eefng con ch\u00f3 c\u01b0ng s\u1ebd ho\u00e0n th\u00e0nh h\u1ea1ng nh\u1ea5t, h\u1ea1ng ba v\u00e0 h\u1ea1ng nh\u00ec. B\u1ea1n s\u1ebd nh\u1eadn \u0111\u01b0\u1ee3c t\u1ef7 l\u1ec7 c\u01b0\u1ee3c \u0111\u00e1ng k\u1ec3 khi b\u1ea1n \u0111\u1eb7t c\u01b0\u1ee3c b\u1ed9 ba, nh\u01b0ng \u0111\u1ec3 c\u00f3 nh\u1eefng ch\u00fa ch\u00f3 con b\u00ean trong mua \u0111\u00fang l\u00e0 c\u1ef1c k\u1ef3 kh\u00f3 kh\u0103n. H\u1ecd ph\u1ea3i k\u1ebft th\u00fac ch\u00ednh x\u00e1c theo th\u1ee9 t\u1ef1 m\u00e0 b\u1ea1n d\u1ef1 \u0111o\u00e1n.<\/span><\/p>\n<h3><span style=\"color: #999999;\">T\u1ea5t c\u1ea3 c\u00e1c ph\u01b0\u01a1ng ph\u00e1p ho\u1eb7c b\u1ed9 ba h\u1ed7n h\u1ee3p<\/span><\/h3>\n<p><span style=\"color: #999999;\">Gi\u1ed1ng nh\u01b0 m\u1ed9t b\u1ed9 ba, nh\u01b0ng b\u1ea1n \u0111ang gi\u1ea3i quy\u1ebft 3 con ch\u00f3 c\u01b0ng \u0111\u1ec3 k\u1ebft th\u00fac \u1edf ba v\u1ecb tr\u00ed h\u00e0ng \u0111\u1ea7u trong h\u1ea7u h\u1ebft m\u1ecdi l\u1ea7n mua. \u0110\u00e2y c\u00f3 th\u1ec3 l\u00e0 6 c\u01b0\u1ee3c, do \u0111\u00f3, gi\u00e1 cao h\u01a1n s\u00e1u l\u1ea7n khi so s\u00e1nh v\u1edbi c\u01b0\u1ee3c d\u1ef1 b\u00e1o th\u00f4ng th\u01b0\u1eddng. 6 y\u00eau c\u1ea7u kh\u1ea3 thi l\u00e0 CAB, ABC, BAC, CBA, ACB v\u00e0 BCA.<\/span><\/p>\n<p><span style=\"color: #999999;\"><strong>Hai t\u1eeb ba<\/strong><\/span><\/p>\n<p><span style=\"color: #999999;\">Ch\u1ecdn m\u1ed9t v\u00e0i con ch\u00f3 s\u0103n x\u00e1m c\u00f3 hai con b\u1ea5t k\u1ef3 v\u1ec1 \u0111\u00edch \u1edf hai v\u1ecb tr\u00ed ban \u0111\u1ea7u \u0111\u1eb7t c\u01b0\u1ee3c th\u00e0nh c\u00f4ng. \u0110\u00e2y c\u00f3 th\u1ec3 l\u00e0 6 c\u01b0\u1ee3c trong m\u1ed9t, v\u00ec b\u1ea1n \u0111ang bao g\u1ed3m t\u1eebng ho\u00e1n v\u1ecb kh\u1ea3 thi nh\u01b0 trong danh s\u00e1ch tr\u00ean trong t\u00f9y ch\u1ecdn &#8216;B\u1ed9 ba k\u1ef9 thu\u1eadt&#8217;.<\/span><\/p>\n","protected":false},"excerpt":{"rendered":"C\u01b0\u1ee3c Greyhound &#8211; Ch\u00fang ho\u1ea1t \u0111\u1ed9ng nh\u01b0 th\u1ebf n\u00e0o? Kh\u00f4ng gi\u1ed1ng nh\u01b0 \u0111ua ng\u1ef1a, m\u1ed7i v\u00e0 m\u1ecdi cu\u1ed9c \u0111ua ch\u00f3 s\u0103n \u0111\u1ec1u c\u00f3 s\u1ed1 l\u01b0\u1ee3ng c\u1ea1nh tranh nh\u1ea5t \u0111\u1ecbnh. L\u00fd do l\u00e0 thi\u1ebft b\u1ecb theo d\u00f5i ch\u00f3 c\u01b0ng nh\u1ecf h\u01a1n nhi\u1ec1u so v\u1edbi \u0111\u01b0\u1eddng \u0111ua, v\u00e0 m\u1ed7i C\u01b0\u1ee3c Greyhound cu\u1ed9c \u0111ua v\u00e0o m\u1ed9t trong s\u00e1u&#8230; <a class=\"view-article\" href=\"https:\/\/www.freebetsinfo.co.uk\/vi\/ca-cuoc-cho-san\/\">View Article<\/a>","protected":false},"author":1,"featured_media":0,"parent":0,"menu_order":0,"comment_status":"closed","ping_status":"closed","template":"","meta":{"_uag_custom_page_level_css":"","footnotes":""},"class_list":["post-1884","page","type-page","status-publish","hentry"],"yoast_head":"<!-- This site is optimized with the Yoast SEO Premium plugin v19.5 (Yoast SEO v27.5) - https:\/\/yoast.com\/product\/yoast-seo-premium-wordpress\/ -->\n<title>C\u01b0\u1ee3c Greyhound t\u1eadn d\u1ee5ng c\u00e1c ph\u1ea7n th\u01b0\u1edfng \u0111\u1ed9c \u0111\u00e1o<\/title>\n<meta name=\"description\" content=\"C\u01b0\u1ee3c Greyhound Trang web c\u1ee7a nh\u00e0 c\u00e1i. Nh\u00e0 c\u00e1i c\u00e1 c\u01b0\u1ee3c tr\u1ef1c tuy\u1ebfn t\u1ed1t nh\u1ea5t. Kh\u00f4ng c\u00f3 ti\u1ec1n th\u01b0\u1edfng ti\u1ec1n g\u1eedi. Ph\u1ea7n th\u01b0\u1edfng \u0111\u0103ng k\u00fd kh\u00e1ch h\u00e0ng m\u1edbi.\" \/>\n<meta name=\"robots\" content=\"index, follow, max-snippet:-1, max-image-preview:large, max-video-preview:-1\" \/>\n<link rel=\"canonical\" href=\"https:\/\/www.freebetsinfo.co.uk\/vi\/ca-cuoc-cho-san\/\" \/>\n<meta property=\"og:locale\" content=\"vi_VN\" \/>\n<meta property=\"og:type\" content=\"article\" \/>\n<meta property=\"og:title\" content=\"C\u01b0\u1ee3c Greyhound\" \/>\n<meta property=\"og:description\" content=\"C\u01b0\u1ee3c Greyhound Trang web c\u1ee7a nh\u00e0 c\u00e1i. Nh\u00e0 c\u00e1i c\u00e1 c\u01b0\u1ee3c tr\u1ef1c tuy\u1ebfn t\u1ed1t nh\u1ea5t. Kh\u00f4ng c\u00f3 ti\u1ec1n th\u01b0\u1edfng ti\u1ec1n g\u1eedi. Ph\u1ea7n th\u01b0\u1edfng \u0111\u0103ng k\u00fd kh\u00e1ch h\u00e0ng m\u1edbi.\" \/>\n<meta property=\"og:url\" content=\"https:\/\/www.freebetsinfo.co.uk\/vi\/ca-cuoc-cho-san\/\" \/>\n<meta property=\"og:site_name\" content=\"Mi\u1ec5n ph\u00ed C\u01b0\u1ee3c, tr\u1ef1c Tuy\u1ebfn C\u01b0\u1ee3c th\u00f4ng tin c\u00e1 C\u01b0\u1ee3c\" \/>\n<meta property=\"article:modified_time\" content=\"2021-07-01T15:00:22+00:00\" \/>\n<meta name=\"twitter:card\" content=\"summary_large_image\" \/>\n<meta name=\"twitter:label1\" content=\"Est. reading time\" \/>\n\t<meta name=\"twitter:data1\" content=\"6 minutes\" \/>\n<script type=\"application\/ld+json\" class=\"yoast-schema-graph\">{\"@context\":\"https:\\\/\\\/schema.org\",\"@graph\":[{\"@type\":\"WebPage\",\"@id\":\"https:\\\/\\\/www.freebetsinfo.co.uk\\\/vi\\\/ca-cuoc-cho-san\\\/\",\"url\":\"https:\\\/\\\/www.freebetsinfo.co.uk\\\/vi\\\/ca-cuoc-cho-san\\\/\",\"name\":\"C\u01b0\u1ee3c Greyhound t\u1eadn d\u1ee5ng c\u00e1c ph\u1ea7n th\u01b0\u1edfng \u0111\u1ed9c \u0111\u00e1o\",\"isPartOf\":{\"@id\":\"https:\\\/\\\/www.freebetsinfo.co.uk\\\/vi\\\/#website\"},\"datePublished\":\"2019-10-21T17:00:47+00:00\",\"dateModified\":\"2021-07-01T15:00:22+00:00\",\"description\":\"C\u01b0\u1ee3c Greyhound Trang web c\u1ee7a nh\u00e0 c\u00e1i. Nh\u00e0 c\u00e1i c\u00e1 c\u01b0\u1ee3c tr\u1ef1c tuy\u1ebfn t\u1ed1t nh\u1ea5t. Kh\u00f4ng c\u00f3 ti\u1ec1n th\u01b0\u1edfng ti\u1ec1n g\u1eedi. Ph\u1ea7n th\u01b0\u1edfng \u0111\u0103ng k\u00fd kh\u00e1ch h\u00e0ng m\u1edbi.\",\"breadcrumb\":{\"@id\":\"https:\\\/\\\/www.freebetsinfo.co.uk\\\/vi\\\/ca-cuoc-cho-san\\\/#breadcrumb\"},\"inLanguage\":\"vi-VN\",\"potentialAction\":[{\"@type\":\"ReadAction\",\"target\":[\"https:\\\/\\\/www.freebetsinfo.co.uk\\\/vi\\\/ca-cuoc-cho-san\\\/\"]}]},{\"@type\":\"BreadcrumbList\",\"@id\":\"https:\\\/\\\/www.freebetsinfo.co.uk\\\/vi\\\/ca-cuoc-cho-san\\\/#breadcrumb\",\"itemListElement\":[{\"@type\":\"ListItem\",\"position\":1,\"name\":\"Home\",\"item\":\"https:\\\/\\\/www.freebetsinfo.co.uk\\\/vi\\\/\"},{\"@type\":\"ListItem\",\"position\":2,\"name\":\"C\u01b0\u1ee3c Greyhound\"}]},{\"@type\":\"WebSite\",\"@id\":\"https:\\\/\\\/www.freebetsinfo.co.uk\\\/vi\\\/#website\",\"url\":\"https:\\\/\\\/www.freebetsinfo.co.uk\\\/vi\\\/\",\"name\":\"Mi\u1ec5n ph\u00ed C\u01b0\u1ee3c, tr\u1ef1c Tuy\u1ebfn C\u01b0\u1ee3c th\u00f4ng tin c\u00e1 C\u01b0\u1ee3c\",\"description\":\"T\u1ed1t nh\u1ea5t c\u00e1 C\u01b0\u1ee3c tr\u1ef1c Tuy\u1ebfn v\u00e0 Casino Kh\u00f4ng c\u00f3 Ti\u1ec1n Th\u01b0\u1edfng M\u00e3! \u2705Tr\u1ef1c Tuy\u1ebfn H\u00e0ng \u0110\u1ea7u Trang Web \u0110\u1eb7t C\u01b0\u1ee3c Gi\u00e1, \u2705T\u1ed1t Nh\u1ea5t S\u00f2ng B\u1ea1c Tr\u1ef1c Tuy\u1ebfn Ti\u1ec1n Th\u01b0\u1edfng!\",\"potentialAction\":[{\"@type\":\"SearchAction\",\"target\":{\"@type\":\"EntryPoint\",\"urlTemplate\":\"https:\\\/\\\/www.freebetsinfo.co.uk\\\/vi\\\/?s={search_term_string}\"},\"query-input\":{\"@type\":\"PropertyValueSpecification\",\"valueRequired\":true,\"valueName\":\"search_term_string\"}}],\"inLanguage\":\"vi-VN\"}]}<\/script>\n<!-- \/ Yoast SEO Premium plugin. -->","yoast_head_json":{"title":"C\u01b0\u1ee3c Greyhound t\u1eadn d\u1ee5ng c\u00e1c ph\u1ea7n th\u01b0\u1edfng \u0111\u1ed9c \u0111\u00e1o","description":"C\u01b0\u1ee3c Greyhound Trang web c\u1ee7a nh\u00e0 c\u00e1i. Nh\u00e0 c\u00e1i c\u00e1 c\u01b0\u1ee3c tr\u1ef1c tuy\u1ebfn t\u1ed1t nh\u1ea5t. Kh\u00f4ng c\u00f3 ti\u1ec1n th\u01b0\u1edfng ti\u1ec1n g\u1eedi. Ph\u1ea7n th\u01b0\u1edfng \u0111\u0103ng k\u00fd kh\u00e1ch h\u00e0ng m\u1edbi.","robots":{"index":"index","follow":"follow","max-snippet":"max-snippet:-1","max-image-preview":"max-image-preview:large","max-video-preview":"max-video-preview:-1"},"canonical":"https:\/\/www.freebetsinfo.co.uk\/vi\/ca-cuoc-cho-san\/","og_locale":"vi_VN","og_type":"article","og_title":"C\u01b0\u1ee3c Greyhound","og_description":"C\u01b0\u1ee3c Greyhound Trang web c\u1ee7a nh\u00e0 c\u00e1i. Nh\u00e0 c\u00e1i c\u00e1 c\u01b0\u1ee3c tr\u1ef1c tuy\u1ebfn t\u1ed1t nh\u1ea5t. Kh\u00f4ng c\u00f3 ti\u1ec1n th\u01b0\u1edfng ti\u1ec1n g\u1eedi. Ph\u1ea7n th\u01b0\u1edfng \u0111\u0103ng k\u00fd kh\u00e1ch h\u00e0ng m\u1edbi.","og_url":"https:\/\/www.freebetsinfo.co.uk\/vi\/ca-cuoc-cho-san\/","og_site_name":"Mi\u1ec5n ph\u00ed C\u01b0\u1ee3c, tr\u1ef1c Tuy\u1ebfn C\u01b0\u1ee3c th\u00f4ng tin c\u00e1 C\u01b0\u1ee3c","article_modified_time":"2021-07-01T15:00:22+00:00","twitter_card":"summary_large_image","twitter_misc":{"Est. reading time":"6 minutes"},"schema":{"@context":"https:\/\/schema.org","@graph":[{"@type":"WebPage","@id":"https:\/\/www.freebetsinfo.co.uk\/vi\/ca-cuoc-cho-san\/","url":"https:\/\/www.freebetsinfo.co.uk\/vi\/ca-cuoc-cho-san\/","name":"C\u01b0\u1ee3c Greyhound t\u1eadn d\u1ee5ng c\u00e1c ph\u1ea7n th\u01b0\u1edfng \u0111\u1ed9c \u0111\u00e1o","isPartOf":{"@id":"https:\/\/www.freebetsinfo.co.uk\/vi\/#website"},"datePublished":"2019-10-21T17:00:47+00:00","dateModified":"2021-07-01T15:00:22+00:00","description":"C\u01b0\u1ee3c Greyhound Trang web c\u1ee7a nh\u00e0 c\u00e1i. Nh\u00e0 c\u00e1i c\u00e1 c\u01b0\u1ee3c tr\u1ef1c tuy\u1ebfn t\u1ed1t nh\u1ea5t. Kh\u00f4ng c\u00f3 ti\u1ec1n th\u01b0\u1edfng ti\u1ec1n g\u1eedi. Ph\u1ea7n th\u01b0\u1edfng \u0111\u0103ng k\u00fd kh\u00e1ch h\u00e0ng m\u1edbi.","breadcrumb":{"@id":"https:\/\/www.freebetsinfo.co.uk\/vi\/ca-cuoc-cho-san\/#breadcrumb"},"inLanguage":"vi-VN","potentialAction":[{"@type":"ReadAction","target":["https:\/\/www.freebetsinfo.co.uk\/vi\/ca-cuoc-cho-san\/"]}]},{"@type":"BreadcrumbList","@id":"https:\/\/www.freebetsinfo.co.uk\/vi\/ca-cuoc-cho-san\/#breadcrumb","itemListElement":[{"@type":"ListItem","position":1,"name":"Home","item":"https:\/\/www.freebetsinfo.co.uk\/vi\/"},{"@type":"ListItem","position":2,"name":"C\u01b0\u1ee3c Greyhound"}]},{"@type":"WebSite","@id":"https:\/\/www.freebetsinfo.co.uk\/vi\/#website","url":"https:\/\/www.freebetsinfo.co.uk\/vi\/","name":"Mi\u1ec5n ph\u00ed C\u01b0\u1ee3c, tr\u1ef1c Tuy\u1ebfn C\u01b0\u1ee3c th\u00f4ng tin c\u00e1 C\u01b0\u1ee3c","description":"T\u1ed1t nh\u1ea5t c\u00e1 C\u01b0\u1ee3c tr\u1ef1c Tuy\u1ebfn v\u00e0 Casino Kh\u00f4ng c\u00f3 Ti\u1ec1n Th\u01b0\u1edfng M\u00e3! \u2705Tr\u1ef1c Tuy\u1ebfn H\u00e0ng \u0110\u1ea7u Trang Web \u0110\u1eb7t C\u01b0\u1ee3c Gi\u00e1, \u2705T\u1ed1t Nh\u1ea5t S\u00f2ng B\u1ea1c Tr\u1ef1c Tuy\u1ebfn Ti\u1ec1n Th\u01b0\u1edfng!","potentialAction":[{"@type":"SearchAction","target":{"@type":"EntryPoint","urlTemplate":"https:\/\/www.freebetsinfo.co.uk\/vi\/?s={search_term_string}"},"query-input":{"@type":"PropertyValueSpecification","valueRequired":true,"valueName":"search_term_string"}}],"inLanguage":"vi-VN"}]}},"uagb_featured_image_src":{"full":false,"thumbnail":false,"medium":false,"medium_large":false,"large":false,"1536x1536":false,"2048x2048":false,"small":false,"custom-size":false},"uagb_author_info":{"display_name":"\u7ba1\u7406","author_link":"https:\/\/www.freebetsinfo.co.uk\/vi\/author\/kdfl4q\/"},"uagb_comment_info":0,"uagb_excerpt":"C\u01b0\u1ee3c Greyhound &#8211; Ch\u00fang ho\u1ea1t \u0111\u1ed9ng nh\u01b0 th\u1ebf n\u00e0o? Kh\u00f4ng gi\u1ed1ng nh\u01b0 \u0111ua ng\u1ef1a, m\u1ed7i v\u00e0 m\u1ecdi cu\u1ed9c \u0111ua ch\u00f3 s\u0103n \u0111\u1ec1u c\u00f3 s\u1ed1 l\u01b0\u1ee3ng c\u1ea1nh tranh nh\u1ea5t \u0111\u1ecbnh. L\u00fd do l\u00e0 thi\u1ebft b\u1ecb theo d\u00f5i ch\u00f3 c\u01b0ng nh\u1ecf h\u01a1n nhi\u1ec1u so v\u1edbi \u0111\u01b0\u1eddng \u0111ua, v\u00e0 m\u1ed7i C\u01b0\u1ee3c Greyhound cu\u1ed9c \u0111ua v\u00e0o m\u1ed9t trong s\u00e1u...&hellip;","_links":{"self":[{"href":"https:\/\/www.freebetsinfo.co.uk\/vi\/wp-json\/wp\/v2\/pages\/1884","targetHints":{"allow":["GET"]}}],"collection":[{"href":"https:\/\/www.freebetsinfo.co.uk\/vi\/wp-json\/wp\/v2\/pages"}],"about":[{"href":"https:\/\/www.freebetsinfo.co.uk\/vi\/wp-json\/wp\/v2\/types\/page"}],"author":[{"embeddable":true,"href":"https:\/\/www.freebetsinfo.co.uk\/vi\/wp-json\/wp\/v2\/users\/1"}],"replies":[{"embeddable":true,"href":"https:\/\/www.freebetsinfo.co.uk\/vi\/wp-json\/wp\/v2\/comments?post=1884"}],"version-history":[{"count":0,"href":"https:\/\/www.freebetsinfo.co.uk\/vi\/wp-json\/wp\/v2\/pages\/1884\/revisions"}],"wp:attachment":[{"href":"https:\/\/www.freebetsinfo.co.uk\/vi\/wp-json\/wp\/v2\/media?parent=1884"}],"curies":[{"name":"wp","href":"https:\/\/api.w.org\/{rel}","templated":true}]}}