{"id":1886,"date":"2017-11-18T09:43:26","date_gmt":"2017-11-18T09:43:26","guid":{"rendered":"https:\/\/www.freebetsinfo.co.uk\/ca-cuoc-dua-ngua\/"},"modified":"2021-07-01T15:05:09","modified_gmt":"2021-07-01T15:05:09","slug":"ca-cuoc-dua-ngua","status":"publish","type":"page","link":"https:\/\/www.freebetsinfo.co.uk\/vi\/ca-cuoc-dua-ngua\/","title":{"rendered":"C\u00e1 c\u01b0\u1ee3c \u0111ua ng\u1ef1a"},"content":{"rendered":"<h2><span style=\"color: #808080;\"><a style=\"color: #808080;\" href=\"https:\/\/www.freebetsinfo.co.uk\/vi\/ca-cuoc-dua-ngua\/\">C\u01b0\u1ee3c \u0110ua ng\u1ef1a<\/a> Ti\u1ec1n th\u01b0\u1edfng ch\u00e0o m\u1eebng &#8211; trong tr\u01b0\u1eddng h\u1ee3p b\u1ea1n c\u00e2n nh\u1eafc th\u00ec sao?<\/span><\/h2>\n<p><span style=\"color: #808080;\">Bi\u1ebft \u0111\u01b0\u1ee3c nh\u00e0 c\u00e1i c\u00e1 c\u01b0\u1ee3c ng\u1ef1a n\u00e0o \u0111\u1ec3 \u0111\u0103ng k\u00fd v\u1edbi y\u00eau c\u1ea7u l\u1ea1m d\u1ee5ng nghi\u00ean c\u1ee9u v\u00e0 ch\u00fang t\u00f4i \u1edf \u0111\u00e2y \u0111\u1ec3 h\u1ed7 tr\u1ee3. B\u1ea1n s\u1ebd c\u1ea7n ph\u1ea3i ch\u1eafc ch\u1eafn r\u1eb1ng th\u00f4ng th\u01b0\u1eddng ng\u01b0\u1eddi b\u1ea1n \u0111\u0103ng k\u00fd s\u1ebd cung c\u1ea5p cho b\u1ea1n m\u1ecdi th\u1ee9 m\u00e0 b\u1ea1n \u0111\u00e3 \u0111\u01b0\u1ee3c \u0111\u1ea3m b\u1ea3o. B\u1ea5t k\u1ec3 b\u1ea1n l\u00e0 m\u1ed9t ng\u01b0\u1eddi tham gia chuy\u00ean nghi\u1ec7p hay th\u1eadm ch\u00ed l\u00e0 m\u1ed9t ng\u01b0\u1eddi nghi\u1ec7p d\u01b0 c\u00f3 k\u1ebf ho\u1ea1ch b\u1ebb kh\u00f3a c\u00e1c \u1ea5n ph\u1ea9m<a style=\"color: #808080;\" href=\"https:\/\/www.freebetsinfo.co.uk\/vi\/ca-cuoc-dua-ngua\/\"> C\u01b0\u1ee3c \u0110ua ng\u1ef1a<\/a> \u0111\u1eb7t c\u01b0\u1ee3c tr\u1ef1c tuy\u1ebfn, b\u1ea1n s\u1ebd mu\u1ed1n ch\u00fa \u00fd \u0111\u1ebfn c\u00e1c \u0111\u1ec1 ngh\u1ecb h\u1ea5p d\u1eabn m\u00e0 c\u00e1c nh\u00e0 \u0111i\u1ec1u h\u00e0nh th\u1ec3 hi\u1ec7n. N\u1ebfu b\u1ea1n kh\u00f4ng t\u00ecm ki\u1ebfm c\u00e1c chi\u1ebfn d\u1ecbch th\u00fa v\u1ecb c\u00f9ng v\u1edbi c\u00e1c ngu\u1ed3n cung c\u1ea5p kh\u00e1c ch\u1eafc ch\u1eafn h\u1ea5p d\u1eabn h\u01a1n \u0111\u1ed1i v\u1edbi b\u1ea1n, \u0111\u00f3 ch\u1ec9 \u0111\u01a1n gi\u1ea3n l\u00e0 m\u1ed9t con ng\u1ef1a c\u1ee7a b\u00f3ng r\u00e2m kh\u00e1c v\u00e0 ch\u00fang ta s\u1ebd \u0111\u1ebfn v\u1edbi \u0111i\u1ec1u \u0111\u00f3 sau trong b\u00e0i \u0111\u0103ng.<\/span><\/p>\n<p><span style=\"color: #808080;\">C\u00e1ch m\u00e0 c\u00e1c giao d\u1ecbch ti\u1ec1n th\u01b0\u1edfng th\u00fa v\u1ecb ho\u1ea1t \u0111\u1ed9ng hi\u1ec7u qu\u1ea3 t\u1eeb m\u1ed9t trang web t\u00f9y ch\u1ecdn ng\u1ef1a duy nh\u1ea5t n\u1eefa. M\u1ed9t s\u1ed1 ng\u01b0\u1eddi trong s\u1ed1 h\u1ecd cung c\u1ea5p cho b\u1ea1n \u0111\u1eb7t c\u01b0\u1ee3c mi\u1ec5n ph\u00ed b\u1ea5t c\u1ee9 khi n\u00e0o b\u1ea1n \u0111\u1eb7t c\u01b0\u1ee3c m\u1ed9t s\u1ed1 l\u01b0\u1ee3ng c\u1ee5 th\u1ec3, nh\u1eefng ng\u01b0\u1eddi kh\u00e1c s\u1ebd kh\u1edbp v\u1edbi kho\u1ea3n thanh to\u00e1n tr\u01b0\u1edbc c\u1ee7a b\u1ea1n. N\u00f3 ph\u1ee5 thu\u1ed9c v\u00e0o t\u00ecnh hu\u1ed1ng.<\/span><\/p>\n<p><span style=\"color: #808080;\">\u0110\u1ec3 cung c\u1ea5p cho b\u1ea1n s\u1ef1 hi\u1ec3u bi\u1ebft, h\u00e3y cu\u1ed9n nhi\u1ec1u nh\u01b0 ki\u1ec3m tra ph\u1ea7n th\u01b0\u1edfng ch\u00e0o m\u1eebng c\u1ee7a 888 l\u00e0 \u00a3 40. \u0110\u1ec3 t\u1eadn h\u01b0\u1edfng \u0111i\u1ec1u n\u00e0y, b\u1ea1n s\u1ebd ph\u1ea3i \u0111\u1eb7t c\u01b0\u1ee3c \u00a3 10 ngay sau khi \u0111\u0103ng k\u00fd. Th\u00f4ng th\u01b0\u1eddng, b\u1ea1n c\u00f3 kho\u1ea3ng 1 th\u00e1ng \u0111\u1ec3 s\u1eed d\u1ee5ng ph\u1ea7n th\u01b0\u1edfng khuy\u1ebfn kh\u00edch n\u00e0y, v\u00ec v\u1eady b\u1ea1n n\u00ean theo d\u00f5i l\u1ecbch. Th\u1eadt th\u00f4ng minh khi th\u1ef1c hi\u1ec7n c\u00e1c kho\u1ea3n ti\u1ec1n g\u1eedi l\u1edbn tr\u00ean c\u00e1c trang web c\u00e1 c\u01b0\u1ee3c tr\u1ef1c tuy\u1ebfn cung c\u1ea5p 100%<a style=\"color: #808080;\" href=\"https:\/\/www.freebetsinfo.co.uk\/vi\/viet-bet\/\"> ch\u00e0o m\u1eebng th\u00eam ti\u1ec1n th\u01b0\u1edfng<\/a> .<\/span><\/p>\n<h2><span style=\"color: #808080;\">\u0110\u00f3n nh\u1eadn c\u00e1c \u01b0u \u0111\u00e3i \u0111\u1eb7c bi\u1ec7t \u0111ang di\u1ec5n ra v\u1edbi nh\u00e0 c\u00e1i c\u00e1 c\u01b0\u1ee3c y\u00eau th\u00edch c\u1ee7a b\u1ea1n<\/span><\/h2>\n<p><span style=\"color: #808080;\">V\u00ec l\u00fd do \u0111\u00f3, vi\u1ec7c cung c\u1ea5p v\u00e0 cung c\u1ea5p c\u00e1c \u01b0u \u0111\u00e3i \u0111\u1eb7c bi\u1ec7t d\u00e0nh cho nh\u1eefng ng\u01b0\u1eddi ch\u01a1i c\u00e1 c\u01b0\u1ee3c ng\u1ef1a tr\u00ean web m\u1ed9t c\u00e1ch th\u01b0\u1eddng xuy\u00ean. C\u00e1c ch\u01b0\u01a1ng tr\u00ecnh khuy\u1ebfn m\u00e3i th\u01b0\u1eddng xuy\u00ean, gi\u1ea3i th\u01b0\u1edfng cu\u1ed1i tu\u1ea7n, ho\u00e0n ti\u1ec1n, gi\u1ea3i \u0111\u1eb7c bi\u1ec7t l\u0169y ti\u1ebfn, ti\u1ec1n th\u01b0\u1edfng b\u1ea1n b\u00e8 gi\u1edbi thi\u1ec7u v\u00e0 nh\u1eefng th\u1ee9 kh\u00e1c. Trong tr\u01b0\u1eddng h\u1ee3p n\u00e0y, l\u1ef1a ch\u1ecdn r\u1ea5t kh\u00e1c.<\/span><\/p>\n<p><span style=\"color: #808080;\">Trong b\u00e0i vi\u1ebft n\u00e0y, ch\u00fang t\u00f4i \u0111\u00e3 ch\u1ecdn cho b\u1ea1n c\u00e1 nh\u00e2n b\u1ea1n c\u00e1c lo\u1ea1i \u01b0u \u0111\u00e3i ch\u00ednh c\u00f3 s\u1eb5n tr\u00ean th\u1ecb tr\u01b0\u1eddng c\u1edd b\u1ea1c \u0111\u1ec3 b\u1ea1n c\u00f3 th\u1ec3 hi\u1ec3u r\u00f5 v\u1ec1 c\u00e1ch<\/span><\/p>\n<h3><span style=\"color: #808080;\"><a style=\"color: #808080;\" href=\"https:\/\/www.freebetsinfo.co.uk\/vi\/ca-cuoc-dua-ngua\/\">C\u01b0\u1ee3c \u0110ua ng\u1ef1a<\/a> c\u00f4ng vi\u1ec7c tr\u00ean internet kh\u1eafp V\u01b0\u01a1ng qu\u1ed1c Anh.<\/span><\/h3>\n<p><span style=\"color: #808080;\">V\u00ed d\u1ee5: n\u1ebfu b\u1ea1n \u0111\u1eb7t c\u01b0\u1ee3c 2\/1 v\u00e0 t\u1ef7 l\u1ec7 c\u01b0\u1ee3c gi\u1ea3m xu\u1ed1ng c\u00f2n 4\/1, b\u1ea1n c\u00f3 th\u1ec3 nh\u1eadn \u0111\u01b0\u1ee3c ti\u1ec1n ki\u1ebfm \u0111\u01b0\u1ee3c l\u00e0 4\/1. N\u1ebfu ng\u01b0\u1ee3c l\u1ea1i, v\u00e0 chi ph\u00ed 2\/1 ban \u0111\u1ea7u c\u0169ng r\u00fat ng\u1eafn th\u00e0nh even, b\u1ea1n v\u1eabn s\u1ebd nh\u1eadn \u0111\u01b0\u1ee3c 2\/1. N\u00f3 g\u1ea7n nh\u01b0 l\u00e0\u2026 kh\u00f4ng thua theo b\u1ea5t k\u1ef3 c\u00e1ch n\u00e0o. H\u00e3y hi\u1ec3u r\u1eb1ng ch\u01b0\u01a1ng tr\u00ecnh khuy\u1ebfn m\u00e3i n\u00e0y c\u00f3 s\u1eb5n \u0111\u1ec3 \u0111\u1eb7t c\u01b0\u1ee3c v\u00e0o th\u1eddi \u0111i\u1ec3m di\u1ec5n ra l\u1ec5 k\u1ef7 ni\u1ec7m \u0111ua ng\u1ef1a \u00f4 t\u00f4.<\/span><\/p>\n<p><span style=\"color: #808080;\">C\u00e1c \u01b0u \u0111\u00e3i ph\u1ee5 thu\u1ed9c v\u00e0o c\u00e1c trang web c\u00e1 c\u01b0\u1ee3c m\u00e0 b\u1ea1n \u0111\u0103ng k\u00fd, nh\u01b0ng h\u1ea7u h\u1ebft trong s\u1ed1 h\u1ecd \u0111ang c\u1ed1 g\u1eafng h\u1ebft s\u1ee9c \u0111\u1ec3 th\u00fac \u0111\u1ea9y s\u1ef1 ph\u00e1t tri\u1ec3n kinh doanh. T\u00ecm giao d\u1ecbch v\u1edbi t\u1ef7 l\u1ec7 c\u01b0\u1ee3c t\u1ed1t nh\u1ea5t. V\u00e0 c\u00e1c v\u00e9 t\u1eb7ng qu\u00e0 cho s\u1ef1 ki\u1ec7n \u0111ua ng\u1ef1a l\u1edbn nh\u1ea5t \u1edf V\u01b0\u01a1ng qu\u1ed1c Anh.<\/span><\/p>\n<h3><span style=\"color: #808080;\">Khuy\u1ebft t\u1eadt ng\u1ef1a: N\u00f3 c\u0169ng s\u1ebd gi\u00fap b\u1ea1n ki\u1ebfm ti\u1ec1n nh\u01b0 th\u1ebf n\u00e0o<\/span><\/h3>\n<p><span style=\"color: #808080;\">Ghi ch\u00fa v\u1ec1: t\u00e0i li\u1ec7u \u0111ua ng\u1ef1a, qu\u00e1 tr\u00ecnh trong cu\u1ed9c \u0111ua, b\u1ec1 m\u1eb7t v\u00e0 thu\u1ed1c men, s\u1eeda \u0111\u1ed5i thi\u1ebft b\u1ecb, T\u00f3m l\u1ea1i, th\u1eafng v\u00e0 thua. N\u00f3 c\u00f3 v\u1ebb nh\u01b0 l\u00e0 m\u1ed9t c\u00f4ng vi\u1ec7c l\u1edbn, nh\u01b0ng n\u00f3 cho b\u1ea1n \u00fd t\u01b0\u1edfng ch\u00ednh x\u00e1c h\u01a1n n\u00ean \u0111\u1eb7t c\u01b0\u1ee3c con ng\u1ef1a n\u00e0o v\u00e0 t\u1ea5t nhi\u00ean l\u00e0 bao nhi\u00eau. B\u1eb1ng c\u00e1ch n\u00e0y, t\u00f9y ch\u1ecdn v\u1ec1 ng\u1ef1a tr\u00ean web tr\u1edf th\u00e0nh \u00fd t\u01b0\u1edfng t\u1ea1o thu nh\u1eadp th\u1ef1c t\u1ebf h\u01a1n.<\/span><\/p>\n<h3><span style=\"color: #808080;\"> C\u01b0\u1ee3c \u0110ua Ng\u1ef1a B\u1ea1n c\u00f3 th\u1ec3 s\u1eed d\u1ee5ng ph\u01b0\u01a1ng th\u1ee9c thanh to\u00e1n n\u00e0o?<\/span><\/h3>\n<p><span style=\"color: #808080;\">\u0110\u00f3 l\u00e0 s\u1ef1 l\u1ef1a ch\u1ecdn c\u1ee7a b\u1ea1n. B\u1ea1n c\u00f3 th\u1ec3 s\u1eed d\u1ee5ng th\u1ebb t\u00ednh ph\u00ed c\u1ee7a t\u1ed5 ch\u1ee9c ng\u00e2n h\u00e0ng (Visa, MasterCard) v\u00ec ch\u00fang d\u1ec5 d\u00e0ng v\u00e0 nhanh ch\u00f3ng. Nh\u01b0ng v\u00ed \u0111i\u1ec7n t\u1eed c\u0169ng c\u00f3 xu h\u01b0\u1edbng ng\u00e0y c\u00e0ng tr\u1edf n\u00ean ph\u1ed5 bi\u1ebfn h\u01a1n (PayPal, UKash v\u00e0 Skrill Neteller). B\u1ea1n th\u1eadm ch\u00ed c\u00f3 th\u1ec3 s\u1eed d\u1ee5ng PayPal tr\u00ean r\u1ea5t nhi\u1ec1u trang web c\u00e1 c\u01b0\u1ee3c ng\u00e0y nay.<\/span><\/p>\n<h3><span style=\"color: #808080;\">Cung c\u1ea5p g\u1ea7n \u0111\u00e2y nh\u1ea5t cho c\u00e1c kh\u00e1ch h\u00e0ng hi\u1ec7n t\u1ea1i c\u1ee7a amp m\u1edbi<\/span><\/h3>\n<p><span style=\"color: #808080;\">Trong qu\u00e1 tr\u00ecnh ho\u1ea1t \u0111\u1ed9ng &#8211; gi\u1ed1ng nh\u01b0 c\u00e1c d\u1ecbp \u0111ua ng\u1ef1a \u00f4 t\u00f4 l\u1edbn nh\u1ea5t, b\u1ea1n s\u1ebd t\u00ecm th\u1ea5y r\u1ea5t nhi\u1ec1u<a style=\"color: #808080;\" href=\"https:\/\/www.freebetsinfo.co.uk\/vi\/\"> nh\u00e0 c\u00e1i t\u1ed1t nh\u1ea5t<\/a> s\u1ebd v\u1eadn h\u00e0nh c\u00e1c ch\u01b0\u01a1ng tr\u00ecnh khuy\u1ebfn m\u00e3i \u0111\u1ed9c \u0111\u00e1o, b\u1ea5t k\u1ec3 \u0111\u00f3 l\u00e0 t\u1ef7 l\u1ec7 c\u01b0\u1ee3c n\u00e2ng cao, giao d\u1ecbch ch\u00e0o m\u1eebng m\u1edbi, v.v.<\/span><\/p>\n","protected":false},"excerpt":{"rendered":"C\u01b0\u1ee3c \u0110ua ng\u1ef1a Ti\u1ec1n th\u01b0\u1edfng ch\u00e0o m\u1eebng &#8211; trong tr\u01b0\u1eddng h\u1ee3p b\u1ea1n c\u00e2n nh\u1eafc th\u00ec sao? Bi\u1ebft \u0111\u01b0\u1ee3c nh\u00e0 c\u00e1i c\u00e1 c\u01b0\u1ee3c ng\u1ef1a n\u00e0o \u0111\u1ec3 \u0111\u0103ng k\u00fd v\u1edbi y\u00eau c\u1ea7u l\u1ea1m d\u1ee5ng nghi\u00ean c\u1ee9u v\u00e0 ch\u00fang t\u00f4i \u1edf \u0111\u00e2y \u0111\u1ec3 h\u1ed7 tr\u1ee3. B\u1ea1n s\u1ebd c\u1ea7n ph\u1ea3i ch\u1eafc ch\u1eafn r\u1eb1ng th\u00f4ng th\u01b0\u1eddng ng\u01b0\u1eddi b\u1ea1n \u0111\u0103ng k\u00fd&#8230; <a class=\"view-article\" href=\"https:\/\/www.freebetsinfo.co.uk\/vi\/ca-cuoc-dua-ngua\/\">View Article<\/a>","protected":false},"author":1,"featured_media":0,"parent":0,"menu_order":0,"comment_status":"closed","ping_status":"closed","template":"asia-sports-page-template.php","meta":{"_uag_custom_page_level_css":"","footnotes":""},"class_list":["post-1886","page","type-page","status-publish","hentry"],"yoast_head":"<!-- This site is optimized with the Yoast SEO Premium plugin v19.5 (Yoast SEO v27.3) - https:\/\/yoast.com\/product\/yoast-seo-premium-wordpress\/ -->\n<title>C\u00e1 c\u01b0\u1ee3c \u0111ua ng\u1ef1a Ti\u1ebfp th\u1ecb c\u00f4ng ty tr\u00f2 ch\u01a1i h\u00e0ng th\u00e1ng m\u1edbi nh\u1ea5t.<\/title>\n<meta name=\"description\" content=\"C\u00e1 c\u01b0\u1ee3c \u0111ua ng\u1ef1a Ph\u1ea7n th\u01b0\u1edfng cho c\u00e1c trang web c\u1edd b\u1ea1c m\u1edbi nh\u1ea5t, Ph\u00e2n ph\u1ed1i m\u1edbi nh\u1ea5t v\u00e0 c\u00e1c chi\u1ebfn d\u1ecbch th\u00f4ng qua c\u00e1c nh\u00e0 c\u00e1i t\u1ed1t nh\u1ea5t cho c\u00e1c cu\u1ed9c \u0111ua th\u00e1ng n\u00e0y\" \/>\n<meta name=\"robots\" content=\"index, follow, max-snippet:-1, max-image-preview:large, max-video-preview:-1\" \/>\n<link rel=\"canonical\" href=\"https:\/\/www.freebetsinfo.co.uk\/vi\/ca-cuoc-dua-ngua\/\" \/>\n<meta property=\"og:locale\" content=\"vi_VN\" \/>\n<meta property=\"og:type\" content=\"article\" \/>\n<meta property=\"og:title\" content=\"C\u00e1 c\u01b0\u1ee3c \u0111ua ng\u1ef1a\" \/>\n<meta property=\"og:description\" content=\"C\u00e1 c\u01b0\u1ee3c \u0111ua ng\u1ef1a Ph\u1ea7n th\u01b0\u1edfng cho c\u00e1c trang web c\u1edd b\u1ea1c m\u1edbi nh\u1ea5t, Ph\u00e2n ph\u1ed1i m\u1edbi nh\u1ea5t v\u00e0 c\u00e1c chi\u1ebfn d\u1ecbch th\u00f4ng qua c\u00e1c nh\u00e0 c\u00e1i t\u1ed1t nh\u1ea5t cho c\u00e1c cu\u1ed9c \u0111ua th\u00e1ng n\u00e0y\" \/>\n<meta property=\"og:url\" content=\"https:\/\/www.freebetsinfo.co.uk\/vi\/ca-cuoc-dua-ngua\/\" \/>\n<meta property=\"og:site_name\" content=\"Mi\u1ec5n ph\u00ed C\u01b0\u1ee3c, tr\u1ef1c Tuy\u1ebfn C\u01b0\u1ee3c th\u00f4ng tin c\u00e1 C\u01b0\u1ee3c\" \/>\n<meta property=\"article:modified_time\" content=\"2021-07-01T15:05:09+00:00\" \/>\n<meta name=\"twitter:card\" content=\"summary_large_image\" \/>\n<meta name=\"twitter:label1\" content=\"Est. reading time\" \/>\n\t<meta name=\"twitter:data1\" content=\"6 minutes\" \/>\n<script type=\"application\/ld+json\" class=\"yoast-schema-graph\">{\"@context\":\"https:\\\/\\\/schema.org\",\"@graph\":[{\"@type\":\"WebPage\",\"@id\":\"https:\\\/\\\/www.freebetsinfo.co.uk\\\/vi\\\/ca-cuoc-dua-ngua\\\/\",\"url\":\"https:\\\/\\\/www.freebetsinfo.co.uk\\\/vi\\\/ca-cuoc-dua-ngua\\\/\",\"name\":\"C\u00e1 c\u01b0\u1ee3c \u0111ua ng\u1ef1a Ti\u1ebfp th\u1ecb c\u00f4ng ty tr\u00f2 ch\u01a1i h\u00e0ng th\u00e1ng m\u1edbi nh\u1ea5t.\",\"isPartOf\":{\"@id\":\"https:\\\/\\\/www.freebetsinfo.co.uk\\\/vi\\\/#website\"},\"datePublished\":\"2017-11-18T09:43:26+00:00\",\"dateModified\":\"2021-07-01T15:05:09+00:00\",\"description\":\"C\u00e1 c\u01b0\u1ee3c \u0111ua ng\u1ef1a Ph\u1ea7n th\u01b0\u1edfng cho c\u00e1c trang web c\u1edd b\u1ea1c m\u1edbi nh\u1ea5t, Ph\u00e2n ph\u1ed1i m\u1edbi nh\u1ea5t v\u00e0 c\u00e1c chi\u1ebfn d\u1ecbch th\u00f4ng qua c\u00e1c nh\u00e0 c\u00e1i t\u1ed1t nh\u1ea5t cho c\u00e1c cu\u1ed9c \u0111ua th\u00e1ng n\u00e0y\",\"breadcrumb\":{\"@id\":\"https:\\\/\\\/www.freebetsinfo.co.uk\\\/vi\\\/ca-cuoc-dua-ngua\\\/#breadcrumb\"},\"inLanguage\":\"vi-VN\",\"potentialAction\":[{\"@type\":\"ReadAction\",\"target\":[\"https:\\\/\\\/www.freebetsinfo.co.uk\\\/vi\\\/ca-cuoc-dua-ngua\\\/\"]}]},{\"@type\":\"BreadcrumbList\",\"@id\":\"https:\\\/\\\/www.freebetsinfo.co.uk\\\/vi\\\/ca-cuoc-dua-ngua\\\/#breadcrumb\",\"itemListElement\":[{\"@type\":\"ListItem\",\"position\":1,\"name\":\"Home\",\"item\":\"https:\\\/\\\/www.freebetsinfo.co.uk\\\/vi\\\/\"},{\"@type\":\"ListItem\",\"position\":2,\"name\":\"C\u00e1 c\u01b0\u1ee3c \u0111ua ng\u1ef1a\"}]},{\"@type\":\"WebSite\",\"@id\":\"https:\\\/\\\/www.freebetsinfo.co.uk\\\/vi\\\/#website\",\"url\":\"https:\\\/\\\/www.freebetsinfo.co.uk\\\/vi\\\/\",\"name\":\"Mi\u1ec5n ph\u00ed C\u01b0\u1ee3c, tr\u1ef1c Tuy\u1ebfn C\u01b0\u1ee3c th\u00f4ng tin c\u00e1 C\u01b0\u1ee3c\",\"description\":\"T\u1ed1t nh\u1ea5t c\u00e1 C\u01b0\u1ee3c tr\u1ef1c Tuy\u1ebfn v\u00e0 Casino Kh\u00f4ng c\u00f3 Ti\u1ec1n Th\u01b0\u1edfng M\u00e3! \u2705Tr\u1ef1c Tuy\u1ebfn H\u00e0ng \u0110\u1ea7u Trang Web \u0110\u1eb7t C\u01b0\u1ee3c Gi\u00e1, \u2705T\u1ed1t Nh\u1ea5t S\u00f2ng B\u1ea1c Tr\u1ef1c Tuy\u1ebfn Ti\u1ec1n Th\u01b0\u1edfng!\",\"potentialAction\":[{\"@type\":\"SearchAction\",\"target\":{\"@type\":\"EntryPoint\",\"urlTemplate\":\"https:\\\/\\\/www.freebetsinfo.co.uk\\\/vi\\\/?s={search_term_string}\"},\"query-input\":{\"@type\":\"PropertyValueSpecification\",\"valueRequired\":true,\"valueName\":\"search_term_string\"}}],\"inLanguage\":\"vi-VN\"}]}<\/script>\n<!-- \/ Yoast SEO Premium plugin. -->","yoast_head_json":{"title":"C\u00e1 c\u01b0\u1ee3c \u0111ua ng\u1ef1a Ti\u1ebfp th\u1ecb c\u00f4ng ty tr\u00f2 ch\u01a1i h\u00e0ng th\u00e1ng m\u1edbi nh\u1ea5t.","description":"C\u00e1 c\u01b0\u1ee3c \u0111ua ng\u1ef1a Ph\u1ea7n th\u01b0\u1edfng cho c\u00e1c trang web c\u1edd b\u1ea1c m\u1edbi nh\u1ea5t, Ph\u00e2n ph\u1ed1i m\u1edbi nh\u1ea5t v\u00e0 c\u00e1c chi\u1ebfn d\u1ecbch th\u00f4ng qua c\u00e1c nh\u00e0 c\u00e1i t\u1ed1t nh\u1ea5t cho c\u00e1c cu\u1ed9c \u0111ua th\u00e1ng n\u00e0y","robots":{"index":"index","follow":"follow","max-snippet":"max-snippet:-1","max-image-preview":"max-image-preview:large","max-video-preview":"max-video-preview:-1"},"canonical":"https:\/\/www.freebetsinfo.co.uk\/vi\/ca-cuoc-dua-ngua\/","og_locale":"vi_VN","og_type":"article","og_title":"C\u00e1 c\u01b0\u1ee3c \u0111ua ng\u1ef1a","og_description":"C\u00e1 c\u01b0\u1ee3c \u0111ua ng\u1ef1a Ph\u1ea7n th\u01b0\u1edfng cho c\u00e1c trang web c\u1edd b\u1ea1c m\u1edbi nh\u1ea5t, Ph\u00e2n ph\u1ed1i m\u1edbi nh\u1ea5t v\u00e0 c\u00e1c chi\u1ebfn d\u1ecbch th\u00f4ng qua c\u00e1c nh\u00e0 c\u00e1i t\u1ed1t nh\u1ea5t cho c\u00e1c cu\u1ed9c \u0111ua th\u00e1ng n\u00e0y","og_url":"https:\/\/www.freebetsinfo.co.uk\/vi\/ca-cuoc-dua-ngua\/","og_site_name":"Mi\u1ec5n ph\u00ed C\u01b0\u1ee3c, tr\u1ef1c Tuy\u1ebfn C\u01b0\u1ee3c th\u00f4ng tin c\u00e1 C\u01b0\u1ee3c","article_modified_time":"2021-07-01T15:05:09+00:00","twitter_card":"summary_large_image","twitter_misc":{"Est. reading time":"6 minutes"},"schema":{"@context":"https:\/\/schema.org","@graph":[{"@type":"WebPage","@id":"https:\/\/www.freebetsinfo.co.uk\/vi\/ca-cuoc-dua-ngua\/","url":"https:\/\/www.freebetsinfo.co.uk\/vi\/ca-cuoc-dua-ngua\/","name":"C\u00e1 c\u01b0\u1ee3c \u0111ua ng\u1ef1a Ti\u1ebfp th\u1ecb c\u00f4ng ty tr\u00f2 ch\u01a1i h\u00e0ng th\u00e1ng m\u1edbi nh\u1ea5t.","isPartOf":{"@id":"https:\/\/www.freebetsinfo.co.uk\/vi\/#website"},"datePublished":"2017-11-18T09:43:26+00:00","dateModified":"2021-07-01T15:05:09+00:00","description":"C\u00e1 c\u01b0\u1ee3c \u0111ua ng\u1ef1a Ph\u1ea7n th\u01b0\u1edfng cho c\u00e1c trang web c\u1edd b\u1ea1c m\u1edbi nh\u1ea5t, Ph\u00e2n ph\u1ed1i m\u1edbi nh\u1ea5t v\u00e0 c\u00e1c chi\u1ebfn d\u1ecbch th\u00f4ng qua c\u00e1c nh\u00e0 c\u00e1i t\u1ed1t nh\u1ea5t cho c\u00e1c cu\u1ed9c \u0111ua th\u00e1ng n\u00e0y","breadcrumb":{"@id":"https:\/\/www.freebetsinfo.co.uk\/vi\/ca-cuoc-dua-ngua\/#breadcrumb"},"inLanguage":"vi-VN","potentialAction":[{"@type":"ReadAction","target":["https:\/\/www.freebetsinfo.co.uk\/vi\/ca-cuoc-dua-ngua\/"]}]},{"@type":"BreadcrumbList","@id":"https:\/\/www.freebetsinfo.co.uk\/vi\/ca-cuoc-dua-ngua\/#breadcrumb","itemListElement":[{"@type":"ListItem","position":1,"name":"Home","item":"https:\/\/www.freebetsinfo.co.uk\/vi\/"},{"@type":"ListItem","position":2,"name":"C\u00e1 c\u01b0\u1ee3c \u0111ua ng\u1ef1a"}]},{"@type":"WebSite","@id":"https:\/\/www.freebetsinfo.co.uk\/vi\/#website","url":"https:\/\/www.freebetsinfo.co.uk\/vi\/","name":"Mi\u1ec5n ph\u00ed C\u01b0\u1ee3c, tr\u1ef1c Tuy\u1ebfn C\u01b0\u1ee3c th\u00f4ng tin c\u00e1 C\u01b0\u1ee3c","description":"T\u1ed1t nh\u1ea5t c\u00e1 C\u01b0\u1ee3c tr\u1ef1c Tuy\u1ebfn v\u00e0 Casino Kh\u00f4ng c\u00f3 Ti\u1ec1n Th\u01b0\u1edfng M\u00e3! \u2705Tr\u1ef1c Tuy\u1ebfn H\u00e0ng \u0110\u1ea7u Trang Web \u0110\u1eb7t C\u01b0\u1ee3c Gi\u00e1, \u2705T\u1ed1t Nh\u1ea5t S\u00f2ng B\u1ea1c Tr\u1ef1c Tuy\u1ebfn Ti\u1ec1n Th\u01b0\u1edfng!","potentialAction":[{"@type":"SearchAction","target":{"@type":"EntryPoint","urlTemplate":"https:\/\/www.freebetsinfo.co.uk\/vi\/?s={search_term_string}"},"query-input":{"@type":"PropertyValueSpecification","valueRequired":true,"valueName":"search_term_string"}}],"inLanguage":"vi-VN"}]}},"uagb_featured_image_src":{"full":false,"thumbnail":false,"medium":false,"medium_large":false,"large":false,"1536x1536":false,"2048x2048":false,"small":false,"custom-size":false},"uagb_author_info":{"display_name":"\u7ba1\u7406","author_link":"https:\/\/www.freebetsinfo.co.uk\/vi\/author\/kdfl4q\/"},"uagb_comment_info":0,"uagb_excerpt":"C\u01b0\u1ee3c \u0110ua ng\u1ef1a Ti\u1ec1n th\u01b0\u1edfng ch\u00e0o m\u1eebng &#8211; trong tr\u01b0\u1eddng h\u1ee3p b\u1ea1n c\u00e2n nh\u1eafc th\u00ec sao? Bi\u1ebft \u0111\u01b0\u1ee3c nh\u00e0 c\u00e1i c\u00e1 c\u01b0\u1ee3c ng\u1ef1a n\u00e0o \u0111\u1ec3 \u0111\u0103ng k\u00fd v\u1edbi y\u00eau c\u1ea7u l\u1ea1m d\u1ee5ng nghi\u00ean c\u1ee9u v\u00e0 ch\u00fang t\u00f4i \u1edf \u0111\u00e2y \u0111\u1ec3 h\u1ed7 tr\u1ee3. B\u1ea1n s\u1ebd c\u1ea7n ph\u1ea3i ch\u1eafc ch\u1eafn r\u1eb1ng th\u00f4ng th\u01b0\u1eddng ng\u01b0\u1eddi b\u1ea1n \u0111\u0103ng k\u00fd...&hellip;","_links":{"self":[{"href":"https:\/\/www.freebetsinfo.co.uk\/vi\/wp-json\/wp\/v2\/pages\/1886","targetHints":{"allow":["GET"]}}],"collection":[{"href":"https:\/\/www.freebetsinfo.co.uk\/vi\/wp-json\/wp\/v2\/pages"}],"about":[{"href":"https:\/\/www.freebetsinfo.co.uk\/vi\/wp-json\/wp\/v2\/types\/page"}],"author":[{"embeddable":true,"href":"https:\/\/www.freebetsinfo.co.uk\/vi\/wp-json\/wp\/v2\/users\/1"}],"replies":[{"embeddable":true,"href":"https:\/\/www.freebetsinfo.co.uk\/vi\/wp-json\/wp\/v2\/comments?post=1886"}],"version-history":[{"count":0,"href":"https:\/\/www.freebetsinfo.co.uk\/vi\/wp-json\/wp\/v2\/pages\/1886\/revisions"}],"wp:attachment":[{"href":"https:\/\/www.freebetsinfo.co.uk\/vi\/wp-json\/wp\/v2\/media?parent=1886"}],"curies":[{"name":"wp","href":"https:\/\/api.w.org\/{rel}","templated":true}]}}