{"id":1887,"date":"2017-11-18T09:21:33","date_gmt":"2017-11-18T09:21:33","guid":{"rendered":"https:\/\/www.freebetsinfo.co.uk\/bookmakers-moi\/"},"modified":"2021-07-01T09:54:31","modified_gmt":"2021-07-01T09:54:31","slug":"trang-web-ca-cuoc-moi","status":"publish","type":"page","link":"https:\/\/www.freebetsinfo.co.uk\/vi\/trang-web-ca-cuoc-moi\/","title":{"rendered":"Nh\u00e0 c\u00e1i m\u1edbi"},"content":{"rendered":"<h3><span style=\"color: #808080;\"><a style=\"color: #808080;\" href=\"https:\/\/www.freebetsinfo.co.uk\/vi\/trang-web-ca-cuoc-moi\/\">Nh\u00e0 c\u00e1i m\u1edbi<\/a> B\u1ea1n c\u00f3 bi\u1ebft l\u1ee3i \u00edch c\u1ee7a c\u00e1c trang web c\u00e1 c\u01b0\u1ee3c m\u1edbi kh\u00f4ng?<\/span><\/h3>\n<p><span style=\"color: #808080;\">\u01afu \u0111i\u1ec3m ch\u00ednh c\u1ee7a vi\u1ec7c \u0111\u0103ng k\u00fd to\u00e0n b\u1ed9<a style=\"color: #808080;\" href=\"https:\/\/www.freebetsinfo.co.uk\/vi\/trang-web-ca-cuoc-moi\/\"> nh\u00e0 c\u00e1i m\u1edbi<\/a> l\u00e0 c\u01a1 h\u1ed9i \u0111\u1ec3 t\u1eadn d\u1ee5ng t\u1ed1i \u0111a c\u00e1c \u01b0u \u0111\u00e3i khuy\u1ebfn kh\u00edch c\u1ee7a h\u1ecd. Kh\u00f4ng gi\u1ed1ng nh\u01b0 c\u00e1c nh\u00e0 c\u00e1i \u0111\u00e3 th\u00e0nh l\u1eadp, c\u00e1c nh\u00e0 \u0111i\u1ec1u h\u00e0nh m\u1edbi c\u00f3 xu h\u01b0\u1edbng cung c\u1ea5p c\u00e1c ch\u01b0\u01a1ng tr\u00ecnh khuy\u1ebfn m\u00e3i l\u1edbn h\u01a1n v\u00e0 t\u1ed1t h\u01a1n nhi\u1ec1u cho kh\u00e1ch h\u00e0ng m\u1edbi \u0111\u1ec3 t\u1ea1o cho m\u00ecnh s\u1ef1 n\u1ed5i b\u1eadt trong m\u1ed9t th\u1ecb tr\u01b0\u1eddng \u0111\u00e3 b\u00e3o h\u00f2a cao.<\/span><\/p>\n<p><span style=\"color: #808080;\">Li\u00ean quan \u0111\u1ebfn c\u00e1ch ti\u1ebfp c\u1eadn c\u00e1 c\u01b0\u1ee3c, \u0111\u00e2y c\u00f3 l\u1ebd l\u00e0 ph\u01b0\u01a1ng ti\u1ec7n t\u1ed1t nh\u1ea5t v\u00e0 \u0111\u01b0\u1ee3c nhi\u1ec1u ng\u01b0\u1eddi bi\u1ebft \u0111\u1ebfn, \u0111\u1ec3 t\u1ed1i \u0111a h\u00f3a ti\u1ec1n m\u1eb7t c\u1ee7a b\u1ea1n v\u00e0 thu \u0111\u01b0\u1ee3c nhi\u1ec1u nh\u1ea5t ho\u00e0n to\u00e0n<a style=\"color: #808080;\" href=\"https:\/\/www.freebetsinfo.co.uk\/vi\/trang-web-ca-cuoc-moi\/\"> nh\u00e0 c\u00e1i m\u1edbi<\/a> v\u00e0 hoan ngh\u00eanh vi\u1ec7c giao h\u00e0ng m\u00e0 b\u1ea1n c\u00f3 th\u1ec3.<\/span><\/p>\n<h3><span style=\"color: #808080;\"><a style=\"color: #808080;\" href=\"https:\/\/www.freebetsinfo.co.uk\/vi\/trang-web-ca-cuoc-moi\/\">Nh\u00e0 c\u00e1i m\u1edbi<\/a> B\u1ea1n c\u00f3 th\u1ec3 t\u00ecm th\u1ea5y c\u00e1c trang web c\u1edd b\u1ea1c m\u1edbi c\u1ee7a V\u01b0\u01a1ng qu\u1ed1c Anh trong \u0111\u00f3?<\/span><\/h3>\n<p><span style=\"color: #808080;\"><strong>C\u00e2u tr\u1ea3 l\u1eddi ng\u1eafn g\u1ecdn:<\/strong> Ngay trong b\u00e0i vi\u1ebft n\u00e0y!<\/span><\/p>\n<p><span style=\"color: #808080;\"><strong>C\u00e2u tr\u1ea3 l\u1eddi d\u00e0i d\u00f2ng:<\/strong> T\u00ecm ki\u1ebfm th\u00f4ng tin hi\u1ec7u qu\u1ea3 nh\u1ea5t v\u1ec1 c\u00e1c nh\u00e0 c\u00e1i m\u1edbi kh\u00f4ng ph\u1ea3i l\u00e0 nhi\u1ec7m v\u1ee5 d\u1ec5 d\u00e0ng nh\u1ea5t tr\u00ean th\u1ebf gi\u1edbi. \u0110\u00f3 ch\u00ednh x\u00e1c l\u00e0 n\u01a1i ch\u00fang t\u00f4i c\u00f3 th\u1ec3 \u0111\u01b0\u1ee3c t\u00ecm th\u1ea5y. Ch\u00fang t\u00f4i t\u00ecm ki\u1ebfm tr\u00ean web c\u1ea3 ng\u00e0y l\u1eabn \u0111\u00eam \u0111\u1ec3 t\u00ecm ra c\u00e1c nh\u00e0 c\u00e1i m\u1edbi, \u0111\u1ed3ng th\u1eddi ph\u00e2n t\u00edch c\u00e1c d\u1ecbch v\u1ee5 c\u1ee7a h\u1ecd c\u0169ng nh\u01b0 c\u00e1c chi\u1ebfn d\u1ecbch kh\u00e1c \u0111\u1ec3 t\u00ecm ra c\u00e1ch x\u1ebfp h\u1ea1ng c\u1ee7a h\u1ecd so v\u1edbi c\u00e1c \u0111\u1ed1i th\u1ee7 c\u1ea1nh tranh.<\/span><\/p>\n<h3><span style=\"color: #808080;\">C\u00e1c trang web c\u00e1 c\u01b0\u1ee3c m\u1edbi &#8211; Tin v\u00e0o ai v\u00e0 tr\u00e1nh ai?<\/span><\/h3>\n<p><span style=\"color: #808080;\">\u0110\u00f4i khi, \u01b0u \u0111\u00e3i khuy\u1ebfn kh\u00edch c\u00e0ng l\u1edbn, th\u00ec kh\u1ea3 n\u0103ng b\u1ea1n kh\u00f4ng tin t\u01b0\u1edfng v\u00e0o ch\u1ee7 s\u1edf h\u1eefu c\u00e0ng cao. T\u1ea5t c\u1ea3 nh\u1eefng \u0111i\u1ec1u \u0111\u01b0\u1ee3c xem x\u00e9t, l\u00e0m th\u1ebf n\u00e0o h\u1ecd c\u00f3 th\u1ec3 th\u1ef1c s\u1ef1 ph\u00e1t t\u1ea5t c\u1ea3 s\u1ed1 ti\u1ec1n m\u1eb7t \u0111\u00f3 mi\u1ec5n ph\u00ed? Ch\u00e0, may m\u1eafn thay, ch\u00fang t\u00f4i c\u00f3 m\u1ed9t ph\u01b0\u01a1ng ti\u1ec7n ch\u1ed1ng ngu ng\u1ed1c \u0111\u1ec3 x\u00e1c \u0111\u1ecbnh c\u00e1i n\u00e0o<a style=\"color: #808080;\" href=\"https:\/\/www.freebetsinfo.co.uk\/vi\/trang-web-ca-cuoc-moi\/\"> nh\u00e0 c\u00e1i m\u1edbi<\/a> an to\u00e0n khi thanh to\u00e1n s\u1ed1 ti\u1ec1n kh\u00f3 ki\u1ebfm \u0111\u01b0\u1ee3c c\u1ee7a b\u1ea1n.<\/span><\/p>\n<h3><span style=\"color: #808080;\">Kh\u00f4ng c\u00f3 nhi\u1ec1u th\u1eddi gian \u0111\u1ec3 ki\u1ec3m tra<\/span><\/h3>\n<p><span style=\"color: #808080;\">Gi\u1ea3i quy\u1ebft m\u1ecdi kh\u00f3 kh\u0103n cho b\u1ea1n. Tr\u00ean trang web c\u1edd b\u1ea1c m\u1edbi. M\u1ecdi trang web \u0111\u01b0\u1ee3c hi\u1ec3n th\u1ecb \u0111\u1ec1u c\u00f3 th\u1ec3 \u0111\u01b0\u1ee3c ki\u1ec3m tra v\u00e0 xem x\u00e9t k\u1ef9 l\u01b0\u1ee1ng \u0111\u1ec3 \u0111\u1ea3m b\u1ea3o r\u1eb1ng n\u00f3 \u0111\u00e1ng tin c\u1eady nh\u1ea5t.<\/span><\/p>\n<h3><span style=\"color: #808080;\">T\u1ea5t nhi\u00ean, b\u1ea1n c\u00f3 th\u1ec3 xem x\u00e9t t\u00f2a \u00e1n d\u01b0 lu\u1eadn chung \u0111\u1ec3 \u0111\u00e1nh gi\u00e1 t\u1eeb nh\u1eefng ng\u01b0\u1eddi \u0111\u00e1nh c\u01b0\u1ee3c \u0111\u1ed3ng nghi\u1ec7p. <\/span><\/h3>\n<p><span style=\"color: #808080;\">C\u00e1c trang web bao g\u1ed3m TrustPilot t\u00edch l\u0169y \u0111\u00e1nh gi\u00e1 t\u1eeb ng\u01b0\u1eddi d\u00f9ng, m\u1eb7c d\u00f9 ch\u00fang th\u01b0\u1eddng l\u00e0 ti\u00eau c\u1ef1c! N\u1ebfu b\u1ea1n c\u00f3 \u0111\u1ee7 ki\u00ean tr\u00ec \u0111\u1ec3 s\u00e0ng l\u1ecdc nh\u1eefng t\u00e1c gi\u1ea3 kh\u00f3 ch\u1ecbu, nh\u1eefng ng\u01b0\u1eddi kh\u00f4ng \u0111\u1ecdc qua c\u00e1c \u0111i\u1ec1u ki\u1ec7n v\u00e0 \u0111i\u1ec1u kho\u1ea3n, v\u00e0 nh\u1eefng ng\u01b0\u1eddi ch\u01a1i ph\u1ea3n b\u1ed9i c\u1ea3m th\u1ea5y nh\u1eefng l\u1eddi ti\u00ean tri k\u00e9m c\u1ecfi c\u1ee7a h\u1ecd bi\u1ec7n minh cho \u0111\u00e1nh gi\u00e1 1 huy\u1ec1n tho\u1ea1i, b\u1ea1n c\u00f3 th\u1ec3 x\u00e1c \u0111\u1ecbnh tr\u1ea3i nghi\u1ec7m th\u1ef1c t\u1ebf t\u1ed5ng th\u1ec3 c\u1ee7a ng\u01b0\u1eddi d\u00f9ng<\/span><\/p>\n<h3><span style=\"color: #808080;\">Khi b\u1ea1n n\u00ean \u1edf l\u1ea1i nh\u01b0 v\u1eady khi n\u00e0o \u0111\u1ec3 \u0111i du l\u1ecbch?<\/span><\/h3>\n<p><span style=\"color: #808080;\">Khi b\u1ea1n \u0111\u00e3 t\u00edch l\u0169y \u0111\u01b0\u1ee3c ph\u1ea7n th\u01b0\u1edfng \u0111\u01b0\u1ee3c khuy\u1ebfn kh\u00edch v\u00e0 \u0111\u1eb7t c\u01b0\u1ee3c b\u1eaft \u0111\u1ea7u, \u0111\u00f3 l\u00e0 th\u1eddi gian v\u00e0 n\u0103ng l\u01b0\u1ee3ng \u0111\u1ec3 quy\u1ebft \u0111\u1ecbnh xem c\u00f3 n\u00ean s\u1eed d\u1ee5ng trang web c\u1edd b\u1ea1c m\u1edbi n\u00e0y hay kh\u00f4ng. \u1edf l\u1ea1i v\u1edbi ng\u01b0\u1eddi l\u1edbn <a style=\"color: #808080;\" href=\"https:\/\/www.freebetsinfo.co.uk\/vi\/trang-web-ca-cuoc-moi\/\">nh\u00e0 c\u00e1i<\/a> .<\/span><\/p>\n<h3><span style=\"color: #808080;\">Th\u1ecb tr\u01b0\u1eddng eSports &#8211; Cho \u0111\u1ebfn nay ai c\u00f3 th\u1ec3 c\u00f3 nhi\u1ec1u s\u1ef1 l\u1ef1a ch\u1ecdn nh\u1ea5t?<\/span><\/h3>\n<p><span style=\"color: #808080;\">T\u00ecm ki\u1ebfm \u0111\u1ec3 t\u00ecm hi\u1ec3u th\u00eam v\u1ec1 \u0111\u1eb7t c\u01b0\u1ee3c Th\u1ec3 thao \u0111i\u1ec7n t\u1eed? T\u00f3m l\u1ea1i, H\u01b0\u1edbng d\u1eabn chuy\u00ean s\u00e2u v\u1ec1 c\u00e1 c\u01b0\u1ee3c Th\u1ec3 thao \u0111i\u1ec7n t\u1eed c\u1ee7a ch\u00fang t\u00f4i s\u1ebd n\u00e2ng t\u1ea7m bao tr\u00f9m v\u1edbi lo\u1ea1i h\u00ecnh c\u1edd b\u1ea1c r\u1ea5t hi\u1ec7n \u0111\u1ea1i n\u00e0y.<\/span><\/p>\n","protected":false},"excerpt":{"rendered":"Nh\u00e0 c\u00e1i m\u1edbi B\u1ea1n c\u00f3 bi\u1ebft l\u1ee3i \u00edch c\u1ee7a c\u00e1c trang web c\u00e1 c\u01b0\u1ee3c m\u1edbi kh\u00f4ng? \u01afu \u0111i\u1ec3m ch\u00ednh c\u1ee7a vi\u1ec7c \u0111\u0103ng k\u00fd to\u00e0n b\u1ed9 nh\u00e0 c\u00e1i m\u1edbi l\u00e0 c\u01a1 h\u1ed9i \u0111\u1ec3 t\u1eadn d\u1ee5ng t\u1ed1i \u0111a c\u00e1c \u01b0u \u0111\u00e3i khuy\u1ebfn kh\u00edch c\u1ee7a h\u1ecd. Kh\u00f4ng gi\u1ed1ng nh\u01b0 c\u00e1c nh\u00e0 c\u00e1i \u0111\u00e3 th\u00e0nh l\u1eadp, c\u00e1c nh\u00e0 \u0111i\u1ec1u&#8230; <a class=\"view-article\" href=\"https:\/\/www.freebetsinfo.co.uk\/vi\/trang-web-ca-cuoc-moi\/\">View Article<\/a>","protected":false},"author":1,"featured_media":0,"parent":0,"menu_order":0,"comment_status":"closed","ping_status":"closed","template":"asia-sports-page-template.php","meta":{"_uag_custom_page_level_css":"","footnotes":""},"class_list":["post-1887","page","type-page","status-publish","hentry"],"yoast_head":"<!-- This site is optimized with the Yoast SEO Premium plugin v19.5 (Yoast SEO v27.5) - https:\/\/yoast.com\/product\/yoast-seo-premium-wordpress\/ -->\n<title>Nh\u00e0 c\u00e1i m\u1edbi , Khuy\u1ebfn m\u00e3i m\u1edbi nh\u1ea5t h\u00e0ng th\u00e1ng c\u1ee7a c\u00f4ng ty d\u00e0nh cho nh\u00e0 c\u00e1i c\u00e1 c\u01b0\u1ee3c<\/title>\n<meta name=\"description\" content=\"Nh\u00e0 c\u00e1i m\u1edbi Chi\u1ebfn d\u1ecbch ti\u1ebfp th\u1ecb khuy\u1ebfn m\u00e3i ti\u1ec1n th\u01b0\u1edfng c\u1ee7a c\u00e1c trang web c\u1edd b\u1ea1c m\u1edbi nh\u1ea5t, t\u00f3m t\u1eaft ch\u00ednh t\u1eeb c\u00e1c nh\u00e0 c\u00e1i l\u1edbn nh\u1ea5t c\u1ee7a V\u01b0\u01a1ng qu\u1ed1c Anh.\" \/>\n<meta name=\"robots\" content=\"index, follow, max-snippet:-1, max-image-preview:large, max-video-preview:-1\" \/>\n<link rel=\"canonical\" href=\"https:\/\/www.freebetsinfo.co.uk\/vi\/trang-web-ca-cuoc-moi\/\" \/>\n<meta property=\"og:locale\" content=\"vi_VN\" \/>\n<meta property=\"og:type\" content=\"article\" \/>\n<meta property=\"og:title\" content=\"Nh\u00e0 c\u00e1i m\u1edbi\" \/>\n<meta property=\"og:description\" content=\"Nh\u00e0 c\u00e1i m\u1edbi Chi\u1ebfn d\u1ecbch ti\u1ebfp th\u1ecb khuy\u1ebfn m\u00e3i ti\u1ec1n th\u01b0\u1edfng c\u1ee7a c\u00e1c trang web c\u1edd b\u1ea1c m\u1edbi nh\u1ea5t, t\u00f3m t\u1eaft ch\u00ednh t\u1eeb c\u00e1c nh\u00e0 c\u00e1i l\u1edbn nh\u1ea5t c\u1ee7a V\u01b0\u01a1ng qu\u1ed1c Anh.\" \/>\n<meta property=\"og:url\" content=\"https:\/\/www.freebetsinfo.co.uk\/vi\/trang-web-ca-cuoc-moi\/\" \/>\n<meta property=\"og:site_name\" content=\"Mi\u1ec5n ph\u00ed C\u01b0\u1ee3c, tr\u1ef1c Tuy\u1ebfn C\u01b0\u1ee3c th\u00f4ng tin c\u00e1 C\u01b0\u1ee3c\" \/>\n<meta property=\"article:modified_time\" content=\"2021-07-01T09:54:31+00:00\" \/>\n<meta name=\"twitter:card\" content=\"summary_large_image\" \/>\n<meta name=\"twitter:label1\" content=\"Est. reading time\" \/>\n\t<meta name=\"twitter:data1\" content=\"5 minutes\" \/>\n<script type=\"application\/ld+json\" class=\"yoast-schema-graph\">{\"@context\":\"https:\\\/\\\/schema.org\",\"@graph\":[{\"@type\":\"WebPage\",\"@id\":\"https:\\\/\\\/www.freebetsinfo.co.uk\\\/vi\\\/trang-web-ca-cuoc-moi\\\/\",\"url\":\"https:\\\/\\\/www.freebetsinfo.co.uk\\\/vi\\\/trang-web-ca-cuoc-moi\\\/\",\"name\":\"Nh\u00e0 c\u00e1i m\u1edbi , Khuy\u1ebfn m\u00e3i m\u1edbi nh\u1ea5t h\u00e0ng th\u00e1ng c\u1ee7a c\u00f4ng ty d\u00e0nh cho nh\u00e0 c\u00e1i c\u00e1 c\u01b0\u1ee3c\",\"isPartOf\":{\"@id\":\"https:\\\/\\\/www.freebetsinfo.co.uk\\\/vi\\\/#website\"},\"datePublished\":\"2017-11-18T09:21:33+00:00\",\"dateModified\":\"2021-07-01T09:54:31+00:00\",\"description\":\"Nh\u00e0 c\u00e1i m\u1edbi Chi\u1ebfn d\u1ecbch ti\u1ebfp th\u1ecb khuy\u1ebfn m\u00e3i ti\u1ec1n th\u01b0\u1edfng c\u1ee7a c\u00e1c trang web c\u1edd b\u1ea1c m\u1edbi nh\u1ea5t, t\u00f3m t\u1eaft ch\u00ednh t\u1eeb c\u00e1c nh\u00e0 c\u00e1i l\u1edbn nh\u1ea5t c\u1ee7a V\u01b0\u01a1ng qu\u1ed1c Anh.\",\"breadcrumb\":{\"@id\":\"https:\\\/\\\/www.freebetsinfo.co.uk\\\/vi\\\/trang-web-ca-cuoc-moi\\\/#breadcrumb\"},\"inLanguage\":\"vi-VN\",\"potentialAction\":[{\"@type\":\"ReadAction\",\"target\":[\"https:\\\/\\\/www.freebetsinfo.co.uk\\\/vi\\\/trang-web-ca-cuoc-moi\\\/\"]}]},{\"@type\":\"BreadcrumbList\",\"@id\":\"https:\\\/\\\/www.freebetsinfo.co.uk\\\/vi\\\/trang-web-ca-cuoc-moi\\\/#breadcrumb\",\"itemListElement\":[{\"@type\":\"ListItem\",\"position\":1,\"name\":\"Home\",\"item\":\"https:\\\/\\\/www.freebetsinfo.co.uk\\\/vi\\\/\"},{\"@type\":\"ListItem\",\"position\":2,\"name\":\"Nh\u00e0 c\u00e1i m\u1edbi\"}]},{\"@type\":\"WebSite\",\"@id\":\"https:\\\/\\\/www.freebetsinfo.co.uk\\\/vi\\\/#website\",\"url\":\"https:\\\/\\\/www.freebetsinfo.co.uk\\\/vi\\\/\",\"name\":\"Mi\u1ec5n ph\u00ed C\u01b0\u1ee3c, tr\u1ef1c Tuy\u1ebfn C\u01b0\u1ee3c th\u00f4ng tin c\u00e1 C\u01b0\u1ee3c\",\"description\":\"T\u1ed1t nh\u1ea5t c\u00e1 C\u01b0\u1ee3c tr\u1ef1c Tuy\u1ebfn v\u00e0 Casino Kh\u00f4ng c\u00f3 Ti\u1ec1n Th\u01b0\u1edfng M\u00e3! \u2705Tr\u1ef1c Tuy\u1ebfn H\u00e0ng \u0110\u1ea7u Trang Web \u0110\u1eb7t C\u01b0\u1ee3c Gi\u00e1, \u2705T\u1ed1t Nh\u1ea5t S\u00f2ng B\u1ea1c Tr\u1ef1c Tuy\u1ebfn Ti\u1ec1n Th\u01b0\u1edfng!\",\"potentialAction\":[{\"@type\":\"SearchAction\",\"target\":{\"@type\":\"EntryPoint\",\"urlTemplate\":\"https:\\\/\\\/www.freebetsinfo.co.uk\\\/vi\\\/?s={search_term_string}\"},\"query-input\":{\"@type\":\"PropertyValueSpecification\",\"valueRequired\":true,\"valueName\":\"search_term_string\"}}],\"inLanguage\":\"vi-VN\"}]}<\/script>\n<!-- \/ Yoast SEO Premium plugin. -->","yoast_head_json":{"title":"Nh\u00e0 c\u00e1i m\u1edbi , Khuy\u1ebfn m\u00e3i m\u1edbi nh\u1ea5t h\u00e0ng th\u00e1ng c\u1ee7a c\u00f4ng ty d\u00e0nh cho nh\u00e0 c\u00e1i c\u00e1 c\u01b0\u1ee3c","description":"Nh\u00e0 c\u00e1i m\u1edbi Chi\u1ebfn d\u1ecbch ti\u1ebfp th\u1ecb khuy\u1ebfn m\u00e3i ti\u1ec1n th\u01b0\u1edfng c\u1ee7a c\u00e1c trang web c\u1edd b\u1ea1c m\u1edbi nh\u1ea5t, t\u00f3m t\u1eaft ch\u00ednh t\u1eeb c\u00e1c nh\u00e0 c\u00e1i l\u1edbn nh\u1ea5t c\u1ee7a V\u01b0\u01a1ng qu\u1ed1c Anh.","robots":{"index":"index","follow":"follow","max-snippet":"max-snippet:-1","max-image-preview":"max-image-preview:large","max-video-preview":"max-video-preview:-1"},"canonical":"https:\/\/www.freebetsinfo.co.uk\/vi\/trang-web-ca-cuoc-moi\/","og_locale":"vi_VN","og_type":"article","og_title":"Nh\u00e0 c\u00e1i m\u1edbi","og_description":"Nh\u00e0 c\u00e1i m\u1edbi Chi\u1ebfn d\u1ecbch ti\u1ebfp th\u1ecb khuy\u1ebfn m\u00e3i ti\u1ec1n th\u01b0\u1edfng c\u1ee7a c\u00e1c trang web c\u1edd b\u1ea1c m\u1edbi nh\u1ea5t, t\u00f3m t\u1eaft ch\u00ednh t\u1eeb c\u00e1c nh\u00e0 c\u00e1i l\u1edbn nh\u1ea5t c\u1ee7a V\u01b0\u01a1ng qu\u1ed1c Anh.","og_url":"https:\/\/www.freebetsinfo.co.uk\/vi\/trang-web-ca-cuoc-moi\/","og_site_name":"Mi\u1ec5n ph\u00ed C\u01b0\u1ee3c, tr\u1ef1c Tuy\u1ebfn C\u01b0\u1ee3c th\u00f4ng tin c\u00e1 C\u01b0\u1ee3c","article_modified_time":"2021-07-01T09:54:31+00:00","twitter_card":"summary_large_image","twitter_misc":{"Est. reading time":"5 minutes"},"schema":{"@context":"https:\/\/schema.org","@graph":[{"@type":"WebPage","@id":"https:\/\/www.freebetsinfo.co.uk\/vi\/trang-web-ca-cuoc-moi\/","url":"https:\/\/www.freebetsinfo.co.uk\/vi\/trang-web-ca-cuoc-moi\/","name":"Nh\u00e0 c\u00e1i m\u1edbi , Khuy\u1ebfn m\u00e3i m\u1edbi nh\u1ea5t h\u00e0ng th\u00e1ng c\u1ee7a c\u00f4ng ty d\u00e0nh cho nh\u00e0 c\u00e1i c\u00e1 c\u01b0\u1ee3c","isPartOf":{"@id":"https:\/\/www.freebetsinfo.co.uk\/vi\/#website"},"datePublished":"2017-11-18T09:21:33+00:00","dateModified":"2021-07-01T09:54:31+00:00","description":"Nh\u00e0 c\u00e1i m\u1edbi Chi\u1ebfn d\u1ecbch ti\u1ebfp th\u1ecb khuy\u1ebfn m\u00e3i ti\u1ec1n th\u01b0\u1edfng c\u1ee7a c\u00e1c trang web c\u1edd b\u1ea1c m\u1edbi nh\u1ea5t, t\u00f3m t\u1eaft ch\u00ednh t\u1eeb c\u00e1c nh\u00e0 c\u00e1i l\u1edbn nh\u1ea5t c\u1ee7a V\u01b0\u01a1ng qu\u1ed1c Anh.","breadcrumb":{"@id":"https:\/\/www.freebetsinfo.co.uk\/vi\/trang-web-ca-cuoc-moi\/#breadcrumb"},"inLanguage":"vi-VN","potentialAction":[{"@type":"ReadAction","target":["https:\/\/www.freebetsinfo.co.uk\/vi\/trang-web-ca-cuoc-moi\/"]}]},{"@type":"BreadcrumbList","@id":"https:\/\/www.freebetsinfo.co.uk\/vi\/trang-web-ca-cuoc-moi\/#breadcrumb","itemListElement":[{"@type":"ListItem","position":1,"name":"Home","item":"https:\/\/www.freebetsinfo.co.uk\/vi\/"},{"@type":"ListItem","position":2,"name":"Nh\u00e0 c\u00e1i m\u1edbi"}]},{"@type":"WebSite","@id":"https:\/\/www.freebetsinfo.co.uk\/vi\/#website","url":"https:\/\/www.freebetsinfo.co.uk\/vi\/","name":"Mi\u1ec5n ph\u00ed C\u01b0\u1ee3c, tr\u1ef1c Tuy\u1ebfn C\u01b0\u1ee3c th\u00f4ng tin c\u00e1 C\u01b0\u1ee3c","description":"T\u1ed1t nh\u1ea5t c\u00e1 C\u01b0\u1ee3c tr\u1ef1c Tuy\u1ebfn v\u00e0 Casino Kh\u00f4ng c\u00f3 Ti\u1ec1n Th\u01b0\u1edfng M\u00e3! \u2705Tr\u1ef1c Tuy\u1ebfn H\u00e0ng \u0110\u1ea7u Trang Web \u0110\u1eb7t C\u01b0\u1ee3c Gi\u00e1, \u2705T\u1ed1t Nh\u1ea5t S\u00f2ng B\u1ea1c Tr\u1ef1c Tuy\u1ebfn Ti\u1ec1n Th\u01b0\u1edfng!","potentialAction":[{"@type":"SearchAction","target":{"@type":"EntryPoint","urlTemplate":"https:\/\/www.freebetsinfo.co.uk\/vi\/?s={search_term_string}"},"query-input":{"@type":"PropertyValueSpecification","valueRequired":true,"valueName":"search_term_string"}}],"inLanguage":"vi-VN"}]}},"uagb_featured_image_src":{"full":false,"thumbnail":false,"medium":false,"medium_large":false,"large":false,"1536x1536":false,"2048x2048":false,"small":false,"custom-size":false},"uagb_author_info":{"display_name":"\u7ba1\u7406","author_link":"https:\/\/www.freebetsinfo.co.uk\/vi\/author\/kdfl4q\/"},"uagb_comment_info":0,"uagb_excerpt":"Nh\u00e0 c\u00e1i m\u1edbi B\u1ea1n c\u00f3 bi\u1ebft l\u1ee3i \u00edch c\u1ee7a c\u00e1c trang web c\u00e1 c\u01b0\u1ee3c m\u1edbi kh\u00f4ng? \u01afu \u0111i\u1ec3m ch\u00ednh c\u1ee7a vi\u1ec7c \u0111\u0103ng k\u00fd to\u00e0n b\u1ed9 nh\u00e0 c\u00e1i m\u1edbi l\u00e0 c\u01a1 h\u1ed9i \u0111\u1ec3 t\u1eadn d\u1ee5ng t\u1ed1i \u0111a c\u00e1c \u01b0u \u0111\u00e3i khuy\u1ebfn kh\u00edch c\u1ee7a h\u1ecd. Kh\u00f4ng gi\u1ed1ng nh\u01b0 c\u00e1c nh\u00e0 c\u00e1i \u0111\u00e3 th\u00e0nh l\u1eadp, c\u00e1c nh\u00e0 \u0111i\u1ec1u...&hellip;","_links":{"self":[{"href":"https:\/\/www.freebetsinfo.co.uk\/vi\/wp-json\/wp\/v2\/pages\/1887","targetHints":{"allow":["GET"]}}],"collection":[{"href":"https:\/\/www.freebetsinfo.co.uk\/vi\/wp-json\/wp\/v2\/pages"}],"about":[{"href":"https:\/\/www.freebetsinfo.co.uk\/vi\/wp-json\/wp\/v2\/types\/page"}],"author":[{"embeddable":true,"href":"https:\/\/www.freebetsinfo.co.uk\/vi\/wp-json\/wp\/v2\/users\/1"}],"replies":[{"embeddable":true,"href":"https:\/\/www.freebetsinfo.co.uk\/vi\/wp-json\/wp\/v2\/comments?post=1887"}],"version-history":[{"count":0,"href":"https:\/\/www.freebetsinfo.co.uk\/vi\/wp-json\/wp\/v2\/pages\/1887\/revisions"}],"wp:attachment":[{"href":"https:\/\/www.freebetsinfo.co.uk\/vi\/wp-json\/wp\/v2\/media?parent=1887"}],"curies":[{"name":"wp","href":"https:\/\/api.w.org\/{rel}","templated":true}]}}