{"id":27365,"date":"2021-06-08T09:31:52","date_gmt":"2021-06-08T09:31:52","guid":{"rendered":"https:\/\/www.freebetsinfo.co.uk\/cuoc-xeng\/"},"modified":"2021-07-01T10:10:42","modified_gmt":"2021-07-01T10:10:42","slug":"danh-cuoc","status":"publish","type":"page","link":"https:\/\/www.freebetsinfo.co.uk\/vi\/danh-cuoc\/","title":{"rendered":"C\u01b0\u1ee3c x\u00e8ng"},"content":{"rendered":"<h3><span style=\"color: #808080;\">Ch\u00fang t\u00f4i lu\u00f4n ki\u1ec3m tra l\u1eddi ch\u1ee9ng th\u1ef1c c\u1ee7a ng\u01b0\u1eddi d\u00f9ng cu\u1ed1i<\/span><\/h3>\n<p><span style=\"color: #808080;\">Gi\u1ed1ng nh\u01b0 khi b\u1ea1n mua b\u1ea5t k\u1ef3 th\u1ee9 g\u00ec kh\u00e1c tr\u1ef1c tuy\u1ebfn, b\u1ea1n th\u01b0\u1eddng mu\u1ed1n ngh\u0129 \u0111\u1ebfn c\u00e1c \u0111\u00e1nh gi\u00e1 c\u1ee7a ng\u01b0\u1eddi ti\u00eau d\u00f9ng. \u0110\u00f4i khi ai \u0111\u00f3 c\u00f3 th\u1ec3 c\u00f3 ki\u1ebfn th\u1ee9c c\u00e1 nh\u00e2n ti\u00eau c\u1ef1c v\u1ec1 \u1ee9ng d\u1ee5ng m\u00e1y \u0111\u00e1nh b\u1ea1c \u0111\u00f4 la ch\u00ednh h\u00e3ng ho\u1eb7c trang web s\u00f2ng b\u1ea1c v\u00e0 k\u1ebft qu\u1ea3 l\u00e0 \u0111\u1ec3 l\u1ea1i \u0111\u00e1nh gi\u00e1 qu\u00e1 nghi\u00eam kh\u1eafc.<\/span><\/p>\n<h3><span style=\"color: #808080;\">M\u1edbi nh\u1ea5t<a href=\"https:\/\/www.freebetsinfo.co.uk\/zh-hans\/%e4%ba%9a%e6%b4%b2%e5%8d%9a%e5%bd%a9%e5%85%ac%e5%8f%b8\/\"> \u01afu \u0111\u00e3i C\u01b0\u1ee3c Slot<\/a> m\u1eb7t tr\u00e1i, c\u00e1c c\u00e1 nh\u00e2n s\u1ebd \u0111\u1ec3 l\u1ea1i l\u1eddi ch\u1ee9ng th\u1ef1c c\u00f3 l\u1ee3i v\u00ec h\u1ecd \u0111\u01b0\u1ee3c tr\u1ea3 ti\u1ec1n \u0111\u1ec3 l\u00e0m \u0111i\u1ec1u n\u00e0y. <\/span><\/h3>\n<p><span style=\"color: #808080;\">\u0110\u00f3 l\u00e0 l\u00fd do t\u1ea1i sao l\u1eddi ch\u1ee9ng th\u1ef1c v\u1ec1 c\u00e1c casions tr\u00f2 ch\u01a1i m\u00e1y \u0111\u00e1nh b\u1ea1c tr\u00ean web kh\u00f4ng cho bi\u1ebft t\u01b0\u1eddng thu\u1eadt \u0111\u1ea7y \u0111\u1ee7. Th\u1eadt kh\u00f3, nh\u01b0ng t\u1ea5t c\u1ea3 ch\u00fang t\u00f4i \u0111\u1ec1u c\u1ed1 g\u1eafng h\u1ebft s\u1ee9c \u0111\u1ec3 t\u00ecm ki\u1ebfm qua m\u1ed9t s\u1ed1 \u0111\u00e1nh gi\u00e1 v\u00e0 t\u00ecm ra nh\u1eefng \u0111\u00e1nh gi\u00e1 n\u00e0o th\u1ef1c s\u1ef1 l\u00e0 ch\u00ednh h\u00e3ng d\u1ef1a tr\u00ean t\u1eeb ng\u1eef, h\u1ed3 s\u01a1 theo d\u00f5i c\u1ee7a ng\u01b0\u1eddi d\u00f9ng cu\u1ed1i v\u00e0 nh\u1eefng tr\u1ea3i nghi\u1ec7m c\u00e1 nh\u00e2n c\u1ee7a ch\u00fang t\u00f4i khi s\u1eed d\u1ee5ng c\u00e1c trang web s\u00f2ng b\u1ea1c tr\u1ef1c tuy\u1ebfn.<\/span><\/p>\n<p><span style=\"color: #808080;\">Reddit l\u00e0 m\u1ed9t h\u1ec7 th\u1ed1ng tuy\u1ec7t v\u1eddi \u0111\u1ec3 ki\u1ec3m tra l\u1eddi ch\u1ee9ng th\u1ef1c v\u00ec h\u1ecd c\u00f3 ng\u01b0\u1eddi ki\u1ec3m duy\u1ec7t trong di\u1ec5n \u0111\u00e0n th\u01b0\u1eddng xuy\u00ean lo\u1ea1i b\u1ecf c\u00e1c b\u00e0i \u0111\u0103ng spam.<\/span><\/p>\n<h3><span style=\"color: #808080;\">Ch\u00fang t\u00f4i ki\u1ec3m tra c\u00e1c kho\u1ea3n thanh to\u00e1n<\/span><\/h3>\n<p><span style=\"color: #808080;\">M\u1ed9t \u0111i\u1ec1u quan tr\u1ecdng m\u00e0 ch\u00fang t\u00f4i th\u1ef1c s\u1ef1 c\u1ea3m th\u1ea5y th\u1ef1c s\u1ef1 \u0111\u01a1n v\u1ecb ch\u00fang t\u00f4i b\u00ean c\u1ea1nh t\u1ea5t c\u1ea3 nh\u1eefng ng\u01b0\u1eddi \u0111\u00e1nh gi\u00e1 kh\u00e1c \u0111\u00f3 l\u00e0 s\u1ef1 s\u00e0ng l\u1ecdc c\u1ee7a ch\u00fang t\u00f4i trong c\u00e1c l\u1ef1a ch\u1ecdn t\u00e0i ch\u00ednh t\u1ea1i b\u1ea5t k\u1ef3 s\u00f2ng b\u1ea1c tr\u1ef1c tuy\u1ebfn m\u00e1y \u0111\u00e1nh b\u1ea1c th\u1ef1c t\u1ebf n\u00e0o. Quy\u1ebft \u0111\u1ecbnh m\u1ed9t trang web s\u00f2ng b\u1ea1c tr\u1ef1c tuy\u1ebfn c\u1ee7a Hoa K\u1ef3 kh\u00f4ng ph\u1ea3i l\u00e0 vi\u1ec7c nh\u1ecf, v\u00e0 \u0111\u1ea3m b\u1ea3o vi\u1ec7c g\u1eedi v\u00e0 r\u00fat ti\u1ec1n an to\u00e0n l\u00e0 m\u1ee5c ti\u00eau ban \u0111\u1ea7u c\u1ee7a ch\u00fang t\u00f4i khi tham gia v\u00e0o c\u00e1c tr\u00f2 ch\u01a1i c\u1ed5ng tr\u1ef1c tuy\u1ebfn ki\u1ebfm ti\u1ec1n.<\/span><\/p>\n<p><span style=\"color: #808080;\">Ch\u00fang t\u00f4i mu\u1ed1n t\u1ea1o m\u1ed9t s\u1ed1 t\u00e0i kho\u1ea3n \u0111\u1ed9c l\u1eadp v\u00e0 th\u1eed t\u1ea1o ti\u1ec1n g\u1eedi v\u00e0 r\u00fat ti\u1ec1n. Ch\u00fang t\u00f4i \u0111\u1ea3m b\u1ea3o r\u1eb1ng m\u1ed7i ng\u01b0\u1eddi d\u00f9ng c\u1ee7a ch\u00fang t\u00f4i c\u00f3 th\u1ec3 li\u00ean t\u1ee5c g\u1eedi ti\u1ec1n, ch\u01a1i m\u1ed9t s\u1ed1 tr\u00f2 ch\u01a1i \u0111i\u1ec7n t\u1eed v\u00e0 nh\u1eadn ti\u1ec1n theo c\u00e1ch th\u00edch h\u1ee3p.<\/span><\/p>\n<p><span style=\"color: #808080;\">Khi ch\u00fang t\u00f4i x\u00e1c \u0111\u1ecbnh \u0111\u01b0\u1ee3c b\u1ea5t k\u1ef3 tr\u1ee5c tr\u1eb7c n\u00e0o, ch\u00fang t\u00f4i s\u1ebd \u0111\u1ebfn ngay d\u1ecbch v\u1ee5 kh\u00e1ch h\u00e0ng \u0111\u1ec3 t\u00ecm hi\u1ec3u xem li\u1ec7u ch\u00fang t\u00f4i c\u00f3 th\u1ec3 gi\u1ea3i quy\u1ebft n\u00f3 m\u1ed9t c\u00e1ch th\u1eb3ng th\u1eafn hay kh\u00f4ng. Khi ch\u00fang t\u00f4i c\u00f3 c\u00e1ch gi\u1ea3i quy\u1ebft t\u1eeb h\u1ecd, ch\u00fang t\u00f4i hi\u1ec3u r\u1eb1ng ch\u00fang t\u00f4i \u0111ang th\u1ef1c hi\u1ec7n m\u1ed9t ho\u1ea1t \u0111\u1ed9ng kh\u00f4ng trung th\u1ef1c.<\/span><\/p>\n<h3><span style=\"color: #808080;\">Ch\u00fang t\u00f4i s\u1eed d\u1ee5ng t\u1eebng v\u00e0 m\u1ecdi h\u00ecnh th\u1ee9c li\u00ean h\u1ec7 v\u1edbi Money ch\u00ednh h\u00e3ng US<a href=\"https:\/\/www.freebetsinfo.co.uk\/zh-hans\/%e4%ba%9a%e6%b4%b2%e5%8d%9a%e5%bd%a9%e5%85%ac%e5%8f%b8\/\"> \u01afu \u0111\u00e3i C\u01b0\u1ee3c Slot M\u1edbi nh\u1ea5t<\/a> Cung c\u1ea5p<\/span><\/h3>\n<p><span style=\"color: #808080;\">B\u1ea1n th\u01b0\u1eddng s\u1ebd t\u00ecm th\u1ea5y nhi\u1ec1u ph\u01b0\u01a1ng th\u1ee9c li\u00ean l\u1ea1c kh\u00e1c nhau, ch\u1eb3ng h\u1ea1n nh\u01b0 e-mail, ho\u1eb7c th\u1eadm ch\u00ed s\u1ed1 \u0111i\u1ec7n tho\u1ea1i di \u0111\u1ed9ng c\u1ee7a b\u1ea1n trong s\u00f2ng b\u1ea1c Internet m\u00e0 b\u1ea1n l\u1ef1a ch\u1ecdn. \u0110\u00f4i khi, b\u1ea1n th\u1eadm ch\u00ed c\u00f3 th\u1ec3 t\u00ecm th\u1ea5y n\u01a1i \u1edf c\u1ee7a m\u00ecnh \u0111\u1ec3 tr\u00f2 chuy\u1ec7n. C\u00f3 r\u1ea5t nhi\u1ec1u t\u00f9y ch\u1ecdn kh\u00e1c c\u00f3 s\u1eb5n, nh\u01b0ng b\u1ea5t k\u1ec3 c\u00f3 bao nhi\u00eau t\u00f9y ch\u1ecdn, ch\u00fang t\u00f4i s\u1ebd ki\u1ec3m tra t\u1ea5t c\u1ea3. V\u1ea5n \u0111\u1ec1 kh\u00f4ng ph\u1ea3i l\u00e0 ch\u00fang t\u00f4i \u0111\u00e3 ki\u1ec3m tra. C\u00f3 bao nhi\u00eau c\u01a1 s\u1edf \u0111\u00e1nh b\u1ea1c m\u00e1y \u0111\u00e1nh b\u1ea1c internet, ch\u00fang t\u00f4i s\u1ebd x\u00e1c minh m\u1ecdi s\u1ef1 l\u1ef1a ch\u1ecdn m\u1ed7i l\u1ea7n.<\/span><\/p>\n<p><span style=\"color: #808080;\">Ch\u00fang t\u00f4i \u0111ang ki\u1ec3m tra t\u1ef7 l\u1ec7 ph\u1ea3n h\u1ed3i c\u1ee7a h\u1ecd. V\u00e0 ch\u00fang n\u1eb1m trong khung th\u1eddi gian \u0111\u00e3 h\u1ee9a. Tr\u1ea3 l\u1eddi th\u1eddi gian c\u1ee7a ch\u00fang t\u00f4i. N\u1ebfu s\u00f2ng b\u1ea1c internet tuy\u00ean b\u1ed1. Ch\u00fang c\u00f3 th\u1ec3 trong v\u00f2ng hai m\u01b0\u01a1i b\u1ed1n gi\u1edd. \u0110\u1ec3 \u0111\u1ed1i ph\u00f3 v\u1edbi b\u1ea5t k\u1ef3 v\u1ea5n \u0111\u1ec1 n\u00e0o, ch\u00fang t\u00f4i d\u1ef1a v\u00e0o nh\u1eefng \u0111i\u1ec1u n\u00e0y \u0111\u1ec3 h\u1ed7 tr\u1ee3 quy tr\u00ecnh n\u00e0y.<\/span><\/p>\n<p><span style=\"color: #808080;\">Tuy nhi\u00ean, m\u1ed9t \u0111i\u1ec1u kh\u00e1c m\u00e0 ch\u00fang t\u00f4i ki\u1ec3m tra l\u00e0 khi h\u1ecd n\u00f3i chuy\u1ec7n v\u1edbi ch\u00fang t\u00f4i. Ch\u00fang t\u00f4i kh\u00f4ng mu\u1ed1n h\u1ecd bi\u1ebft r\u1eb1ng c\u00f4ng ty c\u1ee7a ch\u00fang t\u00f4i l\u00e0 ng\u01b0\u1eddi \u0111\u00e1nh gi\u00e1, \u0111\u1ec3 ch\u00fang t\u00f4i \u0111\u1ea3m b\u1ea3o xu\u1ea5t hi\u1ec7n gi\u1ed1ng nh\u01b0 nh\u1eefng ng\u01b0\u1eddi b\u00ecnh th\u01b0\u1eddng \u0111ang c\u1ed1 g\u1eafng t\u00ecm ki\u1ebfm s\u1ef1 h\u1ed7 tr\u1ee3.<\/span><\/p>\n","protected":false},"excerpt":{"rendered":"Ch\u00fang t\u00f4i lu\u00f4n ki\u1ec3m tra l\u1eddi ch\u1ee9ng th\u1ef1c c\u1ee7a ng\u01b0\u1eddi d\u00f9ng cu\u1ed1i Gi\u1ed1ng nh\u01b0 khi b\u1ea1n mua b\u1ea5t k\u1ef3 th\u1ee9 g\u00ec kh\u00e1c tr\u1ef1c tuy\u1ebfn, b\u1ea1n th\u01b0\u1eddng mu\u1ed1n ngh\u0129 \u0111\u1ebfn c\u00e1c \u0111\u00e1nh gi\u00e1 c\u1ee7a ng\u01b0\u1eddi ti\u00eau d\u00f9ng. \u0110\u00f4i khi ai \u0111\u00f3 c\u00f3 th\u1ec3 c\u00f3 ki\u1ebfn th\u1ee9c c\u00e1 nh\u00e2n ti\u00eau c\u1ef1c v\u1ec1 \u1ee9ng d\u1ee5ng m\u00e1y \u0111\u00e1nh b\u1ea1c&#8230; <a class=\"view-article\" href=\"https:\/\/www.freebetsinfo.co.uk\/vi\/danh-cuoc\/\">View Article<\/a>","protected":false},"author":1,"featured_media":0,"parent":0,"menu_order":0,"comment_status":"closed","ping_status":"closed","template":"Asia-Casino-Page-Template.php","meta":{"_uag_custom_page_level_css":"","footnotes":""},"class_list":["post-27365","page","type-page","status-publish","hentry"],"yoast_head":"<!-- This site is optimized with the Yoast SEO Premium plugin v19.5 (Yoast SEO v27.5) - https:\/\/yoast.com\/product\/yoast-seo-premium-wordpress\/ -->\n<title>C\u01b0\u1ee3c x\u00e8ng , C\u00e1c \u01b0u \u0111\u00e3i C\u01b0\u1ee3c Slot M\u1edbi nh\u1ea5t c\u1ee7a Nh\u00e0 c\u00e1i Ch\u00e2u \u00c1<\/title>\n<meta name=\"description\" content=\"C\u01b0\u1ee3c x\u00e8ng , Nh\u00e0 c\u00e1i Ch\u00e2u \u00c1 \u01afu \u0111\u00e3i C\u01b0\u1ee3c Slot m\u1edbi nh\u1ea5t, Nh\u00e0 c\u00e1i tr\u1ef1c tuy\u1ebfn t\u1ed1t nh\u1ea5t Ch\u00e2u \u00c1 v\u1edbi nhi\u1ec1u \u01b0u \u0111\u00e3i v\u00e0 r\u00fat ti\u1ec1n nhanh nh\u1ea5t.\" \/>\n<meta name=\"robots\" content=\"index, follow, max-snippet:-1, max-image-preview:large, max-video-preview:-1\" \/>\n<link rel=\"canonical\" href=\"https:\/\/www.freebetsinfo.co.uk\/vi\/danh-cuoc\/\" \/>\n<meta property=\"og:locale\" content=\"vi_VN\" \/>\n<meta property=\"og:type\" content=\"article\" \/>\n<meta property=\"og:title\" content=\"C\u01b0\u1ee3c x\u00e8ng\" \/>\n<meta property=\"og:description\" content=\"C\u01b0\u1ee3c x\u00e8ng , Nh\u00e0 c\u00e1i Ch\u00e2u \u00c1 \u01afu \u0111\u00e3i C\u01b0\u1ee3c Slot m\u1edbi nh\u1ea5t, Nh\u00e0 c\u00e1i tr\u1ef1c tuy\u1ebfn t\u1ed1t nh\u1ea5t Ch\u00e2u \u00c1 v\u1edbi nhi\u1ec1u \u01b0u \u0111\u00e3i v\u00e0 r\u00fat ti\u1ec1n nhanh nh\u1ea5t.\" \/>\n<meta property=\"og:url\" content=\"https:\/\/www.freebetsinfo.co.uk\/vi\/danh-cuoc\/\" \/>\n<meta property=\"og:site_name\" content=\"Mi\u1ec5n ph\u00ed C\u01b0\u1ee3c, tr\u1ef1c Tuy\u1ebfn C\u01b0\u1ee3c th\u00f4ng tin c\u00e1 C\u01b0\u1ee3c\" \/>\n<meta property=\"article:modified_time\" content=\"2021-07-01T10:10:42+00:00\" \/>\n<meta name=\"twitter:card\" content=\"summary_large_image\" \/>\n<meta name=\"twitter:label1\" content=\"Est. reading time\" \/>\n\t<meta name=\"twitter:data1\" content=\"5 minutes\" \/>\n<script type=\"application\/ld+json\" class=\"yoast-schema-graph\">{\"@context\":\"https:\\\/\\\/schema.org\",\"@graph\":[{\"@type\":\"WebPage\",\"@id\":\"https:\\\/\\\/www.freebetsinfo.co.uk\\\/vi\\\/danh-cuoc\\\/\",\"url\":\"https:\\\/\\\/www.freebetsinfo.co.uk\\\/vi\\\/danh-cuoc\\\/\",\"name\":\"C\u01b0\u1ee3c x\u00e8ng , C\u00e1c \u01b0u \u0111\u00e3i C\u01b0\u1ee3c Slot M\u1edbi nh\u1ea5t c\u1ee7a Nh\u00e0 c\u00e1i Ch\u00e2u \u00c1\",\"isPartOf\":{\"@id\":\"https:\\\/\\\/www.freebetsinfo.co.uk\\\/vi\\\/#website\"},\"datePublished\":\"2021-06-08T09:31:52+00:00\",\"dateModified\":\"2021-07-01T10:10:42+00:00\",\"description\":\"C\u01b0\u1ee3c x\u00e8ng , Nh\u00e0 c\u00e1i Ch\u00e2u \u00c1 \u01afu \u0111\u00e3i C\u01b0\u1ee3c Slot m\u1edbi nh\u1ea5t, Nh\u00e0 c\u00e1i tr\u1ef1c tuy\u1ebfn t\u1ed1t nh\u1ea5t Ch\u00e2u \u00c1 v\u1edbi nhi\u1ec1u \u01b0u \u0111\u00e3i v\u00e0 r\u00fat ti\u1ec1n nhanh nh\u1ea5t.\",\"breadcrumb\":{\"@id\":\"https:\\\/\\\/www.freebetsinfo.co.uk\\\/vi\\\/danh-cuoc\\\/#breadcrumb\"},\"inLanguage\":\"vi-VN\",\"potentialAction\":[{\"@type\":\"ReadAction\",\"target\":[\"https:\\\/\\\/www.freebetsinfo.co.uk\\\/vi\\\/danh-cuoc\\\/\"]}]},{\"@type\":\"BreadcrumbList\",\"@id\":\"https:\\\/\\\/www.freebetsinfo.co.uk\\\/vi\\\/danh-cuoc\\\/#breadcrumb\",\"itemListElement\":[{\"@type\":\"ListItem\",\"position\":1,\"name\":\"Home\",\"item\":\"https:\\\/\\\/www.freebetsinfo.co.uk\\\/vi\\\/\"},{\"@type\":\"ListItem\",\"position\":2,\"name\":\"C\u01b0\u1ee3c x\u00e8ng\"}]},{\"@type\":\"WebSite\",\"@id\":\"https:\\\/\\\/www.freebetsinfo.co.uk\\\/vi\\\/#website\",\"url\":\"https:\\\/\\\/www.freebetsinfo.co.uk\\\/vi\\\/\",\"name\":\"Mi\u1ec5n ph\u00ed C\u01b0\u1ee3c, tr\u1ef1c Tuy\u1ebfn C\u01b0\u1ee3c th\u00f4ng tin c\u00e1 C\u01b0\u1ee3c\",\"description\":\"T\u1ed1t nh\u1ea5t c\u00e1 C\u01b0\u1ee3c tr\u1ef1c Tuy\u1ebfn v\u00e0 Casino Kh\u00f4ng c\u00f3 Ti\u1ec1n Th\u01b0\u1edfng M\u00e3! \u2705Tr\u1ef1c Tuy\u1ebfn H\u00e0ng \u0110\u1ea7u Trang Web \u0110\u1eb7t C\u01b0\u1ee3c Gi\u00e1, \u2705T\u1ed1t Nh\u1ea5t S\u00f2ng B\u1ea1c Tr\u1ef1c Tuy\u1ebfn Ti\u1ec1n Th\u01b0\u1edfng!\",\"potentialAction\":[{\"@type\":\"SearchAction\",\"target\":{\"@type\":\"EntryPoint\",\"urlTemplate\":\"https:\\\/\\\/www.freebetsinfo.co.uk\\\/vi\\\/?s={search_term_string}\"},\"query-input\":{\"@type\":\"PropertyValueSpecification\",\"valueRequired\":true,\"valueName\":\"search_term_string\"}}],\"inLanguage\":\"vi-VN\"}]}<\/script>\n<!-- \/ Yoast SEO Premium plugin. -->","yoast_head_json":{"title":"C\u01b0\u1ee3c x\u00e8ng , C\u00e1c \u01b0u \u0111\u00e3i C\u01b0\u1ee3c Slot M\u1edbi nh\u1ea5t c\u1ee7a Nh\u00e0 c\u00e1i Ch\u00e2u \u00c1","description":"C\u01b0\u1ee3c x\u00e8ng , Nh\u00e0 c\u00e1i Ch\u00e2u \u00c1 \u01afu \u0111\u00e3i C\u01b0\u1ee3c Slot m\u1edbi nh\u1ea5t, Nh\u00e0 c\u00e1i tr\u1ef1c tuy\u1ebfn t\u1ed1t nh\u1ea5t Ch\u00e2u \u00c1 v\u1edbi nhi\u1ec1u \u01b0u \u0111\u00e3i v\u00e0 r\u00fat ti\u1ec1n nhanh nh\u1ea5t.","robots":{"index":"index","follow":"follow","max-snippet":"max-snippet:-1","max-image-preview":"max-image-preview:large","max-video-preview":"max-video-preview:-1"},"canonical":"https:\/\/www.freebetsinfo.co.uk\/vi\/danh-cuoc\/","og_locale":"vi_VN","og_type":"article","og_title":"C\u01b0\u1ee3c x\u00e8ng","og_description":"C\u01b0\u1ee3c x\u00e8ng , Nh\u00e0 c\u00e1i Ch\u00e2u \u00c1 \u01afu \u0111\u00e3i C\u01b0\u1ee3c Slot m\u1edbi nh\u1ea5t, Nh\u00e0 c\u00e1i tr\u1ef1c tuy\u1ebfn t\u1ed1t nh\u1ea5t Ch\u00e2u \u00c1 v\u1edbi nhi\u1ec1u \u01b0u \u0111\u00e3i v\u00e0 r\u00fat ti\u1ec1n nhanh nh\u1ea5t.","og_url":"https:\/\/www.freebetsinfo.co.uk\/vi\/danh-cuoc\/","og_site_name":"Mi\u1ec5n ph\u00ed C\u01b0\u1ee3c, tr\u1ef1c Tuy\u1ebfn C\u01b0\u1ee3c th\u00f4ng tin c\u00e1 C\u01b0\u1ee3c","article_modified_time":"2021-07-01T10:10:42+00:00","twitter_card":"summary_large_image","twitter_misc":{"Est. reading time":"5 minutes"},"schema":{"@context":"https:\/\/schema.org","@graph":[{"@type":"WebPage","@id":"https:\/\/www.freebetsinfo.co.uk\/vi\/danh-cuoc\/","url":"https:\/\/www.freebetsinfo.co.uk\/vi\/danh-cuoc\/","name":"C\u01b0\u1ee3c x\u00e8ng , C\u00e1c \u01b0u \u0111\u00e3i C\u01b0\u1ee3c Slot M\u1edbi nh\u1ea5t c\u1ee7a Nh\u00e0 c\u00e1i Ch\u00e2u \u00c1","isPartOf":{"@id":"https:\/\/www.freebetsinfo.co.uk\/vi\/#website"},"datePublished":"2021-06-08T09:31:52+00:00","dateModified":"2021-07-01T10:10:42+00:00","description":"C\u01b0\u1ee3c x\u00e8ng , Nh\u00e0 c\u00e1i Ch\u00e2u \u00c1 \u01afu \u0111\u00e3i C\u01b0\u1ee3c Slot m\u1edbi nh\u1ea5t, Nh\u00e0 c\u00e1i tr\u1ef1c tuy\u1ebfn t\u1ed1t nh\u1ea5t Ch\u00e2u \u00c1 v\u1edbi nhi\u1ec1u \u01b0u \u0111\u00e3i v\u00e0 r\u00fat ti\u1ec1n nhanh nh\u1ea5t.","breadcrumb":{"@id":"https:\/\/www.freebetsinfo.co.uk\/vi\/danh-cuoc\/#breadcrumb"},"inLanguage":"vi-VN","potentialAction":[{"@type":"ReadAction","target":["https:\/\/www.freebetsinfo.co.uk\/vi\/danh-cuoc\/"]}]},{"@type":"BreadcrumbList","@id":"https:\/\/www.freebetsinfo.co.uk\/vi\/danh-cuoc\/#breadcrumb","itemListElement":[{"@type":"ListItem","position":1,"name":"Home","item":"https:\/\/www.freebetsinfo.co.uk\/vi\/"},{"@type":"ListItem","position":2,"name":"C\u01b0\u1ee3c x\u00e8ng"}]},{"@type":"WebSite","@id":"https:\/\/www.freebetsinfo.co.uk\/vi\/#website","url":"https:\/\/www.freebetsinfo.co.uk\/vi\/","name":"Mi\u1ec5n ph\u00ed C\u01b0\u1ee3c, tr\u1ef1c Tuy\u1ebfn C\u01b0\u1ee3c th\u00f4ng tin c\u00e1 C\u01b0\u1ee3c","description":"T\u1ed1t nh\u1ea5t c\u00e1 C\u01b0\u1ee3c tr\u1ef1c Tuy\u1ebfn v\u00e0 Casino Kh\u00f4ng c\u00f3 Ti\u1ec1n Th\u01b0\u1edfng M\u00e3! \u2705Tr\u1ef1c Tuy\u1ebfn H\u00e0ng \u0110\u1ea7u Trang Web \u0110\u1eb7t C\u01b0\u1ee3c Gi\u00e1, \u2705T\u1ed1t Nh\u1ea5t S\u00f2ng B\u1ea1c Tr\u1ef1c Tuy\u1ebfn Ti\u1ec1n Th\u01b0\u1edfng!","potentialAction":[{"@type":"SearchAction","target":{"@type":"EntryPoint","urlTemplate":"https:\/\/www.freebetsinfo.co.uk\/vi\/?s={search_term_string}"},"query-input":{"@type":"PropertyValueSpecification","valueRequired":true,"valueName":"search_term_string"}}],"inLanguage":"vi-VN"}]}},"uagb_featured_image_src":{"full":false,"thumbnail":false,"medium":false,"medium_large":false,"large":false,"1536x1536":false,"2048x2048":false,"small":false,"custom-size":false},"uagb_author_info":{"display_name":"\u7ba1\u7406","author_link":"https:\/\/www.freebetsinfo.co.uk\/vi\/author\/kdfl4q\/"},"uagb_comment_info":0,"uagb_excerpt":"Ch\u00fang t\u00f4i lu\u00f4n ki\u1ec3m tra l\u1eddi ch\u1ee9ng th\u1ef1c c\u1ee7a ng\u01b0\u1eddi d\u00f9ng cu\u1ed1i Gi\u1ed1ng nh\u01b0 khi b\u1ea1n mua b\u1ea5t k\u1ef3 th\u1ee9 g\u00ec kh\u00e1c tr\u1ef1c tuy\u1ebfn, b\u1ea1n th\u01b0\u1eddng mu\u1ed1n ngh\u0129 \u0111\u1ebfn c\u00e1c \u0111\u00e1nh gi\u00e1 c\u1ee7a ng\u01b0\u1eddi ti\u00eau d\u00f9ng. \u0110\u00f4i khi ai \u0111\u00f3 c\u00f3 th\u1ec3 c\u00f3 ki\u1ebfn th\u1ee9c c\u00e1 nh\u00e2n ti\u00eau c\u1ef1c v\u1ec1 \u1ee9ng d\u1ee5ng m\u00e1y \u0111\u00e1nh b\u1ea1c...&hellip;","_links":{"self":[{"href":"https:\/\/www.freebetsinfo.co.uk\/vi\/wp-json\/wp\/v2\/pages\/27365","targetHints":{"allow":["GET"]}}],"collection":[{"href":"https:\/\/www.freebetsinfo.co.uk\/vi\/wp-json\/wp\/v2\/pages"}],"about":[{"href":"https:\/\/www.freebetsinfo.co.uk\/vi\/wp-json\/wp\/v2\/types\/page"}],"author":[{"embeddable":true,"href":"https:\/\/www.freebetsinfo.co.uk\/vi\/wp-json\/wp\/v2\/users\/1"}],"replies":[{"embeddable":true,"href":"https:\/\/www.freebetsinfo.co.uk\/vi\/wp-json\/wp\/v2\/comments?post=27365"}],"version-history":[{"count":0,"href":"https:\/\/www.freebetsinfo.co.uk\/vi\/wp-json\/wp\/v2\/pages\/27365\/revisions"}],"wp:attachment":[{"href":"https:\/\/www.freebetsinfo.co.uk\/vi\/wp-json\/wp\/v2\/media?parent=27365"}],"curies":[{"name":"wp","href":"https:\/\/api.w.org\/{rel}","templated":true}]}}