{"id":29968,"date":"2021-06-27T04:05:13","date_gmt":"2021-06-27T04:05:13","guid":{"rendered":"https:\/\/www.freebetsinfo.co.uk\/chau-au-bookmakers\/"},"modified":"2021-07-09T07:59:15","modified_gmt":"2021-07-09T07:59:15","slug":"nh%c3%a0-c%c3%a1i-ch%c3%a2u-%c3%82u","status":"publish","type":"page","link":"https:\/\/www.freebetsinfo.co.uk\/vi\/nh%c3%a0-c%c3%a1i-ch%c3%a2u-%c3%82u\/","title":{"rendered":"Nh\u00e0 c\u00e1i Ch\u00e2u \u00c2u"},"content":{"rendered":"<h3><span style=\"color: #808080;\">Nh\u00e0 c\u00e1i Ch\u00e2u \u00c2u tr\u1ef1c tuy\u1ebfn<\/span><\/h3>\n<p><span style=\"color: #808080;\">Ch\u01a1i tr\u00ean web d\u01b0\u1eddng nh\u01b0 \u0111ang tr\u1edf n\u00ean ph\u1ed5 bi\u1ebfn h\u01a1n m\u1ed7i ng\u00e0y. T\u1ea1i Nh\u00e0 c\u00e1i Ch\u00e2u \u00c2u. ch\u00fang t\u00f4i bi\u1ebft r\u00f5 \u0111i\u1ec1u \u0111\u00f3. S\u1ef1 lo l\u1eafng th\u00e1i qu\u00e1 th\u00f4ng qua c\u00e1c ho\u1ea1t \u0111\u1ed9ng th\u1ec3 thao tr\u00f2 ch\u01a1i tr\u1ef1c tuy\u1ebfn, quy\u1ebft \u0111\u1ecbnh nhanh ch\u00f3ng \u1edf l\u1ea1i ch\u01a1i, v\u00e0 r\u1ee7i ro th\u1eafng l\u1edbn\u2026 t\u1ea5t c\u1ea3 \u0111\u1ec1u l\u00e0 nh\u1eefng y\u1ebfu t\u1ed1 tuy\u1ec7t v\u1eddi \u0111\u1eb1ng sau vi\u1ec7c ch\u01a1i c\u00e1c ho\u1ea1t \u0111\u1ed9ng th\u1ec3 thao ki\u1ebfm ti\u1ec1n ph\u00f9 h\u1ee3p. Nh\u01b0ng tr\u01b0\u1edbc khi b\u1eaft \u0111\u1ea7u m\u01a1 v\u1ec1 s\u1ed1 ti\u1ec1n m\u1eb7t \u0111\u00e1ng k\u1ec3 \u0111\u00f3, b\u1ea1n gi\u1ed1ng nh\u01b0 m\u1ed9t ng\u01b0\u1eddi ch\u01a1i tr\u01b0\u1edbc ti\u00ean ph\u1ea3i \u0111\u0103ng k\u00fd v\u1edbi m\u1ed9t nh\u00e0 c\u00e1i c\u00e1 c\u01b0\u1ee3c. M\u1ed9t nh\u00e0 c\u00e1i c\u00e1 c\u01b0\u1ee3c ch\u1eafc ch\u1eafn l\u00e0 m\u1ed9t c\u00f4ng ty c\u1edd b\u1ea1c tr\u1ef1c tuy\u1ebfn v\u00e0 \u0111\u1ea3m b\u1ea3o r\u1eb1ng b\u1ea1n c\u00f3 th\u1ec3 l\u1ef1a ch\u1ecdn t\u1eeb ph\u00eda sau m\u00e1y t\u00ednh ho\u1eb7c \u0111i\u1ec7n tho\u1ea1i di \u0111\u1ed9ng c\u1ee7a m\u00ecnh \u1edf t\u1ea5t c\u1ea3 c\u00e1c lo\u1ea1i gi\u1ea3i \u0111\u1ea5u v\u00e0 c\u00e1c gi\u1ea3i \u0111\u1ea5u th\u1ec3 thao gay c\u1ea5n!<\/span><\/p>\n<h3><span style=\"color: #808080;\">Ch\u1ecdn \u0111\u00fang Nh\u00e0 c\u00e1i Ch\u00e2u \u00c2u<\/span><\/h3>\n<p><span style=\"color: #808080;\">Kh\u00f4ng c\u1ea7n ph\u1ea3i n\u00f3i, c\u1edd b\u1ea1c h\u1ee3p ph\u00e1p v\u00e0 kh\u00f4ng c\u00f3 r\u1ee7i ro l\u00e0 r\u1ea5t quan tr\u1ecdng. Tuy nhi\u00ean, b\u1ea1n ph\u1ea3i ch\u00fa \u00fd \u0111\u1ebfn nhi\u1ec1u \u0111i\u1ec1u. V\u00ec th\u1ef1c t\u1ebf, nh\u00e0 c\u00e1i cung c\u1ea5p lo\u1ea1i c\u01b0\u1ee3c n\u00e0o? L\u00e0m th\u1ebf n\u00e0o \u0111\u1ec3 trang web c\u00f3 th\u1ec3 ho\u1ea1t \u0111\u1ed9ng? V\u00e0 ti\u1ec1n th\u01b0\u1edfng th\u00eam cho ng\u01b0\u1eddi ch\u01a1i ho\u00e0n to\u00e0n m\u1edbi ch\u1eafc ch\u1eafn cao h\u01a1n bao nhi\u00eau? \u0110i\u1ec1u n\u00e0y ch\u1eafc ch\u1eafn l\u00e0 \u0111a d\u1ea1ng cho m\u1ecdi nh\u00e0 c\u00e1i. V\u00ec l\u00fd do \u0111\u00f3, b\u1ea1n n\u00ean \u0111\u1ecbnh h\u01b0\u1edbng ban \u0111\u1ea7u cho b\u1ea3n th\u00e2n tr\u01b0\u1edbc khi quy\u1ebft \u0111\u1ecbnh \u0111\u0103ng k\u00fd \u1edf b\u1ea5t c\u1ee9 \u0111\u00e2u.<\/span><\/p>\n<h3><span style=\"color: #808080;\">M\u1eb7c d\u00f9 ch\u00fang t\u00f4i kh\u00f4ng th\u1ec3 quy\u1ebft \u0111\u1ecbnh nh\u00e0 c\u00e1i c\u00e1 c\u01b0\u1ee3c n\u00e0o \u0111\u01b0\u1ee3c coi l\u00e0 ho\u00e0n h\u1ea3o nh\u1ea5t cho l\u1ef1a ch\u1ecdn c\u1ee7a b\u1ea1n.<\/span><\/h3>\n<p><span style=\"color: #808080;\">Do \u0111\u00f3, h\u00e3y nghi\u00ean c\u1ee9u c\u1ea9n th\u1eadn c\u00e1c b\u00e0i \u0111\u00e1nh gi\u00e1 to\u00e0n di\u1ec7n c\u1ee7a ch\u00fang t\u00f4i, sau \u0111\u00f3 c\u00e2n nh\u1eafc t\u1ea5t c\u1ea3 c\u00e1c \u01b0u v\u00e0 nh\u01b0\u1ee3c \u0111i\u1ec3m. Theo kinh nghi\u1ec7m c\u1ee7a ch\u00fang t\u00f4i, v\u1ec1 c\u01a1 b\u1ea3n \u0111\u00e2y l\u00e0 chi\u1ebfn l\u01b0\u1ee3c t\u1ed1t nh\u1ea5t. Cu\u1ed1i c\u00f9ng, vi\u1ec7c b\u1ea1n t\u00ecm ki\u1ebfm m\u1ed9t nh\u00e0 c\u00e1i c\u00e1 c\u01b0\u1ee3c ho\u00e0n h\u1ea3o t\u1eadp trung v\u00e0o m\u1ed9t \u0111i\u1ec1u: ch\u00ednh x\u00e1c th\u00ec hy v\u1ecdng c\u1ee7a b\u1ea1n l\u00e0 g\u00ec? M\u1ed9t nh\u00e0 c\u00e1i c\u00e1 c\u01b0\u1ee3c c\u1ee5 th\u1ec3 th\u1ef1c s\u1ef1 l\u00e0m t\u1ed1t trong m\u1ed9t b\u1ed9 s\u01b0u t\u1eadp c\u1ef1c k\u1ef3 l\u1edbn (v\u1edbi K\u00e8o Ch\u00e2u \u00c1 v\u00e0 K\u00e8o ba chi\u1ec1u). M\u1ed9t nh\u00e0 c\u00e1i kh\u00e1c r\u1ea5t t\u1ef1 h\u00e0o r\u1eb1ng t\u1ef7 l\u1ec7 c\u01b0\u1ee3c l\u00e0 nhi\u1ec1u h\u01a1n v\u1edbi nhi\u1ec1u c\u1ea1nh tranh kh\u00e1c nhau. Ho\u1eb7c c\u00f3 l\u1ebd b\u1ea1n mu\u1ed1n t\u1eadn d\u1ee5ng ph\u1ea7n th\u01b0\u1edfng khuy\u1ebfn kh\u00edch c\u00f3 th\u1ec3 truy c\u1eadp h\u00e0ng \u0111\u1ea7u.<\/span><\/p>\n<h3><span style=\"color: #808080;\">Ph\u1ea7n th\u01b0\u1edfng h\u1ea5p d\u1eabn cho ng\u01b0\u1eddi ch\u01a1i m\u1edbi toanh<\/span><\/h3>\n<p><span style=\"color: #808080;\">C\u00f3 r\u1ea5t nhi\u1ec1u \u0111\u1ed1i th\u1ee7 c\u1ea1nh tranh trong s\u1ed1 v\u00f4 s\u1ed1 c\u00e1c nh\u00e0 c\u00e1i. R\u1ea5t \u0111\u01a1n gi\u1ea3n: v\u1edbi m\u1ed9t l\u1ee3i \u00edch \u0111\u01b0\u1ee3c khuy\u1ebfn kh\u00edch. G\u1ea7n nh\u01b0 t\u1ea5t c\u1ea3 c\u00e1c nh\u00e0 c\u00e1i \u0111\u1ec1u n\u1ed7 l\u1ef1c \u0111\u1ec3 thu h\u00fat b\u1ea1n c\u00f3 ph\u1ea7n th\u01b0\u1edfng b\u1eaft m\u1eaft. N\u00f3 th\u01b0\u1eddng c\u0169ng l\u00e0 ph\u1ea7n th\u01b0\u1edfng 100% cho kho\u1ea3n thanh to\u00e1n tr\u01b0\u1edbc ban \u0111\u1ea7u. T\u1ea5t nhi\u00ean, b\u1ea1n s\u1ebd ph\u00e1t hi\u1ec7n ra m\u1ed9t h\u1ea1n ch\u1ebf \u0111\u1ed1i v\u1edbi \u0111i\u1ec1u n\u00e0y. V\u00ed d\u1ee5, v\u1edbi nhi\u1ec1u nh\u00e0 c\u00e1i, b\u1ea1n s\u1ebd nh\u1eadn \u0111\u01b0\u1ee3c th\u00eam t\u1ed1i \u0111a \u20ac 50, m\u1eb7c d\u00f9 c\u00e1c nh\u00e0 c\u00e1i kh\u00e1c s\u1ebd t\u0103ng g\u1ea5p \u0111\u00f4i kho\u1ea3n tr\u1ea3 tr\u01b0\u1edbc \u0111\u1ea7u ti\u00ean l\u00ean \u20ac 250 kh\u1ed5ng l\u1ed3 c\u1ee7a b\u1ea1n.<\/span><\/p>\n<h3><span style=\"color: #808080;\">M\u1ed9t l\u1ee3i \u00edch gia t\u0103ng, kh\u00f4ng c\u1ea7n ph\u1ea3i n\u00f3i<\/span><\/h3>\n<p><span style=\"color: #808080;\">ph\u1ea7n gi\u1edbi thi\u1ec7u ban \u0111\u1ea7u tuy\u1ec7t v\u1eddi. V\u00ec v\u1edbi 250 \u20ac \u0111\u01b0\u1ee3c th\u00eam v\u00e0o, b\u1ea1n c\u00f3 th\u1ec3 ngay l\u1eadp t\u1ee9c \u0111\u1eb7t r\u1ea5t nhi\u1ec1u c\u01b0\u1ee3c m\u1edbi. M\u1eb7c d\u00f9 v\u1eady, b\u1ea1n kh\u00f4ng \u0111\u01b0\u1ee3c l\u00e0m m\u1edd m\u1eaft b\u1edfi ki\u1ec3u th\u01b0\u1edfng cao n\u00e0y. V\u1edbi r\u1ea5t nhi\u1ec1u nh\u00e0 c\u00e1i, b\u1ea1n b\u1eaft bu\u1ed9c ph\u1ea3i tr\u1ea3i nghi\u1ec7m v\u00f2ng quay th\u01b0\u1edfng m\u1ed9t v\u00e0i l\u1ea7n. V\u00e0 b\u1ea1n c\u0169ng th\u01b0\u1eddng ch\u1ec9 \u0111\u01a1n gi\u1ea3n l\u00e0 c\u00f3 3 th\u00e1ng \u0111\u1ec3 \u0111\u1ea1t \u0111\u01b0\u1ee3c \u0111i\u1ec1u \u0111\u00f3. K\u1ef3 ti\u1ebfp theo, ph\u1ea7n th\u01b0\u1edfng th\u00eam ch\u00e0o m\u1eebng \u0111\u00e3 h\u1ebft h\u1ea1n. L\u1ee3i \u00edch cao l\u00e0 kh\u00f4ng c\u00f3 c\u00e2u h\u1ecfi h\u1ea5p d\u1eabn, nh\u01b0ng kh\u00f4ng cho ph\u00e9p n\u00f3 h\u01b0\u1edbng d\u1eabn b\u1ea1n nhi\u1ec1u<\/span><\/p>\n","protected":false},"excerpt":{"rendered":"Nh\u00e0 c\u00e1i Ch\u00e2u \u00c2u tr\u1ef1c tuy\u1ebfn Ch\u01a1i tr\u00ean web d\u01b0\u1eddng nh\u01b0 \u0111ang tr\u1edf n\u00ean ph\u1ed5 bi\u1ebfn h\u01a1n m\u1ed7i ng\u00e0y. T\u1ea1i Nh\u00e0 c\u00e1i Ch\u00e2u \u00c2u. ch\u00fang t\u00f4i bi\u1ebft r\u00f5 \u0111i\u1ec1u \u0111\u00f3. S\u1ef1 lo l\u1eafng th\u00e1i qu\u00e1 th\u00f4ng qua c\u00e1c ho\u1ea1t \u0111\u1ed9ng th\u1ec3 thao tr\u00f2 ch\u01a1i tr\u1ef1c tuy\u1ebfn, quy\u1ebft \u0111\u1ecbnh nhanh ch\u00f3ng \u1edf l\u1ea1i ch\u01a1i, v\u00e0 r\u1ee7i&#8230; <a class=\"view-article\" href=\"https:\/\/www.freebetsinfo.co.uk\/vi\/nh%c3%a0-c%c3%a1i-ch%c3%a2u-%c3%82u\/\">View Article<\/a>","protected":false},"author":1,"featured_media":29404,"parent":0,"menu_order":0,"comment_status":"closed","ping_status":"closed","template":"europe-sports-page-template.php","meta":{"_uag_custom_page_level_css":"","footnotes":""},"class_list":["post-29968","page","type-page","status-publish","has-post-thumbnail","hentry"],"yoast_head":"<!-- This site is optimized with the Yoast SEO Premium plugin v19.5 (Yoast SEO v27.5) - https:\/\/yoast.com\/product\/yoast-seo-premium-wordpress\/ -->\n<title>Nh\u00e0 c\u00e1i Ch\u00e2u \u00c2u , Trang web Nh\u00e0 c\u00e1i Tr\u1ef1c tuy\u1ebfn T\u1ed1t nh\u1ea5t.<\/title>\n<meta name=\"description\" content=\"Nh\u00e0 c\u00e1i Ch\u00e2u \u00c2u , \u01afu \u0111\u00e3i C\u01b0\u1ee3c Mi\u1ec5n ph\u00ed Tr\u1ef1c tuy\u1ebfn H\u00e0ng \u0111\u1ea7u. \u01afu \u0111\u00e3i C\u01b0\u1ee3c Mi\u1ec5n ph\u00ed - c\u01b0\u1ee3c b\u00f3ng \u0111\u00e1 mi\u1ec5n ph\u00ed. Top trang web c\u00e1 c\u01b0\u1ee3c tr\u1ef1c tuy\u1ebfn t\u1ed1t nh\u1ea5t \u1edf Ch\u00e2u \u00c2u.\" \/>\n<meta name=\"robots\" content=\"index, follow, max-snippet:-1, max-image-preview:large, max-video-preview:-1\" \/>\n<link rel=\"canonical\" href=\"https:\/\/www.freebetsinfo.co.uk\/vi\/nh%c3%a0-c%c3%a1i-ch%c3%a2u-%c3%82u\/\" \/>\n<meta property=\"og:locale\" content=\"vi_VN\" \/>\n<meta property=\"og:type\" content=\"article\" \/>\n<meta property=\"og:title\" content=\"Nh\u00e0 c\u00e1i Ch\u00e2u \u00c2u\" \/>\n<meta property=\"og:description\" content=\"Nh\u00e0 c\u00e1i Ch\u00e2u \u00c2u , \u01afu \u0111\u00e3i C\u01b0\u1ee3c Mi\u1ec5n ph\u00ed Tr\u1ef1c tuy\u1ebfn H\u00e0ng \u0111\u1ea7u. \u01afu \u0111\u00e3i C\u01b0\u1ee3c Mi\u1ec5n ph\u00ed - c\u01b0\u1ee3c b\u00f3ng \u0111\u00e1 mi\u1ec5n ph\u00ed. Top trang web c\u00e1 c\u01b0\u1ee3c tr\u1ef1c tuy\u1ebfn t\u1ed1t nh\u1ea5t \u1edf Ch\u00e2u \u00c2u.\" \/>\n<meta property=\"og:url\" content=\"https:\/\/www.freebetsinfo.co.uk\/vi\/nh%c3%a0-c%c3%a1i-ch%c3%a2u-%c3%82u\/\" \/>\n<meta property=\"og:site_name\" content=\"Mi\u1ec5n ph\u00ed C\u01b0\u1ee3c, tr\u1ef1c Tuy\u1ebfn C\u01b0\u1ee3c th\u00f4ng tin c\u00e1 C\u01b0\u1ee3c\" \/>\n<meta property=\"article:modified_time\" content=\"2021-07-09T07:59:15+00:00\" \/>\n<meta property=\"og:image\" content=\"https:\/\/www.freebetsinfo.co.uk\/wp-content\/uploads\/2021\/06\/Europe-1.png\" \/>\n\t<meta property=\"og:image:width\" content=\"302\" \/>\n\t<meta property=\"og:image:height\" content=\"220\" \/>\n\t<meta property=\"og:image:type\" content=\"image\/png\" \/>\n<meta name=\"twitter:card\" content=\"summary_large_image\" \/>\n<meta name=\"twitter:label1\" content=\"Est. reading time\" \/>\n\t<meta name=\"twitter:data1\" content=\"5 minutes\" \/>\n<script type=\"application\/ld+json\" class=\"yoast-schema-graph\">{\"@context\":\"https:\\\/\\\/schema.org\",\"@graph\":[{\"@type\":\"WebPage\",\"@id\":\"https:\\\/\\\/www.freebetsinfo.co.uk\\\/vi\\\/nh%c3%a0-c%c3%a1i-ch%c3%a2u-%c3%82u\\\/\",\"url\":\"https:\\\/\\\/www.freebetsinfo.co.uk\\\/vi\\\/nh%c3%a0-c%c3%a1i-ch%c3%a2u-%c3%82u\\\/\",\"name\":\"Nh\u00e0 c\u00e1i Ch\u00e2u \u00c2u , Trang web Nh\u00e0 c\u00e1i Tr\u1ef1c tuy\u1ebfn T\u1ed1t nh\u1ea5t.\",\"isPartOf\":{\"@id\":\"https:\\\/\\\/www.freebetsinfo.co.uk\\\/vi\\\/#website\"},\"primaryImageOfPage\":{\"@id\":\"https:\\\/\\\/www.freebetsinfo.co.uk\\\/vi\\\/nh%c3%a0-c%c3%a1i-ch%c3%a2u-%c3%82u\\\/#primaryimage\"},\"image\":{\"@id\":\"https:\\\/\\\/www.freebetsinfo.co.uk\\\/vi\\\/nh%c3%a0-c%c3%a1i-ch%c3%a2u-%c3%82u\\\/#primaryimage\"},\"thumbnailUrl\":\"https:\\\/\\\/www.freebetsinfo.co.uk\\\/wp-content\\\/uploads\\\/2021\\\/06\\\/Europe-1.png\",\"datePublished\":\"2021-06-27T04:05:13+00:00\",\"dateModified\":\"2021-07-09T07:59:15+00:00\",\"description\":\"Nh\u00e0 c\u00e1i Ch\u00e2u \u00c2u , \u01afu \u0111\u00e3i C\u01b0\u1ee3c Mi\u1ec5n ph\u00ed Tr\u1ef1c tuy\u1ebfn H\u00e0ng \u0111\u1ea7u. \u01afu \u0111\u00e3i C\u01b0\u1ee3c Mi\u1ec5n ph\u00ed - c\u01b0\u1ee3c b\u00f3ng \u0111\u00e1 mi\u1ec5n ph\u00ed. Top trang web c\u00e1 c\u01b0\u1ee3c tr\u1ef1c tuy\u1ebfn t\u1ed1t nh\u1ea5t \u1edf Ch\u00e2u \u00c2u.\",\"breadcrumb\":{\"@id\":\"https:\\\/\\\/www.freebetsinfo.co.uk\\\/vi\\\/nh%c3%a0-c%c3%a1i-ch%c3%a2u-%c3%82u\\\/#breadcrumb\"},\"inLanguage\":\"vi-VN\",\"potentialAction\":[{\"@type\":\"ReadAction\",\"target\":[\"https:\\\/\\\/www.freebetsinfo.co.uk\\\/vi\\\/nh%c3%a0-c%c3%a1i-ch%c3%a2u-%c3%82u\\\/\"]}]},{\"@type\":\"ImageObject\",\"inLanguage\":\"vi-VN\",\"@id\":\"https:\\\/\\\/www.freebetsinfo.co.uk\\\/vi\\\/nh%c3%a0-c%c3%a1i-ch%c3%a2u-%c3%82u\\\/#primaryimage\",\"url\":\"https:\\\/\\\/www.freebetsinfo.co.uk\\\/wp-content\\\/uploads\\\/2021\\\/06\\\/Europe-1.png\",\"contentUrl\":\"https:\\\/\\\/www.freebetsinfo.co.uk\\\/wp-content\\\/uploads\\\/2021\\\/06\\\/Europe-1.png\",\"width\":302,\"height\":220,\"caption\":\"Ch\u00e2u \u00c2u\"},{\"@type\":\"BreadcrumbList\",\"@id\":\"https:\\\/\\\/www.freebetsinfo.co.uk\\\/vi\\\/nh%c3%a0-c%c3%a1i-ch%c3%a2u-%c3%82u\\\/#breadcrumb\",\"itemListElement\":[{\"@type\":\"ListItem\",\"position\":1,\"name\":\"Home\",\"item\":\"https:\\\/\\\/www.freebetsinfo.co.uk\\\/vi\\\/\"},{\"@type\":\"ListItem\",\"position\":2,\"name\":\"Nh\u00e0 c\u00e1i Ch\u00e2u \u00c2u\"}]},{\"@type\":\"WebSite\",\"@id\":\"https:\\\/\\\/www.freebetsinfo.co.uk\\\/vi\\\/#website\",\"url\":\"https:\\\/\\\/www.freebetsinfo.co.uk\\\/vi\\\/\",\"name\":\"Mi\u1ec5n ph\u00ed C\u01b0\u1ee3c, tr\u1ef1c Tuy\u1ebfn C\u01b0\u1ee3c th\u00f4ng tin c\u00e1 C\u01b0\u1ee3c\",\"description\":\"T\u1ed1t nh\u1ea5t c\u00e1 C\u01b0\u1ee3c tr\u1ef1c Tuy\u1ebfn v\u00e0 Casino Kh\u00f4ng c\u00f3 Ti\u1ec1n Th\u01b0\u1edfng M\u00e3! \u2705Tr\u1ef1c Tuy\u1ebfn H\u00e0ng \u0110\u1ea7u Trang Web \u0110\u1eb7t C\u01b0\u1ee3c Gi\u00e1, \u2705T\u1ed1t Nh\u1ea5t S\u00f2ng B\u1ea1c Tr\u1ef1c Tuy\u1ebfn Ti\u1ec1n Th\u01b0\u1edfng!\",\"potentialAction\":[{\"@type\":\"SearchAction\",\"target\":{\"@type\":\"EntryPoint\",\"urlTemplate\":\"https:\\\/\\\/www.freebetsinfo.co.uk\\\/vi\\\/?s={search_term_string}\"},\"query-input\":{\"@type\":\"PropertyValueSpecification\",\"valueRequired\":true,\"valueName\":\"search_term_string\"}}],\"inLanguage\":\"vi-VN\"}]}<\/script>\n<!-- \/ Yoast SEO Premium plugin. -->","yoast_head_json":{"title":"Nh\u00e0 c\u00e1i Ch\u00e2u \u00c2u , Trang web Nh\u00e0 c\u00e1i Tr\u1ef1c tuy\u1ebfn T\u1ed1t nh\u1ea5t.","description":"Nh\u00e0 c\u00e1i Ch\u00e2u \u00c2u , \u01afu \u0111\u00e3i C\u01b0\u1ee3c Mi\u1ec5n ph\u00ed Tr\u1ef1c tuy\u1ebfn H\u00e0ng \u0111\u1ea7u. \u01afu \u0111\u00e3i C\u01b0\u1ee3c Mi\u1ec5n ph\u00ed - c\u01b0\u1ee3c b\u00f3ng \u0111\u00e1 mi\u1ec5n ph\u00ed. Top trang web c\u00e1 c\u01b0\u1ee3c tr\u1ef1c tuy\u1ebfn t\u1ed1t nh\u1ea5t \u1edf Ch\u00e2u \u00c2u.","robots":{"index":"index","follow":"follow","max-snippet":"max-snippet:-1","max-image-preview":"max-image-preview:large","max-video-preview":"max-video-preview:-1"},"canonical":"https:\/\/www.freebetsinfo.co.uk\/vi\/nh%c3%a0-c%c3%a1i-ch%c3%a2u-%c3%82u\/","og_locale":"vi_VN","og_type":"article","og_title":"Nh\u00e0 c\u00e1i Ch\u00e2u \u00c2u","og_description":"Nh\u00e0 c\u00e1i Ch\u00e2u \u00c2u , \u01afu \u0111\u00e3i C\u01b0\u1ee3c Mi\u1ec5n ph\u00ed Tr\u1ef1c tuy\u1ebfn H\u00e0ng \u0111\u1ea7u. \u01afu \u0111\u00e3i C\u01b0\u1ee3c Mi\u1ec5n ph\u00ed - c\u01b0\u1ee3c b\u00f3ng \u0111\u00e1 mi\u1ec5n ph\u00ed. Top trang web c\u00e1 c\u01b0\u1ee3c tr\u1ef1c tuy\u1ebfn t\u1ed1t nh\u1ea5t \u1edf Ch\u00e2u \u00c2u.","og_url":"https:\/\/www.freebetsinfo.co.uk\/vi\/nh%c3%a0-c%c3%a1i-ch%c3%a2u-%c3%82u\/","og_site_name":"Mi\u1ec5n ph\u00ed C\u01b0\u1ee3c, tr\u1ef1c Tuy\u1ebfn C\u01b0\u1ee3c th\u00f4ng tin c\u00e1 C\u01b0\u1ee3c","article_modified_time":"2021-07-09T07:59:15+00:00","og_image":[{"width":302,"height":220,"url":"https:\/\/www.freebetsinfo.co.uk\/wp-content\/uploads\/2021\/06\/Europe-1.png","type":"image\/png"}],"twitter_card":"summary_large_image","twitter_misc":{"Est. reading time":"5 minutes"},"schema":{"@context":"https:\/\/schema.org","@graph":[{"@type":"WebPage","@id":"https:\/\/www.freebetsinfo.co.uk\/vi\/nh%c3%a0-c%c3%a1i-ch%c3%a2u-%c3%82u\/","url":"https:\/\/www.freebetsinfo.co.uk\/vi\/nh%c3%a0-c%c3%a1i-ch%c3%a2u-%c3%82u\/","name":"Nh\u00e0 c\u00e1i Ch\u00e2u \u00c2u , Trang web Nh\u00e0 c\u00e1i Tr\u1ef1c tuy\u1ebfn T\u1ed1t nh\u1ea5t.","isPartOf":{"@id":"https:\/\/www.freebetsinfo.co.uk\/vi\/#website"},"primaryImageOfPage":{"@id":"https:\/\/www.freebetsinfo.co.uk\/vi\/nh%c3%a0-c%c3%a1i-ch%c3%a2u-%c3%82u\/#primaryimage"},"image":{"@id":"https:\/\/www.freebetsinfo.co.uk\/vi\/nh%c3%a0-c%c3%a1i-ch%c3%a2u-%c3%82u\/#primaryimage"},"thumbnailUrl":"https:\/\/www.freebetsinfo.co.uk\/wp-content\/uploads\/2021\/06\/Europe-1.png","datePublished":"2021-06-27T04:05:13+00:00","dateModified":"2021-07-09T07:59:15+00:00","description":"Nh\u00e0 c\u00e1i Ch\u00e2u \u00c2u , \u01afu \u0111\u00e3i C\u01b0\u1ee3c Mi\u1ec5n ph\u00ed Tr\u1ef1c tuy\u1ebfn H\u00e0ng \u0111\u1ea7u. \u01afu \u0111\u00e3i C\u01b0\u1ee3c Mi\u1ec5n ph\u00ed - c\u01b0\u1ee3c b\u00f3ng \u0111\u00e1 mi\u1ec5n ph\u00ed. Top trang web c\u00e1 c\u01b0\u1ee3c tr\u1ef1c tuy\u1ebfn t\u1ed1t nh\u1ea5t \u1edf Ch\u00e2u \u00c2u.","breadcrumb":{"@id":"https:\/\/www.freebetsinfo.co.uk\/vi\/nh%c3%a0-c%c3%a1i-ch%c3%a2u-%c3%82u\/#breadcrumb"},"inLanguage":"vi-VN","potentialAction":[{"@type":"ReadAction","target":["https:\/\/www.freebetsinfo.co.uk\/vi\/nh%c3%a0-c%c3%a1i-ch%c3%a2u-%c3%82u\/"]}]},{"@type":"ImageObject","inLanguage":"vi-VN","@id":"https:\/\/www.freebetsinfo.co.uk\/vi\/nh%c3%a0-c%c3%a1i-ch%c3%a2u-%c3%82u\/#primaryimage","url":"https:\/\/www.freebetsinfo.co.uk\/wp-content\/uploads\/2021\/06\/Europe-1.png","contentUrl":"https:\/\/www.freebetsinfo.co.uk\/wp-content\/uploads\/2021\/06\/Europe-1.png","width":302,"height":220,"caption":"Ch\u00e2u \u00c2u"},{"@type":"BreadcrumbList","@id":"https:\/\/www.freebetsinfo.co.uk\/vi\/nh%c3%a0-c%c3%a1i-ch%c3%a2u-%c3%82u\/#breadcrumb","itemListElement":[{"@type":"ListItem","position":1,"name":"Home","item":"https:\/\/www.freebetsinfo.co.uk\/vi\/"},{"@type":"ListItem","position":2,"name":"Nh\u00e0 c\u00e1i Ch\u00e2u \u00c2u"}]},{"@type":"WebSite","@id":"https:\/\/www.freebetsinfo.co.uk\/vi\/#website","url":"https:\/\/www.freebetsinfo.co.uk\/vi\/","name":"Mi\u1ec5n ph\u00ed C\u01b0\u1ee3c, tr\u1ef1c Tuy\u1ebfn C\u01b0\u1ee3c th\u00f4ng tin c\u00e1 C\u01b0\u1ee3c","description":"T\u1ed1t nh\u1ea5t c\u00e1 C\u01b0\u1ee3c tr\u1ef1c Tuy\u1ebfn v\u00e0 Casino Kh\u00f4ng c\u00f3 Ti\u1ec1n Th\u01b0\u1edfng M\u00e3! \u2705Tr\u1ef1c Tuy\u1ebfn H\u00e0ng \u0110\u1ea7u Trang Web \u0110\u1eb7t C\u01b0\u1ee3c Gi\u00e1, \u2705T\u1ed1t Nh\u1ea5t S\u00f2ng B\u1ea1c Tr\u1ef1c Tuy\u1ebfn Ti\u1ec1n Th\u01b0\u1edfng!","potentialAction":[{"@type":"SearchAction","target":{"@type":"EntryPoint","urlTemplate":"https:\/\/www.freebetsinfo.co.uk\/vi\/?s={search_term_string}"},"query-input":{"@type":"PropertyValueSpecification","valueRequired":true,"valueName":"search_term_string"}}],"inLanguage":"vi-VN"}]}},"uagb_featured_image_src":{"full":["https:\/\/www.freebetsinfo.co.uk\/wp-content\/uploads\/2021\/06\/Europe-1.png",302,220,false],"thumbnail":["https:\/\/www.freebetsinfo.co.uk\/wp-content\/uploads\/2021\/06\/Europe-1-150x150.png",150,150,true],"medium":["https:\/\/www.freebetsinfo.co.uk\/wp-content\/uploads\/2021\/06\/Europe-1-250x182.png",250,182,true],"medium_large":["https:\/\/www.freebetsinfo.co.uk\/wp-content\/uploads\/2021\/06\/Europe-1.png",302,220,false],"large":["https:\/\/www.freebetsinfo.co.uk\/wp-content\/uploads\/2021\/06\/Europe-1.png",302,220,false],"1536x1536":["https:\/\/www.freebetsinfo.co.uk\/wp-content\/uploads\/2021\/06\/Europe-1.png",302,220,false],"2048x2048":["https:\/\/www.freebetsinfo.co.uk\/wp-content\/uploads\/2021\/06\/Europe-1.png",302,220,false],"small":["https:\/\/www.freebetsinfo.co.uk\/wp-content\/uploads\/2021\/06\/Europe-1-120x87.png",120,87,true],"custom-size":["https:\/\/www.freebetsinfo.co.uk\/wp-content\/uploads\/2021\/06\/Europe-1-302x200.png",302,200,true]},"uagb_author_info":{"display_name":"\u7ba1\u7406","author_link":"https:\/\/www.freebetsinfo.co.uk\/vi\/author\/kdfl4q\/"},"uagb_comment_info":0,"uagb_excerpt":"Nh\u00e0 c\u00e1i Ch\u00e2u \u00c2u tr\u1ef1c tuy\u1ebfn Ch\u01a1i tr\u00ean web d\u01b0\u1eddng nh\u01b0 \u0111ang tr\u1edf n\u00ean ph\u1ed5 bi\u1ebfn h\u01a1n m\u1ed7i ng\u00e0y. T\u1ea1i Nh\u00e0 c\u00e1i Ch\u00e2u \u00c2u. ch\u00fang t\u00f4i bi\u1ebft r\u00f5 \u0111i\u1ec1u \u0111\u00f3. S\u1ef1 lo l\u1eafng th\u00e1i qu\u00e1 th\u00f4ng qua c\u00e1c ho\u1ea1t \u0111\u1ed9ng th\u1ec3 thao tr\u00f2 ch\u01a1i tr\u1ef1c tuy\u1ebfn, quy\u1ebft \u0111\u1ecbnh nhanh ch\u00f3ng \u1edf l\u1ea1i ch\u01a1i, v\u00e0 r\u1ee7i...&hellip;","_links":{"self":[{"href":"https:\/\/www.freebetsinfo.co.uk\/vi\/wp-json\/wp\/v2\/pages\/29968","targetHints":{"allow":["GET"]}}],"collection":[{"href":"https:\/\/www.freebetsinfo.co.uk\/vi\/wp-json\/wp\/v2\/pages"}],"about":[{"href":"https:\/\/www.freebetsinfo.co.uk\/vi\/wp-json\/wp\/v2\/types\/page"}],"author":[{"embeddable":true,"href":"https:\/\/www.freebetsinfo.co.uk\/vi\/wp-json\/wp\/v2\/users\/1"}],"replies":[{"embeddable":true,"href":"https:\/\/www.freebetsinfo.co.uk\/vi\/wp-json\/wp\/v2\/comments?post=29968"}],"version-history":[{"count":0,"href":"https:\/\/www.freebetsinfo.co.uk\/vi\/wp-json\/wp\/v2\/pages\/29968\/revisions"}],"wp:featuredmedia":[{"embeddable":true,"href":"https:\/\/www.freebetsinfo.co.uk\/vi\/wp-json\/wp\/v2\/media\/29404"}],"wp:attachment":[{"href":"https:\/\/www.freebetsinfo.co.uk\/vi\/wp-json\/wp\/v2\/media?parent=29968"}],"curies":[{"name":"wp","href":"https:\/\/api.w.org\/{rel}","templated":true}]}}