{"id":30804,"date":"2021-06-27T06:19:19","date_gmt":"2021-06-27T06:19:19","guid":{"rendered":"https:\/\/www.freebetsinfo.co.uk\/nha-cai-truc-tuyen-nga\/"},"modified":"2021-07-01T09:48:38","modified_gmt":"2021-07-01T09:48:38","slug":"nha-cai-truc-tuyen-nga","status":"publish","type":"page","link":"https:\/\/www.freebetsinfo.co.uk\/vi\/nha-cai-truc-tuyen-nga\/","title":{"rendered":"Nh\u00e0 c\u00e1i tr\u1ef1c tuy\u1ebfn Nga"},"content":{"rendered":"<h3><span style=\"color: #808080;\">Trang web c\u00e1 c\u01b0\u1ee3c tr\u1ef1c tuy\u1ebfn c\u1ee7a Nga<\/span><\/h3>\n<p><span style=\"color: #808080;\">Ch\u00fang t\u00f4i nghi\u00ean c\u1ee9u \u0111i\u1ec3m d\u1eebng \u0111\u1ea7u ti\u00ean c\u1ee7a th\u1ecb tr\u01b0\u1eddng Nh\u00e0 c\u00e1i Tr\u1ef1c tuy\u1ebfn Nga. N\u00f3 l\u00e0 \u0111\u1ec3 gi\u1edbi thi\u1ec7u c\u00e1c th\u00e0nh ph\u1ea7n ph\u1ed5 bi\u1ebfn nh\u1ea5t c\u1ee7a n\u00f3. Cu\u1ed1i c\u00f9ng, ch\u00fang t\u00f4i cung c\u1ea5p m\u1ed9t b\u1ea3n sao tr\u01b0\u1edbc.<\/span><br \/>\n<span style=\"color: #808080;\">Ho\u1ea1t \u0111\u1ed9ng th\u1ec3 thao t\u1ed1t nh\u1ea5t c\u1ee7a Nga c\u1edd b\u1ea1c. Danh s\u00e1ch cu\u1ed1i c\u00f9ng c\u1ee7a c\u00e1c trang web, v\u1ecb tr\u00ed c\u1ee7a c\u00e1c trang web n\u00e0y c\u00f3 ch\u1ea5t l\u01b0\u1ee3ng cao. T\u00f3m l\u1ea1i, nh\u1eefng nh\u00e0 c\u00e1i n\u00e0y c\u00f3 th\u1ec3 \u0111\u01b0\u1ee3c coi l\u00e0 tr\u00ean th\u1ecb tr\u01b0\u1eddng. M\u1ed9t s\u1ed1 nh\u00e0 s\u1ea3n xu\u1ea5t tr\u01b0\u1edfng th\u00e0nh v\u00e0 \u0111\u00e1ng tin c\u1eady nh\u1ea5t.<\/span><\/p>\n<h3><span style=\"color: #808080;\">Nh\u00e0 c\u00e1i ho\u00e0n h\u1ea3o cho ng\u01b0\u1eddi m\u1edbi<\/span><\/h3>\n<p><span style=\"color: #808080;\">Ch\u00fang \u0111\u01a1n gi\u1ea3n, l\u00e0nh m\u1ea1nh v\u00e0 cung c\u1ea5p ki\u1ebfn th\u1ee9c ch\u01a1i game t\u1ed5ng th\u1ec3 xu\u1ea5t s\u1eafc. \u0110\u1eb7t m\u1ed9t trong nh\u1eefng nh\u00e3n hi\u1ec7u n\u00e0y l\u1ea1i v\u1edbi nhau. N\u00f3 s\u1ebd \u0111\u01b0\u1ee3c \u0111\u1ed5i l\u1ea5y ti\u1ec1n b\u1ed3i th\u01b0\u1eddng nhanh ch\u00f3ng d\u01b0\u1edbi d\u1ea1ng ti\u1ec1n th\u01b0\u1edfng c\u1edd b\u1ea1c b\u1ed5 sung. N\u1ebfu b\u1ea1n \u0111ang t\u00ecm ki\u1ebfm m\u1ed9t trang web c\u1edd b\u1ea1c, xin h\u00e3y ti\u1ebfp t\u1ee5c s\u1eed d\u1ee5ng m\u1ed9t trong nh\u1eefng trang c\u00e1 c\u01b0\u1ee3c th\u1ec3 thao h\u00e0ng \u0111\u1ea7u c\u1ee7a Nga.<\/span><\/p>\n<h3><span style=\"color: #808080;\">\u0110i\u1ec1u ki\u1ec7n \u0111\u1ec3 t\u00ecm c\u00f4ng ty c\u00e1 c\u01b0\u1ee3c tr\u1ef1c tuy\u1ebfn t\u1ed1t nh\u1ea5t \u1edf Nga<\/span><\/h3>\n<p><span style=\"color: #808080;\">Ch\u00fang t\u00f4i s\u1eed d\u1ee5ng m\u01b0\u1eddi \u0111i\u1ec1u ki\u1ec7n ch\u00ednh. \u0110\u1ec3 nh\u1eafm m\u1ee5c ti\u00eau c\u00e1c trang web c\u1edd b\u1ea1c th\u1ec3 thao. M\u1ecdi ng\u01b0\u1eddi \u0111\u1ec1u c\u00f3 kinh nghi\u1ec7m th\u1ef1c t\u1ebf v\u1edbi nh\u1eefng ng\u01b0\u1eddi mua c\u1ee5 th\u1ec3 v\u00e0 \u0111\u00e2y l\u00e0 tr\u1ecdng t\u00e2m ch\u00ednh c\u1ee7a ch\u00fang t\u00f4i trong b\u00e0i vi\u1ebft n\u00e0y. T\u00f3m l\u1ea1i, c\u00e1c trang web t\u1ed1t nh\u1ea5t trong m\u1ed7i lo\u1ea1i \u1edf Li\u00ean bang Nga.<\/span><\/p>\n<p><span style=\"color: #808080;\">Ng\u01b0\u1eddi ch\u01a1i l\u1ea7n \u0111\u1ea7u. Ti\u00eau ch\u00ed quan tr\u1ecdng nh\u1ea5t \u0111\u01b0\u01a1ng nhi\u00ean l\u00e0 ti\u1ec1n th\u01b0\u1edfng ch\u00e0o m\u1eebng. C\u00e1c c\u00f4ng ty tr\u00f2 ch\u01a1i tr\u00ean kh\u1eafp th\u1ebf gi\u1edbi. C\u1ea3 hai \u0111\u1ec1u c\u00e2n nh\u1eafc vi\u1ec7c gi\u1edbi thi\u1ec7u ho\u1ea1t \u0111\u1ed9ng kinh doanh m\u1edbi b\u1eb1ng c\u00e1ch th\u1ef1c hi\u1ec7n ho\u1ea1t \u0111\u1ed9ng n\u00e0y.<\/span><br \/>\n<span style=\"color: #808080;\">\u0110\u1ed1i v\u1edbi nh\u1eefng ng\u01b0\u1eddi ch\u01a1i th\u1ef1c s\u1ef1 th\u00edch t\u1ef1 do t\u00e0i ch\u00ednh, \u0111i\u1ec1u quan tr\u1ecdng nh\u1ea5t l\u00e0 ph\u01b0\u01a1ng ph\u00e1p \u0111\u1ea7u t\u01b0 v\u00e0 h\u1ea1n ch\u1ebf th\u1ef1c hi\u1ec7n. K\u1ebft lu\u1eadn, B\u1ecf qua ph\u1ea7n y\u00eau th\u00edch v\u00e0 \u00edt y\u00eau th\u00edch nh\u1ea5t.<\/span><\/p>\n<h3><span style=\"color: #808080;\">C\u00e1c ho\u1ea1t \u0111\u1ed9ng th\u1ec3 thao h\u00e0ng \u0111\u1ea7u \u1edf Li\u00ean bang Nga<\/span><\/h3>\n<p><span style=\"color: #808080;\">C\u00f3 r\u1ea5t nhi\u1ec1u th\u1ecb tr\u01b0\u1eddng th\u1ec3 thao \u0111\u01b0\u1ee3c ph\u00e1t tri\u1ec3n r\u1ed9ng r\u00e3i tr\u00ean kh\u1eafp Li\u00ean bang Nga. T\u00f3m l\u1ea1i, C\u00e1c ho\u1ea1t \u0111\u1ed9ng th\u1ec3 thao ph\u1ed5 bi\u1ebfn nh\u1ea5t c\u00f3 th\u1ec3 \u0111\u01b0\u1ee3c xem, l\u1ef1a ch\u1ecdn v\u00e0 th\u1ef1c hi\u1ec7n.<\/span><br \/>\n<span style=\"color: #808080;\">Nga r\u1ea5t h\u1ea5p d\u1eabn v\u1edbi c\u00e1c trang c\u00e1 c\u01b0\u1ee3c th\u1ec3 thao v\u00e0 ng\u01b0\u1eddi d\u00e2n \u0111\u1ecba ph\u01b0\u01a1ng th\u00edch tu\u00e2n th\u1ee7. Gi\u1edbi thi\u1ec7u chi ti\u1ebft c\u00e1c ho\u1ea1t \u0111\u1ed9ng th\u1ec3 thao.<\/span><\/p>\n<h3><span style=\"color: #808080;\">Th\u1ec3 thao ch\u1ec9 l\u00e0 m\u1ed9t trang web thi \u0111\u1ea5u c\u1ee7a Nga<\/span><\/h3>\n<p><span style=\"color: #808080;\">Nga l\u00e0 m\u1ed9t khu v\u1ef1c \u0111ang ph\u00e1t tri\u1ec3n do nhu c\u1ea7u c\u1ee7a th\u1ecb tr\u01b0\u1eddng t\u1ed5 ch\u1ee9c s\u1ef1 ki\u1ec7n th\u1ec3 thao ch\u00ednh c\u1ee7a n\u01b0\u1edbc n\u00e0y, nh\u01b0ng c\u00f3 r\u1ea5t nhi\u1ec1u khu v\u1ef1c m\u00e0 ch\u00fang t\u00f4i ch\u01b0a \u0111\u1ec1 c\u1eadp chi ti\u1ebft trong b\u00e0i vi\u1ebft n\u00e0y. T\u00f3m l\u1ea1i, ng\u01b0\u1eddi ti\u00eau d\u00f9ng \u0111\u1eb7t c\u01b0\u1ee3c v\u00e0o c\u00e1c m\u00f4n th\u1ec3 thao trong khu v\u1ef1c c\u00f3 nhi\u1ec1u kh\u1ea3 n\u0103ng h\u01a1n trong t\u00e2m tr\u00ed c\u1ee7a h\u1ecd.<\/span><\/p>\n<h3><span style=\"color: #808080;\">Danh s\u00e1ch c\u00e1c t\u00f9y ch\u1ecdn tr\u00f2 ch\u01a1i \u0111i\u1ec7n t\u1eed \u1edf Li\u00ean bang Nga<\/span><\/h3>\n<p><span style=\"color: #808080;\">Ch\u00fang t\u00f4i xem c\u00e1c ph\u00e2n kh\u00fac th\u1ecb tr\u01b0\u1eddng ho\u1ea1t \u0111\u1ed9ng th\u1ec3 thao kh\u00e1c nhau c\u00f3 ph\u1ea1m vi r\u1ed9ng. Ch\u00eca kh\u00f3a c\u1ee7a b\u1ea3ng x\u1ebfp h\u1ea1ng c\u1ee5 th\u1ec3 n\u00e0y l\u00e0 s\u00e1u s\u1ef1 th\u1eadt trong b\u1ea3ng n\u00f3i tr\u00ean.<\/span><\/p>\n<p><span style=\"color: #808080;\">Th\u1ef1c t\u1ebf c\u00f3 r\u1ea5t nhi\u1ec1u tr\u00f2 ch\u01a1i kh\u00e1c cho ng\u01b0\u1eddi ch\u01a1i l\u1ef1a ch\u1ecdn. T\u00f3m l\u1ea1i, m\u1ed9t c\u00e1 c\u01b0\u1ee3c th\u1ec3 thao \u0111i\u1ec3n h\u00ecnh c\u1ee7a Nga s\u1ebd bao g\u1ed3m h\u01a1n 30 th\u1ecb tr\u01b0\u1eddng c\u00e1 c\u01b0\u1ee3c th\u1ec3 thao. N\u00f3 c\u00f3 s\u1ef1 b\u1ec1n b\u1ec9 tuy\u1ec7t v\u1eddi trong m\u1ed9t gi\u1ea3i \u0111\u1ea5u trong m\u1ed9t s\u1ef1 ki\u1ec7n th\u1ec3 thao c\u1ee5 th\u1ec3.<\/span><\/p>\n<h3><span style=\"color: #808080;\">T\u00f3m l\u1ea1i, T\u1ef7 l\u1ec7 c\u01b0\u1ee3c, t\u1ef7 l\u1ec7 c\u01b0\u1ee3c v\u00e0 m\u1ee5c y\u00eau th\u00edch c\u1ee7a c\u00e1c nh\u00e0 c\u00e1i t\u1ed1t nh\u1ea5t<\/span><\/h3>\n<p><span style=\"color: #808080;\">Ho\u00e0n to\u00e0n kh\u00f4ng c\u00f3 s\u1ef1 c\u00e2n nh\u1eafc n\u00e0o quan tr\u1ecdng h\u01a1n nh\u00e0 c\u00e1i c\u00e1 c\u01b0\u1ee3c t\u1ef7 l\u1ec7 c\u01b0\u1ee3c t\u1ed1t nh\u1ea5t. K\u1ebft lu\u1eadn, Ch\u00fang t\u00f4i ho\u00e0n to\u00e0n b\u1ea3o v\u1ec7 b\u1ea1n khi ph\u00e1t hi\u1ec7n ra c\u00e1 c\u01b0\u1ee3c th\u1ec3 thao quan tr\u1ecdng nh\u1ea5t \u1edf Li\u00ean bang Nga.<\/span><\/p>\n<p><span style=\"color: #808080;\">K\u1ebft lu\u1eadn, c\u00e1c chuy\u00ean gia c\u1ee7a ch\u00fang t\u00f4i \u0111\u00e3 nghi\u00ean c\u1ee9u c\u1ea9n th\u1eadn t\u1ea5t c\u1ea3 c\u00e1c l\u1ef1a ch\u1ecdn c\u00f3 s\u1eb5n cho ng\u01b0\u1eddi \u0111\u1eb7t c\u01b0\u1ee3c trong th\u1ecb tr\u01b0\u1eddng c\u1ee5 th\u1ec3 n\u00e0y v\u00e0 s\u1ebd ti\u1ebft l\u1ed9 ai c\u00f3 t\u1ef7 l\u1ec7 c\u01b0\u1ee3c cao nh\u1ea5t.<\/span><\/p>\n<p>&nbsp;<\/p>\n","protected":false},"excerpt":{"rendered":"Trang web c\u00e1 c\u01b0\u1ee3c tr\u1ef1c tuy\u1ebfn c\u1ee7a Nga Ch\u00fang t\u00f4i nghi\u00ean c\u1ee9u \u0111i\u1ec3m d\u1eebng \u0111\u1ea7u ti\u00ean c\u1ee7a th\u1ecb tr\u01b0\u1eddng Nh\u00e0 c\u00e1i Tr\u1ef1c tuy\u1ebfn Nga. N\u00f3 l\u00e0 \u0111\u1ec3 gi\u1edbi thi\u1ec7u c\u00e1c th\u00e0nh ph\u1ea7n ph\u1ed5 bi\u1ebfn nh\u1ea5t c\u1ee7a n\u00f3. Cu\u1ed1i c\u00f9ng, ch\u00fang t\u00f4i cung c\u1ea5p m\u1ed9t b\u1ea3n sao tr\u01b0\u1edbc. Ho\u1ea1t \u0111\u1ed9ng th\u1ec3 thao t\u1ed1t nh\u1ea5t c\u1ee7a Nga&#8230; <a class=\"view-article\" href=\"https:\/\/www.freebetsinfo.co.uk\/vi\/nha-cai-truc-tuyen-nga\/\">View Article<\/a>","protected":false},"author":1,"featured_media":0,"parent":0,"menu_order":0,"comment_status":"closed","ping_status":"closed","template":"europe-sports-page-template.php","meta":{"_uag_custom_page_level_css":"","footnotes":""},"class_list":["post-30804","page","type-page","status-publish","hentry"],"yoast_head":"<!-- This site is optimized with the Yoast SEO Premium plugin v19.5 (Yoast SEO v27.5) - https:\/\/yoast.com\/product\/yoast-seo-premium-wordpress\/ -->\n<title>Nh\u00e0 c\u00e1i tr\u1ef1c tuy\u1ebfn Nga , Nh\u00e0 c\u00e1i Tr\u1ef1c tuy\u1ebfn T\u1ed1t nh\u1ea5t.<\/title>\n<meta name=\"description\" content=\"Nh\u00e0 c\u00e1i tr\u1ef1c tuy\u1ebfn Nga , Nh\u00e0 c\u00e1i Tr\u1ef1c tuy\u1ebfn Nga. Nh\u1eadn \u01b0u \u0111\u00e3i mi\u1ec5n ph\u00ed \u0111\u1ed9c quy\u1ec1n. Trang web An to\u00e0n &amp; B\u1ea3o m\u1eadt. Ti\u1ec1n th\u01b0\u1edfng ch\u00e0o m\u1eebng cao nh\u1ea5t\" \/>\n<meta name=\"robots\" content=\"index, follow, max-snippet:-1, max-image-preview:large, max-video-preview:-1\" \/>\n<link rel=\"canonical\" href=\"https:\/\/www.freebetsinfo.co.uk\/vi\/nha-cai-truc-tuyen-nga\/\" \/>\n<meta property=\"og:locale\" content=\"vi_VN\" \/>\n<meta property=\"og:type\" content=\"article\" \/>\n<meta property=\"og:title\" content=\"Nh\u00e0 c\u00e1i tr\u1ef1c tuy\u1ebfn Nga\" \/>\n<meta property=\"og:description\" content=\"Nh\u00e0 c\u00e1i tr\u1ef1c tuy\u1ebfn Nga , Nh\u00e0 c\u00e1i Tr\u1ef1c tuy\u1ebfn Nga. Nh\u1eadn \u01b0u \u0111\u00e3i mi\u1ec5n ph\u00ed \u0111\u1ed9c quy\u1ec1n. Trang web An to\u00e0n &amp; B\u1ea3o m\u1eadt. Ti\u1ec1n th\u01b0\u1edfng ch\u00e0o m\u1eebng cao nh\u1ea5t\" \/>\n<meta property=\"og:url\" content=\"https:\/\/www.freebetsinfo.co.uk\/vi\/nha-cai-truc-tuyen-nga\/\" \/>\n<meta property=\"og:site_name\" content=\"Mi\u1ec5n ph\u00ed C\u01b0\u1ee3c, tr\u1ef1c Tuy\u1ebfn C\u01b0\u1ee3c th\u00f4ng tin c\u00e1 C\u01b0\u1ee3c\" \/>\n<meta property=\"article:modified_time\" content=\"2021-07-01T09:48:38+00:00\" \/>\n<meta name=\"twitter:card\" content=\"summary_large_image\" \/>\n<meta name=\"twitter:label1\" content=\"Est. reading time\" \/>\n\t<meta name=\"twitter:data1\" content=\"5 minutes\" \/>\n<script type=\"application\/ld+json\" class=\"yoast-schema-graph\">{\"@context\":\"https:\\\/\\\/schema.org\",\"@graph\":[{\"@type\":\"WebPage\",\"@id\":\"https:\\\/\\\/www.freebetsinfo.co.uk\\\/vi\\\/nha-cai-truc-tuyen-nga\\\/\",\"url\":\"https:\\\/\\\/www.freebetsinfo.co.uk\\\/vi\\\/nha-cai-truc-tuyen-nga\\\/\",\"name\":\"Nh\u00e0 c\u00e1i tr\u1ef1c tuy\u1ebfn Nga , Nh\u00e0 c\u00e1i Tr\u1ef1c tuy\u1ebfn T\u1ed1t nh\u1ea5t.\",\"isPartOf\":{\"@id\":\"https:\\\/\\\/www.freebetsinfo.co.uk\\\/vi\\\/#website\"},\"datePublished\":\"2021-06-27T06:19:19+00:00\",\"dateModified\":\"2021-07-01T09:48:38+00:00\",\"description\":\"Nh\u00e0 c\u00e1i tr\u1ef1c tuy\u1ebfn Nga , Nh\u00e0 c\u00e1i Tr\u1ef1c tuy\u1ebfn Nga. Nh\u1eadn \u01b0u \u0111\u00e3i mi\u1ec5n ph\u00ed \u0111\u1ed9c quy\u1ec1n. Trang web An to\u00e0n & B\u1ea3o m\u1eadt. Ti\u1ec1n th\u01b0\u1edfng ch\u00e0o m\u1eebng cao nh\u1ea5t\",\"breadcrumb\":{\"@id\":\"https:\\\/\\\/www.freebetsinfo.co.uk\\\/vi\\\/nha-cai-truc-tuyen-nga\\\/#breadcrumb\"},\"inLanguage\":\"vi-VN\",\"potentialAction\":[{\"@type\":\"ReadAction\",\"target\":[\"https:\\\/\\\/www.freebetsinfo.co.uk\\\/vi\\\/nha-cai-truc-tuyen-nga\\\/\"]}]},{\"@type\":\"BreadcrumbList\",\"@id\":\"https:\\\/\\\/www.freebetsinfo.co.uk\\\/vi\\\/nha-cai-truc-tuyen-nga\\\/#breadcrumb\",\"itemListElement\":[{\"@type\":\"ListItem\",\"position\":1,\"name\":\"Home\",\"item\":\"https:\\\/\\\/www.freebetsinfo.co.uk\\\/vi\\\/\"},{\"@type\":\"ListItem\",\"position\":2,\"name\":\"Nh\u00e0 c\u00e1i tr\u1ef1c tuy\u1ebfn Nga\"}]},{\"@type\":\"WebSite\",\"@id\":\"https:\\\/\\\/www.freebetsinfo.co.uk\\\/vi\\\/#website\",\"url\":\"https:\\\/\\\/www.freebetsinfo.co.uk\\\/vi\\\/\",\"name\":\"Mi\u1ec5n ph\u00ed C\u01b0\u1ee3c, tr\u1ef1c Tuy\u1ebfn C\u01b0\u1ee3c th\u00f4ng tin c\u00e1 C\u01b0\u1ee3c\",\"description\":\"T\u1ed1t nh\u1ea5t c\u00e1 C\u01b0\u1ee3c tr\u1ef1c Tuy\u1ebfn v\u00e0 Casino Kh\u00f4ng c\u00f3 Ti\u1ec1n Th\u01b0\u1edfng M\u00e3! \u2705Tr\u1ef1c Tuy\u1ebfn H\u00e0ng \u0110\u1ea7u Trang Web \u0110\u1eb7t C\u01b0\u1ee3c Gi\u00e1, \u2705T\u1ed1t Nh\u1ea5t S\u00f2ng B\u1ea1c Tr\u1ef1c Tuy\u1ebfn Ti\u1ec1n Th\u01b0\u1edfng!\",\"potentialAction\":[{\"@type\":\"SearchAction\",\"target\":{\"@type\":\"EntryPoint\",\"urlTemplate\":\"https:\\\/\\\/www.freebetsinfo.co.uk\\\/vi\\\/?s={search_term_string}\"},\"query-input\":{\"@type\":\"PropertyValueSpecification\",\"valueRequired\":true,\"valueName\":\"search_term_string\"}}],\"inLanguage\":\"vi-VN\"}]}<\/script>\n<!-- \/ Yoast SEO Premium plugin. -->","yoast_head_json":{"title":"Nh\u00e0 c\u00e1i tr\u1ef1c tuy\u1ebfn Nga , Nh\u00e0 c\u00e1i Tr\u1ef1c tuy\u1ebfn T\u1ed1t nh\u1ea5t.","description":"Nh\u00e0 c\u00e1i tr\u1ef1c tuy\u1ebfn Nga , Nh\u00e0 c\u00e1i Tr\u1ef1c tuy\u1ebfn Nga. Nh\u1eadn \u01b0u \u0111\u00e3i mi\u1ec5n ph\u00ed \u0111\u1ed9c quy\u1ec1n. Trang web An to\u00e0n & B\u1ea3o m\u1eadt. Ti\u1ec1n th\u01b0\u1edfng ch\u00e0o m\u1eebng cao nh\u1ea5t","robots":{"index":"index","follow":"follow","max-snippet":"max-snippet:-1","max-image-preview":"max-image-preview:large","max-video-preview":"max-video-preview:-1"},"canonical":"https:\/\/www.freebetsinfo.co.uk\/vi\/nha-cai-truc-tuyen-nga\/","og_locale":"vi_VN","og_type":"article","og_title":"Nh\u00e0 c\u00e1i tr\u1ef1c tuy\u1ebfn Nga","og_description":"Nh\u00e0 c\u00e1i tr\u1ef1c tuy\u1ebfn Nga , Nh\u00e0 c\u00e1i Tr\u1ef1c tuy\u1ebfn Nga. Nh\u1eadn \u01b0u \u0111\u00e3i mi\u1ec5n ph\u00ed \u0111\u1ed9c quy\u1ec1n. Trang web An to\u00e0n & B\u1ea3o m\u1eadt. Ti\u1ec1n th\u01b0\u1edfng ch\u00e0o m\u1eebng cao nh\u1ea5t","og_url":"https:\/\/www.freebetsinfo.co.uk\/vi\/nha-cai-truc-tuyen-nga\/","og_site_name":"Mi\u1ec5n ph\u00ed C\u01b0\u1ee3c, tr\u1ef1c Tuy\u1ebfn C\u01b0\u1ee3c th\u00f4ng tin c\u00e1 C\u01b0\u1ee3c","article_modified_time":"2021-07-01T09:48:38+00:00","twitter_card":"summary_large_image","twitter_misc":{"Est. reading time":"5 minutes"},"schema":{"@context":"https:\/\/schema.org","@graph":[{"@type":"WebPage","@id":"https:\/\/www.freebetsinfo.co.uk\/vi\/nha-cai-truc-tuyen-nga\/","url":"https:\/\/www.freebetsinfo.co.uk\/vi\/nha-cai-truc-tuyen-nga\/","name":"Nh\u00e0 c\u00e1i tr\u1ef1c tuy\u1ebfn Nga , Nh\u00e0 c\u00e1i Tr\u1ef1c tuy\u1ebfn T\u1ed1t nh\u1ea5t.","isPartOf":{"@id":"https:\/\/www.freebetsinfo.co.uk\/vi\/#website"},"datePublished":"2021-06-27T06:19:19+00:00","dateModified":"2021-07-01T09:48:38+00:00","description":"Nh\u00e0 c\u00e1i tr\u1ef1c tuy\u1ebfn Nga , Nh\u00e0 c\u00e1i Tr\u1ef1c tuy\u1ebfn Nga. Nh\u1eadn \u01b0u \u0111\u00e3i mi\u1ec5n ph\u00ed \u0111\u1ed9c quy\u1ec1n. Trang web An to\u00e0n & B\u1ea3o m\u1eadt. Ti\u1ec1n th\u01b0\u1edfng ch\u00e0o m\u1eebng cao nh\u1ea5t","breadcrumb":{"@id":"https:\/\/www.freebetsinfo.co.uk\/vi\/nha-cai-truc-tuyen-nga\/#breadcrumb"},"inLanguage":"vi-VN","potentialAction":[{"@type":"ReadAction","target":["https:\/\/www.freebetsinfo.co.uk\/vi\/nha-cai-truc-tuyen-nga\/"]}]},{"@type":"BreadcrumbList","@id":"https:\/\/www.freebetsinfo.co.uk\/vi\/nha-cai-truc-tuyen-nga\/#breadcrumb","itemListElement":[{"@type":"ListItem","position":1,"name":"Home","item":"https:\/\/www.freebetsinfo.co.uk\/vi\/"},{"@type":"ListItem","position":2,"name":"Nh\u00e0 c\u00e1i tr\u1ef1c tuy\u1ebfn Nga"}]},{"@type":"WebSite","@id":"https:\/\/www.freebetsinfo.co.uk\/vi\/#website","url":"https:\/\/www.freebetsinfo.co.uk\/vi\/","name":"Mi\u1ec5n ph\u00ed C\u01b0\u1ee3c, tr\u1ef1c Tuy\u1ebfn C\u01b0\u1ee3c th\u00f4ng tin c\u00e1 C\u01b0\u1ee3c","description":"T\u1ed1t nh\u1ea5t c\u00e1 C\u01b0\u1ee3c tr\u1ef1c Tuy\u1ebfn v\u00e0 Casino Kh\u00f4ng c\u00f3 Ti\u1ec1n Th\u01b0\u1edfng M\u00e3! \u2705Tr\u1ef1c Tuy\u1ebfn H\u00e0ng \u0110\u1ea7u Trang Web \u0110\u1eb7t C\u01b0\u1ee3c Gi\u00e1, \u2705T\u1ed1t Nh\u1ea5t S\u00f2ng B\u1ea1c Tr\u1ef1c Tuy\u1ebfn Ti\u1ec1n Th\u01b0\u1edfng!","potentialAction":[{"@type":"SearchAction","target":{"@type":"EntryPoint","urlTemplate":"https:\/\/www.freebetsinfo.co.uk\/vi\/?s={search_term_string}"},"query-input":{"@type":"PropertyValueSpecification","valueRequired":true,"valueName":"search_term_string"}}],"inLanguage":"vi-VN"}]}},"uagb_featured_image_src":{"full":false,"thumbnail":false,"medium":false,"medium_large":false,"large":false,"1536x1536":false,"2048x2048":false,"small":false,"custom-size":false},"uagb_author_info":{"display_name":"\u7ba1\u7406","author_link":"https:\/\/www.freebetsinfo.co.uk\/vi\/author\/kdfl4q\/"},"uagb_comment_info":0,"uagb_excerpt":"Trang web c\u00e1 c\u01b0\u1ee3c tr\u1ef1c tuy\u1ebfn c\u1ee7a Nga Ch\u00fang t\u00f4i nghi\u00ean c\u1ee9u \u0111i\u1ec3m d\u1eebng \u0111\u1ea7u ti\u00ean c\u1ee7a th\u1ecb tr\u01b0\u1eddng Nh\u00e0 c\u00e1i Tr\u1ef1c tuy\u1ebfn Nga. N\u00f3 l\u00e0 \u0111\u1ec3 gi\u1edbi thi\u1ec7u c\u00e1c th\u00e0nh ph\u1ea7n ph\u1ed5 bi\u1ebfn nh\u1ea5t c\u1ee7a n\u00f3. Cu\u1ed1i c\u00f9ng, ch\u00fang t\u00f4i cung c\u1ea5p m\u1ed9t b\u1ea3n sao tr\u01b0\u1edbc. Ho\u1ea1t \u0111\u1ed9ng th\u1ec3 thao t\u1ed1t nh\u1ea5t c\u1ee7a Nga...&hellip;","_links":{"self":[{"href":"https:\/\/www.freebetsinfo.co.uk\/vi\/wp-json\/wp\/v2\/pages\/30804","targetHints":{"allow":["GET"]}}],"collection":[{"href":"https:\/\/www.freebetsinfo.co.uk\/vi\/wp-json\/wp\/v2\/pages"}],"about":[{"href":"https:\/\/www.freebetsinfo.co.uk\/vi\/wp-json\/wp\/v2\/types\/page"}],"author":[{"embeddable":true,"href":"https:\/\/www.freebetsinfo.co.uk\/vi\/wp-json\/wp\/v2\/users\/1"}],"replies":[{"embeddable":true,"href":"https:\/\/www.freebetsinfo.co.uk\/vi\/wp-json\/wp\/v2\/comments?post=30804"}],"version-history":[{"count":0,"href":"https:\/\/www.freebetsinfo.co.uk\/vi\/wp-json\/wp\/v2\/pages\/30804\/revisions"}],"wp:attachment":[{"href":"https:\/\/www.freebetsinfo.co.uk\/vi\/wp-json\/wp\/v2\/media?parent=30804"}],"curies":[{"name":"wp","href":"https:\/\/api.w.org\/{rel}","templated":true}]}}